{"id":5081,"date":"2025-06-16T15:19:31","date_gmt":"2025-06-16T13:19:31","guid":{"rendered":"https:\/\/www.ferienwohnung-italien-apulien-salento-parabita.de\/information-zu-immobilien\/"},"modified":"2025-08-03T16:40:58","modified_gmt":"2025-08-03T14:40:58","slug":"information-zu-immobilien","status":"publish","type":"page","link":"https:\/\/www.ferienwohnung-italien-apulien-salento-parabita.de\/es\/information-zu-immobilien\/","title":{"rendered":"Informaci\u00f3n sobre propiedades inmobiliarias"},"content":{"rendered":"\n<div class=\"wp-block-getwid-image-box is-style-rounded has-image-right has-text-left has-mobile-layout-column has-mobile-alignment-default\"><div class=\"wp-block-getwid-image-box__image-container is-position-middle\"><div class=\"wp-block-getwid-image-box__image-wrapper\"><img loading=\"lazy\" decoding=\"async\" width=\"1641\" height=\"2560\" src=\"https:\/\/www.ferienwohnung-italien-apulien-salento-parabita.de\/wp-content\/uploads\/2025\/06\/Imobilien.jpg\" alt=\"\" class=\"wp-block-getwid-image-box__image wp-image-6197\" srcset=\"https:\/\/www.ferienwohnung-italien-apulien-salento-parabita.de\/wp-content\/uploads\/2025\/06\/Imobilien.jpg 1641w, https:\/\/www.ferienwohnung-italien-apulien-salento-parabita.de\/wp-content\/uploads\/2025\/06\/Imobilien-192x300.jpg 192w, https:\/\/www.ferienwohnung-italien-apulien-salento-parabita.de\/wp-content\/uploads\/2025\/06\/Imobilien-656x1024.jpg 656w, https:\/\/www.ferienwohnung-italien-apulien-salento-parabita.de\/wp-content\/uploads\/2025\/06\/Imobilien-768x1198.jpg 768w, https:\/\/www.ferienwohnung-italien-apulien-salento-parabita.de\/wp-content\/uploads\/2025\/06\/Imobilien-985x1536.jpg 985w, https:\/\/www.ferienwohnung-italien-apulien-salento-parabita.de\/wp-content\/uploads\/2025\/06\/Imobilien-1313x2048.jpg 1313w, https:\/\/www.ferienwohnung-italien-apulien-salento-parabita.de\/wp-content\/uploads\/2025\/06\/Imobilien-892x1392.jpg 892w, https:\/\/www.ferienwohnung-italien-apulien-salento-parabita.de\/wp-content\/uploads\/2025\/06\/Imobilien-1350x2106.jpg 1350w\" sizes=\"auto, (max-width: 1641px) 100vw, 1641px\" \/><\/div><\/div><div class=\"wp-block-getwid-image-box__content\">\n<h3 class=\"wp-block-heading has-text-align-left\">La propiedad de sus sue\u00f1os en Apulia, Italia<\/h3>\n\n\n\n<p><\/p>\n\n\n\n<p>Si desea adquirir un apartamento vacacional en la zona de Salento, Italia, en la regi\u00f3n de Lecce, Gal\u00edpoli y sus alrededores <\/p>\n\n\n\n<p class=\"has-text-align-left\">o un piso, casa de ciudad, casa independiente, casa de campo\/granja o villa, estaremos encantados de ayudarle.<\/p>\n\n\n\n<p><strong>Estaremos encantados de compartir con usted nuestra experiencia&#8230;<\/strong><\/p>\n\n\n\n<p>Desde la b\u00fasqueda del inmueble adecuado que se ajuste a usted o a sus planes, la planificaci\u00f3n de la estimaci\u00f3n real y veraz de los costes de renovaci\u00f3n\/rehabilitaci\u00f3n y la obtenci\u00f3n de ofertas de las empresas adecuadas y \u00a1\u00a1socios!! locales fiables, hasta el control y la aplicaci\u00f3n moderna de su proyecto y la planificaci\u00f3n del dise\u00f1o,  <\/p>\n\n\n\n<p>As\u00ed como la decoraci\u00f3n de su inmueble con todos los muebles, l\u00e1mparas y equipamiento correspondiente y la planificaci\u00f3n de los costes, hasta los artesanos y la planificaci\u00f3n de los asuntos legales in situ.<\/p>\n\n\n\n<p>Y, si es necesario, la comercializaci\u00f3n de su inmueble como B&amp;B o similar en la web y en las plataformas.<\/p>\n\n\n\n<p><strong>As\u00ed como la programaci\u00f3n y el dise\u00f1o de su sitio web\/p\u00e1gina de inicio y tambi\u00e9n el alojamiento web, si lo desea en nuestros propios servidores en Alemania<\/strong><\/p>\n\n\n\n<p>Nuestro consejo es que hay muchos caminos para alcanzar su objetivo: benef\u00edciese de nuestra experiencia<\/p>\n\n\n\n<p>Estamos a su disposici\u00f3n: preg\u00fantenos qu\u00e9 podemos hacer por usted&#8230;<\/p>\n\n\n\n<p><\/p>\n<\/div><\/div>\n\n<p><\/p>\n","protected":false},"excerpt":{"rendered":"","protected":false},"author":1,"featured_media":0,"parent":0,"menu_order":0,"comment_status":"closed","ping_status":"closed","template":"template-wider-page.php","meta":{"om_disable_all_campaigns":false,"inline_featured_image":false,"_monsterinsights_skip_tracking":false,"_monsterinsights_sitenote_active":false,"_monsterinsights_sitenote_note":"","_monsterinsights_sitenote_category":0,"footnotes":""},"class_list":["post-5081","page","type-page","status-publish","hentry"],"aioseo_notices":[],"_links":{"self":[{"href":"https:\/\/www.ferienwohnung-italien-apulien-salento-parabita.de\/es\/wp-json\/wp\/v2\/pages\/5081","targetHints":{"allow":["GET"]}}],"collection":[{"href":"https:\/\/www.ferienwohnung-italien-apulien-salento-parabita.de\/es\/wp-json\/wp\/v2\/pages"}],"about":[{"href":"https:\/\/www.ferienwohnung-italien-apulien-salento-parabita.de\/es\/wp-json\/wp\/v2\/types\/page"}],"author":[{"embeddable":true,"href":"https:\/\/www.ferienwohnung-italien-apulien-salento-parabita.de\/es\/wp-json\/wp\/v2\/users\/1"}],"replies":[{"embeddable":true,"href":"https:\/\/www.ferienwohnung-italien-apulien-salento-parabita.de\/es\/wp-json\/wp\/v2\/comments?post=5081"}],"version-history":[{"count":9,"href":"https:\/\/www.ferienwohnung-italien-apulien-salento-parabita.de\/es\/wp-json\/wp\/v2\/pages\/5081\/revisions"}],"predecessor-version":[{"id":9544,"href":"https:\/\/www.ferienwohnung-italien-apulien-salento-parabita.de\/es\/wp-json\/wp\/v2\/pages\/5081\/revisions\/9544"}],"wp:attachment":[{"href":"https:\/\/www.ferienwohnung-italien-apulien-salento-parabita.de\/es\/wp-json\/wp\/v2\/media?parent=5081"}],"curies":[{"name":"wp","href":"https:\/\/api.w.org\/{rel}","templated":true}]}}