{"id":5127,"date":"2025-06-16T15:17:56","date_gmt":"2025-06-16T13:17:56","guid":{"rendered":"https:\/\/www.ferienwohnung-italien-apulien-salento-parabita.de\/gastronomie\/"},"modified":"2025-08-03T16:39:11","modified_gmt":"2025-08-03T14:39:11","slug":"gastronomie","status":"publish","type":"page","link":"https:\/\/www.ferienwohnung-italien-apulien-salento-parabita.de\/es\/gastronomie\/","title":{"rendered":"Gastronom\u00eda en Parabita y sus alrededores"},"content":{"rendered":"\n<p>Aqu\u00ed encontrar\u00e1 una peque\u00f1a muestra de la diversidad de la exquisita cocina culinaria de Salento y la variedad de establecimientos en Parabita<\/p>\n\n<figure class=\"wp-block-image alignwide size-large\"><img decoding=\"async\" src=\"https:\/\/www.ferienwohnung-italien-apulien-salento-parabita.de\/wp-content\/uploads\/2025\/06\/1I-Essen-1024x269.jpg\" alt=\"\" class=\"wp-image-4696\"\/><\/figure>\n\n<div class=\"wp-block-group is-layout-grid wp-container-core-group-is-layout-9649a0d9 wp-block-group-is-layout-grid\">\n<p class=\"wp-container-content-69bc4bdf\"><strong>Lievita 72<\/strong><br\/>Pizzer\u00eda<br\/>Corso Roma, 62, 73014, Gallipoli Italia<br\/><a href=\"https:\/\/www.lievita72.it\/\" target=\"_blank\" rel=\"noopener\" title=\"\">https:\/\/www.lievita72.it\/<\/a><br\/>+39 347 226 5994  <\/p>\n\n\n\n<p class=\"wp-container-content-83148919\"><\/p>\n\n\n\n<p class=\"wp-container-content-e29552f7\">Horario de apertura<br\/>Domingo 12:00 &#8211; 14:30 \/ 19:00 &#8211; 0:00<br\/>Lunes 19:00 &#8211; 0:00<br\/>Martes 19:00 &#8211; 0:00<br\/>Mi\u00e9rcoles 19:00 &#8211; 0:00<br\/>Jueves 19:00 &#8211; 0:00<br\/>Viernes 19:00 &#8211; 0:00<br\/>S\u00e1bado 12:00 &#8211; 14:30 \/ 19:00 &#8211; 0:00<\/p>\n<\/div>\n\n<div class=\"wp-block-group is-layout-grid wp-container-core-group-is-layout-9649a0d9 wp-block-group-is-layout-grid\">\n<p class=\"wp-container-content-69bc4bdf\"><strong>Nishiki Sushi Restaurant<\/strong><br\/>Piazza Cesare Terranova 1, 73052, Parabita Italia<br\/><a href=\"https:\/\/www.nishikirestaurant.it\/\" target=\"_blank\" rel=\"noopener\" title=\"\">https:\/\/www.nishikirestaurant.it\/<\/a> +39 333 943 2398<\/p>\n\n\n\n<p class=\"wp-container-content-69bc4bdf\"><\/p>\n\n\n\n<p class=\"wp-container-content-e29552f7\">Horario de apertura<br\/>Domingo 19:45 &#8211; 23:45<br\/>Lunes 19:45 &#8211; 23:45<br\/>Martes 19:45 &#8211; 23:45<br\/>Mi\u00e9rcoles Cerrado<br\/>Jueves 19:45 &#8211; 23:45<br\/>Viernes 19:45 &#8211; 23:45<br\/>S\u00e1bado 19:45 &#8211; 23:45<\/p>\n<\/div>\n\n<div class=\"wp-block-group is-layout-grid wp-container-core-group-is-layout-9649a0d9 wp-block-group-is-layout-grid\">\n<p class=\"wp-container-content-69bc4bdf\"><strong>Antiche Tradizioni<\/strong><br\/>Restaurante Mediterr\u00e1neo<br\/>Via Vittorio Emanuele III N 17, Parabita Italia<br\/><a href=\"https:\/\/www.facebook.com\/antichetradi\/\" target=\"_blank\" rel=\"noopener\" title=\"\">https:\/\/www.facebook.com\/antichetradi\/<\/a><br\/>+39 345 471 1652<\/p>\n\n\n\n<p class=\"wp-container-content-69bc4bdf\"><\/p>\n\n\n\n<p class=\"wp-container-content-e29552f7\">Horario de apertura<br\/>Domingo <br\/>Lunes <br\/>Martes <br\/>Mi\u00e9rcoles <br\/>Jueves <br\/>Viernes <br\/>S\u00e1bado  <\/p>\n<\/div>\n\n<div class=\"wp-block-group is-layout-grid wp-container-core-group-is-layout-9649a0d9 wp-block-group-is-layout-grid\">\n<p class=\"wp-container-content-69bc4bdf\"><strong>Li Rrusti<\/strong><br\/>Restaurante Mediterr\u00e1neo<br\/>Via Principe Umberto, 47 Via principe umberto N 47, 73100 Parabita<br\/><a href=\"https:\/\/www.facebook.com\/LiRusti\/#\" target=\"_blank\" rel=\"noopener\" title=\"\">https:\/\/www.facebook.com\/LiRusti\/#<\/a><br\/>+39 0833 594281<\/p>\n\n\n\n<p class=\"wp-container-content-69bc4bdf\"><\/p>\n\n\n\n<p class=\"wp-container-content-e29552f7\">Horario de apertura<br\/>Domingo <br\/>Lunes <br\/>Martes <br\/>Mi\u00e9rcoles <br\/>Jueves <br\/>Viernes <br\/>S\u00e1bado  <\/p>\n<\/div>\n\n<div class=\"wp-block-group is-layout-grid wp-container-core-group-is-layout-9649a0d9 wp-block-group-is-layout-grid\">\n<p class=\"wp-container-content-69bc4bdf\"><strong>Il Contenitore<\/strong><br\/>Restaurante &amp; Bistr\u00f3<br\/>Via Dottor Gaetano Cataldi, 5, 73052, Parabita<br\/>+39 338 840 2263<br\/><a href=\"https:\/\/www.facebook.com\/ilcontenitoredipassione\/\" target=\"_blank\" rel=\"noopener\" title=\"\">https:\/\/www.facebook.com\/ilcontenitoredipassione\/<\/a><\/p>\n\n\n\n<p class=\"wp-container-content-69bc4bdf\"><\/p>\n\n\n\n<p class=\"has-text-align-left wp-container-content-e29552f7\">Horario de apertura<br\/>Domingo 12:00 &#8211; 15:30<br\/>Lunes 19:30 &#8211; 23:30<br\/>Martes Cerrado<br\/>Mi\u00e9rcoles 19:30 &#8211; 23:30<br\/>Jueves 19:30 &#8211; 23:30<br\/>Viernes 19:30 &#8211; 23:30<br\/>S\u00e1bado 19:30 &#8211; 23:30<\/p>\n<\/div>\n\n<div class=\"wp-block-group is-layout-grid wp-container-core-group-is-layout-9649a0d9 wp-block-group-is-layout-grid\">\n<p class=\"wp-container-content-69bc4bdf\"><strong>Osteria Lo Sturno<\/strong><br\/>Piazza Immacolata, 2, 73052, Parabita<br\/>+39 0833 593477<br\/><a href=\"https:\/\/www.facebook.com\/people\/Osteria-Lo-Sturno\/100054427722572\/#\" target=\"_blank\" rel=\"noopener\" title=\"\">https:\/\/www.facebook.com\/people\/Osteria-Lo-Sturno\/100054427722572\/#<\/a><\/p>\n\n\n\n<p class=\"wp-container-content-69bc4bdf\"><\/p>\n\n\n\n<p class=\"wp-container-content-e29552f7\">Horario de apertura<br\/>Domingo 19:30 &#8211; 0:00<br\/>Lunes Cerrado<br\/>Martes 19:30 &#8211; 0:00<br\/>Mi\u00e9rcoles 19:30 &#8211; 0:00<br\/>Jueves 19:30 &#8211; 0:00<br\/>Viernes 19:30 &#8211; 0:00<br\/>S\u00e1bado 19:30 &#8211; 0:00<\/p>\n<\/div>\n\n<div class=\"wp-block-group is-layout-grid wp-container-core-group-is-layout-9649a0d9 wp-block-group-is-layout-grid\">\n<p class=\"wp-container-content-69bc4bdf\"><strong>Tenuta Yala Ristorante<\/strong><br\/>Contrada Yala Tenuta Yala Residenza, 73052, Parabita Italia<br\/>+39 348 252 4875<\/p>\n\n\n\n<p class=\"wp-container-content-69bc4bdf\"><\/p>\n\n\n\n<p class=\"has-text-align-left wp-container-content-e29552f7\">Horario de apertura<br\/>Domingo <br\/>Lunes <br\/>Martes <br\/>Mi\u00e9rcoles <br\/>Jueves <br\/>Viernes <br\/>S\u00e1bado  <\/p>\n<\/div>\n\n<div class=\"wp-block-group is-layout-grid wp-container-core-group-is-layout-9649a0d9 wp-block-group-is-layout-grid\">\n<p class=\"wp-container-content-69bc4bdf\"><strong>L&#8217;Artigiano della pizza<\/strong><br\/>Via John Fitzgerald Kennedy 1 En las proximidades del campo deportivo, 73052, Parabita Italia<br\/>+39 347 255 8428<\/p>\n\n\n\n<p class=\"wp-container-content-69bc4bdf\"><\/p>\n\n\n\n<p class=\"wp-container-content-e29552f7\">Horario de apertura<br\/>Domingo 18:00 &#8211; 0:00<br\/>Lunes Cerrado<br\/>Martes 18:00 &#8211; 0:00<br\/>Mi\u00e9rcoles 18:00 &#8211; 0:00<br\/>Jueves 18:00 &#8211; 0:00<br\/>Viernes 18:00 &#8211; 0:00<br\/>S\u00e1bado 18:00 &#8211; 0:00<\/p>\n<\/div>\n\n<div class=\"wp-block-group is-layout-grid wp-container-core-group-is-layout-9649a0d9 wp-block-group-is-layout-grid\">\n<p class=\"wp-container-content-69bc4bdf\"><strong>Le Veneri &#8211; Ristorante <\/strong>Pizzeria<strong><br\/><\/strong>Via Coltura 70 piazza Basilica Santuario Maria SS. Della Coltura, 73052, Parabita Italia<br\/>+39 0833 593218 <\/p>\n\n\n\n<p class=\"wp-container-content-69bc4bdf\"><\/p>\n\n\n\n<p class=\"wp-container-content-e29552f7\">Horario de apertura<br\/>Domingo 12:30 &#8211; 14:00 \/ 19:00 &#8211; 23:30<br\/>Lunes 12:30 &#8211; 14:00 \/ 19:00 &#8211; 23:30<br\/>Martes 19:00 &#8211; 23:30 \/<br\/>Mi\u00e9rcoles 12:30 &#8211; 14:00 \/ 19:00 &#8211; 23:30<br\/>Jueves 12:30 &#8211; 14:00 \/ 19:00 &#8211; 23:30<br\/>Viernes 12:30 &#8211; 14:00 \/ 19:00 &#8211; 23:30<br\/>S\u00e1bado 12:30 &#8211; 14:00 \/ 19:00 &#8211; 23:30<\/p>\n<\/div>\n\n<div class=\"wp-block-group is-layout-grid wp-container-core-group-is-layout-9649a0d9 wp-block-group-is-layout-grid\">\n<p class=\"wp-container-content-69bc4bdf\"><strong>In een oogopslag Pizzeria<\/strong><br\/>Via Lucia La Greca 1, 73052, Parabita Italia<br\/><\/p>\n\n\n\n<p class=\"wp-container-content-69bc4bdf\"><\/p>\n\n\n\n<p class=\"has-text-align-left wp-container-content-e29552f7\">Horario de apertura<br\/>Domingo <br\/>Lunes <br\/>Martes <br\/>Mi\u00e9rcoles <br\/>Jueves <br\/>Viernes <br\/>S\u00e1bado  <\/p>\n<\/div>\n\n<div class=\"wp-block-group is-layout-grid wp-container-core-group-is-layout-9649a0d9 wp-block-group-is-layout-grid\">\n<p class=\"wp-container-content-69bc4bdf\"><strong>Heffort Sport Village<\/strong><br\/>Strada Provinciale 361 Km 16,630, 73052, Parabita Italia<br\/>+39 334 528 1140<\/p>\n\n\n\n<p class=\"wp-container-content-69bc4bdf\"><\/p>\n\n\n\n<p class=\"wp-container-content-e29552f7\">Horario de apertura<br\/>Domingo 14:00 &#8211; 23:30<br\/>Lunes 8:00 &#8211; 23:30<br\/>Martes 8:00 &#8211; 13:00 \/ 14:00 &#8211; 23:30<br\/>Mi\u00e9rcoles 8:00 &#8211; 13:00 \/ 14:00 &#8211; 23:30<br\/>Jueves 8:00 &#8211; 13:00 \/ 14:00 &#8211; 23:30<br\/>Viernes 8:00 &#8211; 13:00 \/ 14:00 &#8211; 23:30<br\/>S\u00e1bado 8:00 &#8211; 13:00 \/ 14:00 &#8211; 23:30<\/p>\n<\/div>\n\n<div class=\"wp-block-group is-layout-grid wp-container-core-group-is-layout-9649a0d9 wp-block-group-is-layout-grid\">\n<p class=\"wp-container-content-69bc4bdf\"><strong>Agriturismo Cutura Agri Resort<\/strong><br\/>Italiano, Pescados y Mariscos Via Provinciale Gallipoli, 73052, Parabita Italia<br\/>+39 328 238 7397<\/p>\n\n\n\n<p class=\"wp-container-content-69bc4bdf\"><\/p>\n\n\n\n<p class=\"wp-container-content-e29552f7\">Horario de apertura<br\/>Domingo 12:00 &#8211; 15:00<br\/>Lunes Cerrado<br\/>Martes 19:30 &#8211; 23:00<br\/>Mi\u00e9rcoles 19:30 &#8211; 23:00<br\/>Jueves 19:30 &#8211; 23:00<br\/>Viernes 19:30 &#8211; 23:00<br\/>S\u00e1bado 19:30 &#8211; 23:00<\/p>\n<\/div>\n\n<div class=\"wp-block-group is-layout-grid wp-container-core-group-is-layout-9649a0d9 wp-block-group-is-layout-grid\">\n<p class=\"wp-container-content-69bc4bdf\"><strong>La Madre<\/strong><br\/>Italiano, Vino<br\/>Piazza Umberto I, 73052, Parabita Italia<br\/>+39 347 826 3773<\/p>\n\n\n\n<p class=\"wp-container-content-69bc4bdf\"><\/p>\n\n\n\n<p class=\"wp-container-content-e29552f7\">Horario de apertura<br\/>Domingo 18:00 &#8211; 0:00<br\/>Lunes Cerrado<br\/>Martes 18:00 &#8211; 0:00<br\/>Mi\u00e9rcoles 18:00 &#8211; 0:00<br\/>Jueves 18:00 &#8211; 0:00<br\/>Viernes 18:00 &#8211; 0:00<br\/>S\u00e1bado 18:00 &#8211; 0:00<\/p>\n\n\n\n<p class=\"wp-container-content-69bc4bdf\"><strong>L&#8217;Antico Palazzo<\/strong><br\/>Via Vittorio Emanuele III 15, 73052, Parabita Italia<br\/>+39 0833 509865<\/p>\n\n\n\n<p class=\"wp-container-content-69bc4bdf\"><\/p>\n\n\n\n<p class=\"wp-container-content-e29552f7\">Horario de apertura<br\/>Domingo <br\/>Lunes <br\/>Martes <br\/>Mi\u00e9rcoles <br\/>Jueves <br\/>Viernes <br\/>S\u00e1bado  <\/p>\n<\/div>\n\n<div class=\"wp-block-group is-layout-grid wp-container-core-group-is-layout-9649a0d9 wp-block-group-is-layout-grid\">\n<p class=\"wp-container-content-69bc4bdf\"><strong>Mav\u00e8 <\/strong> Desayuno, Brunch<br\/>Via Impero, 73052, Parabita Italia<br\/>+39 339 736 7175<br\/><a href=\"https:\/\/www.facebook.com\/maveparabita\/\" target=\"_blank\" rel=\"noopener\" title=\"\">https:\/\/www.facebook.com\/maveparabita\/<\/a><\/p>\n\n\n\n<p class=\"wp-container-content-69bc4bdf\"><\/p>\n\n\n\n<p class=\"wp-container-content-e29552f7\">Horario de apertura<br\/>Domingo <br\/>Lunes <br\/>Martes <br\/>Mi\u00e9rcoles <br\/>Jueves <br\/>Viernes <br\/>S\u00e1bado  <\/p>\n\n\n\n<p class=\"wp-container-content-69bc4bdf\"><strong>Pizzeria Pit Stop<\/strong><br\/>Pizzer\u00eda<br\/>Via Provinciale Matino, 73052, Parabita Italia<\/p>\n\n\n\n<p class=\"wp-container-content-69bc4bdf\"><\/p>\n\n\n\n<p class=\"wp-container-content-e29552f7\">Horario de apertura<br\/>Domingo <br\/>Lunes <br\/>Martes <br\/>Mi\u00e9rcoles <br\/>Jueves <br\/>Viernes <br\/>S\u00e1bado  <\/p>\n<\/div>\n\n<p>Pr\u00f3ximamente, m\u00e1s direcciones de establecimientos de Parabita y sus alrededores&#8230;&#8230;&#8230;&#8230;.<\/p>\n\n<p><\/p>\n","protected":false},"excerpt":{"rendered":"<p>Pizzer\u00eda \u2013 Restaurante \u2013 Bistro \u2013 Restaurante Mediterr\u00e1neo \u2013 Pescado y marisco<\/p>\n","protected":false},"author":1,"featured_media":0,"parent":0,"menu_order":0,"comment_status":"closed","ping_status":"closed","template":"template-wider-page.php","meta":{"om_disable_all_campaigns":false,"inline_featured_image":false,"_monsterinsights_skip_tracking":false,"_monsterinsights_sitenote_active":false,"_monsterinsights_sitenote_note":"","_monsterinsights_sitenote_category":0,"footnotes":""},"class_list":["post-5127","page","type-page","status-publish","hentry"],"aioseo_notices":[],"_links":{"self":[{"href":"https:\/\/www.ferienwohnung-italien-apulien-salento-parabita.de\/es\/wp-json\/wp\/v2\/pages\/5127","targetHints":{"allow":["GET"]}}],"collection":[{"href":"https:\/\/www.ferienwohnung-italien-apulien-salento-parabita.de\/es\/wp-json\/wp\/v2\/pages"}],"about":[{"href":"https:\/\/www.ferienwohnung-italien-apulien-salento-parabita.de\/es\/wp-json\/wp\/v2\/types\/page"}],"author":[{"embeddable":true,"href":"https:\/\/www.ferienwohnung-italien-apulien-salento-parabita.de\/es\/wp-json\/wp\/v2\/users\/1"}],"replies":[{"embeddable":true,"href":"https:\/\/www.ferienwohnung-italien-apulien-salento-parabita.de\/es\/wp-json\/wp\/v2\/comments?post=5127"}],"version-history":[{"count":5,"href":"https:\/\/www.ferienwohnung-italien-apulien-salento-parabita.de\/es\/wp-json\/wp\/v2\/pages\/5127\/revisions"}],"predecessor-version":[{"id":7757,"href":"https:\/\/www.ferienwohnung-italien-apulien-salento-parabita.de\/es\/wp-json\/wp\/v2\/pages\/5127\/revisions\/7757"}],"wp:attachment":[{"href":"https:\/\/www.ferienwohnung-italien-apulien-salento-parabita.de\/es\/wp-json\/wp\/v2\/media?parent=5127"}],"curies":[{"name":"wp","href":"https:\/\/api.w.org\/{rel}","templated":true}]}}