{"id":5154,"date":"2025-06-17T14:31:43","date_gmt":"2025-06-17T12:31:43","guid":{"rendered":"https:\/\/www.ferienwohnung-italien-apulien-salento-parabita.de\/top-strande-bei-parabita-de\/"},"modified":"2025-08-03T16:31:20","modified_gmt":"2025-08-03T14:31:20","slug":"top-strande-bei-parabita-de","status":"publish","type":"page","link":"https:\/\/www.ferienwohnung-italien-apulien-salento-parabita.de\/es\/top-strande-bei-parabita-de\/","title":{"rendered":"Playas m\u00e1s destacadas cerca de Parabita"},"content":{"rendered":"\n<p>Ya sea que est\u00e9 buscando una playa tranquila, una playa de arena para familias o una playa con deportes acu\u00e1ticos, en Apulia lo encontrar\u00e1, quien haya estado aqu\u00ed una vez siempre regresa a Apulia.<\/p>\n\n<div class=\"wp-block-columns is-layout-flex wp-container-core-columns-is-layout-9d6595d7 wp-block-columns-is-layout-flex\">\n<div class=\"wp-block-column is-layout-flow wp-block-column-is-layout-flow\" style=\"flex-basis:100%\">\n<div id=\"Str\u00e4nde-Parabita\" class=\"wp-block-getwid-section has-inner-blocks-gap-undefined is-style-rounded is-style-default has-inner-blocks-gap-medium getwid-margin-bottom-large getwid-section-content-full-width\"><div class=\"wp-block-getwid-section__wrapper getwid-justify-content-flex-start\" style=\"min-height:600px\"><div class=\"wp-block-getwid-section__divider is-top-divider\"><svg style=\"height:6px\" x=\"0px\" y=\"0px\" viewbox=\"0 0 996 4\" preserveaspectratio=\"xMidYMax slice\" class=\"wp-block-getwid-section__divider-svg wp-block-getwid-section__divider-svg-negative\"><path fill=\"white\" class=\"wp-block-getwid-section__divider-svg-fill\" d=\"M990,1c-2.8,0-3.2,2-6,2c-2.8,0-3.2-2-6-2c-2.8,0-3.2,2-6,2c-2.8,0-3.2-2-6-2c-2.8,0-3.2,2-6,2c-2.8,0-3.2-2-6-2c-2.8,0-3.2,2-6,2c-2.8,0-3.2-2-6-2c-2.8,0-3.2,2-6,2c-2.8,0-3.2-2-6-2c-2.8,0-3.2,2-6,2c-2.8,0-3.2-2-6-2c-2.8,0-3.2,2-6,2c-2.8,0-3.2-2-6-2c-2.8,0-3.2,2-6,2c-2.8,0-3.2-2-6-2c-2.8,0-3.2,2-6,2c-2.8,0-3.2-2-6-2c-2.8,0-3.2,2-6,2c-2.8,0-3.2-2-6-2c-2.8,0-3.2,2-6,2c-2.8,0-3.2-2-6-2c-2.8,0-3.2,2-6,2c-2.8,0-3.2-2-6-2c-2.8,0-3.2,2-6,2c-2.8,0-3.2-2-6-2c-2.8,0-3.2,2-6,2c-2.8,0-3.2-2-6-2c-2.8,0-3.2,2-6,2c-2.8,0-3.2-2-6-2c-2.8,0-3.2,2-6,2c-2.8,0-3.2-2-6-2c-2.8,0-3.2,2-6,2c-2.8,0-3.2-2-6-2c-2.8,0-3.2,2-6,2c-2.8,0-3.2-2-6-2c-2.8,0-3.2,2-6,2c-2.8,0-3.2-2-6-2c-2.8,0-3.2,2-6,2c-2.8,0-3.2-2-6-2c-2.8,0-3.2,2-6,2c-2.8,0-3.2-2-6-2c-2.8,0-3.2,2-6,2c-2.8,0-3.2-2-6-2c-2.8,0-3.2,2-6,2c-2.8,0-3.2-2-6-2c-2.8,0-3.2,2-6,2c-2.8,0-3.2-2-6-2c-2.8,0-3.2,2-6,2c-2.8,0-3.2-2-6-2c-2.8,0-3.2,2-6,2c-2.8,0-3.2-2-6-2c-2.8,0-3.2,2-6,2c-2.8,0-3.2-2-6-2c-2.8,0-3.2,2-6,2c-2.8,0-3.2-2-6-2c-2.8,0-3.2,2-6,2c-2.8,0-3.2-2-6-2c-2.8,0-3.2,2-6,2c-2.8,0-3.2-2-6-2c-2.8,0-3.2,2-6,2c-2.8,0-3.2-2-6-2c-2.8,0-3.2,2-6,2c-2.8,0-3.2-2-6-2c-2.8,0-3.2,2-6,2c-2.8,0-3.2-2-6-2c-2.8,0-3.2,2-6,2c-2.8,0-3.2-2-6-2c-2.8,0-3.2,2-6,2c-2.8,0-3.2-2-6-2c-2.8,0-3.2,2-6,2c-2.8,0-3.2-2-6-2c-2.8,0-3.2,2-6,2c-2.8,0-3.2-2-6-2c-2.8,0-3.2,2-6,2c-2.8,0-3.2-2-6-2c-2.8,0-3.2,2-6,2c-2.8,0-3.2-2-6-2c-2.8,0-3.2,2-6,2c-2.8,0-3.2-2-6-2c-2.8,0-3.2,2-6,2c-2.8,0-3.2-2-6-2c-2.8,0-3.2,2-6,2c-2.8,0-3.2-2-6-2c-2.8,0-3.2,2-6,2c-2.8,0-3.2-2-6-2c-2.8,0-3.2,2-6,2c-2.8,0-3.2-2-6-2c-2.8,0-3.2,2-6,2c-2.8,0-3.2-2-6-2c-2.8,0-3.2,2-6,2c-2.8,0-3.2-2-6-2c-2.8,0-3.2,2-6,2c-2.8,0-3.2-2-6-2c-2.8,0-3.2,2-6,2c-2.8,0-3.2-2-6-2c-2.8,0-3.2,2-6,2c-2.8,0-3.2-2-6-2c-2.8,0-3.2,2-6,2c-2.8,0-3.2-2-6-2c-2.8,0-3.2,2-6,2c-2.8,0-3.2-2-6-2c-2.8,0-3.2,2-6,2c-2.8,0-3.2-2-6-2c-2.8,0-3.2,2-6,2c-2.8,0-3.2-2-6-2c-2.8,0-3.2,2-6,2c-2.8,0-3.2-2-6-2c-2.8,0-3.2,2-6,2c-2.8,0-3.2-2-6-2c-2.8,0-3.2,2-6,2c-2.8,0-3.2-2-6-2c-2.8,0-3.2,2-6,2c-2.8,0-3.2-2-6-2c-2.8,0-3.2,2-6,2c-2.8,0-3.2-2-6-2c-2.8,0-3.2,2-6,2c-2.8,0-3.2-2-6-2c-2.8,0-3.2,2-6,2c-2.8,0-3.2-2-6-2c-2.8,0-3.2,2-6,2c-2.8,0-3.2-2-6-2c-2.8,0-3.2,2-6,2c-2.8,0-3.2-2-6-2c-2.8,0-3.2,2-6,2c-2.8,0-3.2-2-6-2c-2.8,0-3.2,2-6,2c-2.8,0-3.2-2-6-2c-2.8,0-3.2,2-6,2c-2.8,0-3.2-2-6-2c-2.8,0-3.2,2-6,2c-2.8,0-3.2-2-6-2c-2.8,0-3.2,2-6,2c-2.8,0-3.2-2-6-2c-2.8,0-3.2,2-6,2c-2.8,0-3.2-2-6-2c-2.8,0-3.2,2-6,2c-2.8,0-3.2-2-6-2c-2.8,0-3.2,2-6,2c-2.8,0-3.2-2-6-2c-2.8,0-3.2,2-6,2c-2.8,0-3.2-2-6-2c-2.8,0-3.2,2-6,2c-2.8,0-3.2-2-6-2c-2.8,0-3.2,2-6,2c-2.8,0-3.2-2-6-2c-2.8,0-3.2,2-6,2c-2.8,0-3.2-2-6-2c-2.8,0-3.2,2-6,2c-2.8,0-3.2-2-6-2c-2.8,0-3.2,2-6,2c-2.8,0-3.2-2-6-2c-2.8,0-3.2,2-6,2c-2.8,0-3.2-2-6-2c-2.8,0-3.2,2-6,2c-2.8,0-3.2-2-6-2c-2.8,0-3.2,2-6,2c-2.8,0-3.2-2-6-2c-2.8,0-3.2,2-6,2c-2.8,0-3.2-2-6-2c-2.8,0-3.2,2-6,2c-2.8,0-3.2-2-6-2c-2.8,0-3.2,2-6,2C9.2,3,8.8,1,6,1C3.2,1,2.8,3,0,3v1h996V3C993.2,3,992.8,1,990,1z\"><\/path><\/svg><\/div><div class=\"wp-block-getwid-section__divider is-bottom-divider\"><svg style=\"height:6px\" x=\"0px\" y=\"0px\" viewbox=\"0 0 996 4\" preserveaspectratio=\"xMidYMax slice\" class=\"wp-block-getwid-section__divider-svg wp-block-getwid-section__divider-svg-negative\"><path fill=\"#ffffff\" class=\"wp-block-getwid-section__divider-svg-fill\" d=\"M990,1c-2.8,0-3.2,2-6,2c-2.8,0-3.2-2-6-2c-2.8,0-3.2,2-6,2c-2.8,0-3.2-2-6-2c-2.8,0-3.2,2-6,2c-2.8,0-3.2-2-6-2c-2.8,0-3.2,2-6,2c-2.8,0-3.2-2-6-2c-2.8,0-3.2,2-6,2c-2.8,0-3.2-2-6-2c-2.8,0-3.2,2-6,2c-2.8,0-3.2-2-6-2c-2.8,0-3.2,2-6,2c-2.8,0-3.2-2-6-2c-2.8,0-3.2,2-6,2c-2.8,0-3.2-2-6-2c-2.8,0-3.2,2-6,2c-2.8,0-3.2-2-6-2c-2.8,0-3.2,2-6,2c-2.8,0-3.2-2-6-2c-2.8,0-3.2,2-6,2c-2.8,0-3.2-2-6-2c-2.8,0-3.2,2-6,2c-2.8,0-3.2-2-6-2c-2.8,0-3.2,2-6,2c-2.8,0-3.2-2-6-2c-2.8,0-3.2,2-6,2c-2.8,0-3.2-2-6-2c-2.8,0-3.2,2-6,2c-2.8,0-3.2-2-6-2c-2.8,0-3.2,2-6,2c-2.8,0-3.2-2-6-2c-2.8,0-3.2,2-6,2c-2.8,0-3.2-2-6-2c-2.8,0-3.2,2-6,2c-2.8,0-3.2-2-6-2c-2.8,0-3.2,2-6,2c-2.8,0-3.2-2-6-2c-2.8,0-3.2,2-6,2c-2.8,0-3.2-2-6-2c-2.8,0-3.2,2-6,2c-2.8,0-3.2-2-6-2c-2.8,0-3.2,2-6,2c-2.8,0-3.2-2-6-2c-2.8,0-3.2,2-6,2c-2.8,0-3.2-2-6-2c-2.8,0-3.2,2-6,2c-2.8,0-3.2-2-6-2c-2.8,0-3.2,2-6,2c-2.8,0-3.2-2-6-2c-2.8,0-3.2,2-6,2c-2.8,0-3.2-2-6-2c-2.8,0-3.2,2-6,2c-2.8,0-3.2-2-6-2c-2.8,0-3.2,2-6,2c-2.8,0-3.2-2-6-2c-2.8,0-3.2,2-6,2c-2.8,0-3.2-2-6-2c-2.8,0-3.2,2-6,2c-2.8,0-3.2-2-6-2c-2.8,0-3.2,2-6,2c-2.8,0-3.2-2-6-2c-2.8,0-3.2,2-6,2c-2.8,0-3.2-2-6-2c-2.8,0-3.2,2-6,2c-2.8,0-3.2-2-6-2c-2.8,0-3.2,2-6,2c-2.8,0-3.2-2-6-2c-2.8,0-3.2,2-6,2c-2.8,0-3.2-2-6-2c-2.8,0-3.2,2-6,2c-2.8,0-3.2-2-6-2c-2.8,0-3.2,2-6,2c-2.8,0-3.2-2-6-2c-2.8,0-3.2,2-6,2c-2.8,0-3.2-2-6-2c-2.8,0-3.2,2-6,2c-2.8,0-3.2-2-6-2c-2.8,0-3.2,2-6,2c-2.8,0-3.2-2-6-2c-2.8,0-3.2,2-6,2c-2.8,0-3.2-2-6-2c-2.8,0-3.2,2-6,2c-2.8,0-3.2-2-6-2c-2.8,0-3.2,2-6,2c-2.8,0-3.2-2-6-2c-2.8,0-3.2,2-6,2c-2.8,0-3.2-2-6-2c-2.8,0-3.2,2-6,2c-2.8,0-3.2-2-6-2c-2.8,0-3.2,2-6,2c-2.8,0-3.2-2-6-2c-2.8,0-3.2,2-6,2c-2.8,0-3.2-2-6-2c-2.8,0-3.2,2-6,2c-2.8,0-3.2-2-6-2c-2.8,0-3.2,2-6,2c-2.8,0-3.2-2-6-2c-2.8,0-3.2,2-6,2c-2.8,0-3.2-2-6-2c-2.8,0-3.2,2-6,2c-2.8,0-3.2-2-6-2c-2.8,0-3.2,2-6,2c-2.8,0-3.2-2-6-2c-2.8,0-3.2,2-6,2c-2.8,0-3.2-2-6-2c-2.8,0-3.2,2-6,2c-2.8,0-3.2-2-6-2c-2.8,0-3.2,2-6,2c-2.8,0-3.2-2-6-2c-2.8,0-3.2,2-6,2c-2.8,0-3.2-2-6-2c-2.8,0-3.2,2-6,2c-2.8,0-3.2-2-6-2c-2.8,0-3.2,2-6,2c-2.8,0-3.2-2-6-2c-2.8,0-3.2,2-6,2c-2.8,0-3.2-2-6-2c-2.8,0-3.2,2-6,2c-2.8,0-3.2-2-6-2c-2.8,0-3.2,2-6,2c-2.8,0-3.2-2-6-2c-2.8,0-3.2,2-6,2c-2.8,0-3.2-2-6-2c-2.8,0-3.2,2-6,2c-2.8,0-3.2-2-6-2c-2.8,0-3.2,2-6,2c-2.8,0-3.2-2-6-2c-2.8,0-3.2,2-6,2c-2.8,0-3.2-2-6-2c-2.8,0-3.2,2-6,2c-2.8,0-3.2-2-6-2c-2.8,0-3.2,2-6,2c-2.8,0-3.2-2-6-2c-2.8,0-3.2,2-6,2c-2.8,0-3.2-2-6-2c-2.8,0-3.2,2-6,2c-2.8,0-3.2-2-6-2c-2.8,0-3.2,2-6,2c-2.8,0-3.2-2-6-2c-2.8,0-3.2,2-6,2c-2.8,0-3.2-2-6-2c-2.8,0-3.2,2-6,2c-2.8,0-3.2-2-6-2c-2.8,0-3.2,2-6,2c-2.8,0-3.2-2-6-2c-2.8,0-3.2,2-6,2c-2.8,0-3.2-2-6-2c-2.8,0-3.2,2-6,2c-2.8,0-3.2-2-6-2c-2.8,0-3.2,2-6,2c-2.8,0-3.2-2-6-2c-2.8,0-3.2,2-6,2c-2.8,0-3.2-2-6-2c-2.8,0-3.2,2-6,2c-2.8,0-3.2-2-6-2c-2.8,0-3.2,2-6,2c-2.8,0-3.2-2-6-2c-2.8,0-3.2,2-6,2c-2.8,0-3.2-2-6-2c-2.8,0-3.2,2-6,2c-2.8,0-3.2-2-6-2c-2.8,0-3.2,2-6,2C9.2,3,8.8,1,6,1C3.2,1,2.8,3,0,3v1h996V3C993.2,3,992.8,1,990,1z\"><\/path><\/svg><\/div><div class=\"wp-block-getwid-section__inner-wrapper\"><div class=\"wp-block-getwid-section__background-holder\"><div class=\"wp-block-getwid-section__background has-background has-white-background-color\" style=\"background-image:url('https:\/\/www.ferienwohnung-italien-apulien-salento-parabita.de\/wp-content\/uploads\/2025\/08\/Top-Straende-bei-Parabita-1.jpg');background-position:top center;background-repeat:no-repeat;background-attachment:fixed;background-size:auto\"><div class=\"wp-block-getwid-section__background-image-wrapper\"><img decoding=\"async\" class=\"wp-block-getwid-section__background-image\" src=\"https:\/\/www.ferienwohnung-italien-apulien-salento-parabita.de\/wp-content\/uploads\/2025\/08\/Top-Straende-bei-Parabita-1.jpg\" alt=\"Playas m\u00e1s destacadas cerca de Parabita\"><\/div><\/div><div class=\"wp-block-getwid-section__foreground\" style=\"opacity:0.75;background-color:#fec9ff;background-image:linear-gradient(155deg,rgba(255,237,154) 0%,rgba(149,230,255) 100%);mix-blend-mode:darken\"><\/div><\/div><div class=\"wp-block-getwid-section__content\"><div class=\"wp-block-getwid-section__inner-content\"><\/div><\/div><\/div><\/div><\/div>\n<\/div>\n<\/div>\n\n<iframe style=\"width: 100%; border: none; height: 215px; background-color: transparent;\" src=\"https:\/\/www.wetter.de\/widget\/3tage\/srhgue1x\/false\/\"><\/iframe><br\/><a href=\"https:\/\/www.wetter.de\" rel=\"nofollow\" target=\"_blank\"><\/a>\n\n<div class=\"wp-block-group is-nowrap is-layout-flex wp-container-core-group-is-layout-ad2f72ca wp-block-group-is-layout-flex\">\n<p><strong>Spiaggia di Baia Verde<\/strong> &#8211; a 9.9 km del centro de Parabita<br\/>La Spiaggia di Baia Verde es una playa pintoresca cercana a Gallipoli en la regi\u00f3n de Salento en Italia, aproximadamente a 3 km del centro de la ciudad<\/p>\n<\/div>\n\n<p><strong>Spiaggia della Purit\u00e0<\/strong> &#8211; a 13.2 km del centro de Parabita<\/p>\n\n<p>La Spiaggia della Purit\u00e0, tambi\u00e9n conocida como Playa de la Pureza, se encuentra en la ciudad costera de Gallipoli en la regi\u00f3n de Salento en Apulia. Esta playa p\u00fablica es reconocida por su atm\u00f3sfera tranquila y su belleza pr\u00edstina <\/p>\n\n<p><strong>Conchiglie Alto Lido <\/strong>&#8211;<strong> <\/strong>A 14,9 km del centro de Parabita<br\/>Este lugar tambi\u00e9n se conoce como el peque\u00f1o Caribe debido a su playa de arena blanca con su agua cristalina de color verde. Y, por supuesto, no pueden faltar los chiringuitos para tomar un refrigerio entre horas <\/p>\n\n<p><strong>Spiaggia di Porto Selvaggio<\/strong> &#8211; a 16.9 km del centro de Parabita<br\/>La Spiaggia di Porto Selvaggio es una playa hermosa situada en una bah\u00eda rodeada de naturaleza. La playa es famosa por sus aguas espl\u00e9ndidas y sus impresionantes formaciones rocosas <\/p>\n\n<p><strong>Fixed Point Beach<\/strong> &#8211; a 11.4 km del centro de Parabita<br\/>Fixed Point Beach es un destino popular, reconocido por sus aguas cristalinas y frescas, y su magn\u00edfica arena. La playa est\u00e1 rodeada de \u00e1rboles <\/p>\n\n<p><strong>Lido Sol D \u201coro\u201d<\/strong> &#8211; a 11.6 km del centro de Parabita<br\/>Lido Sol Doro es una playa conocida por su belleza natural y sus comodidades pr\u00e1cticas<\/p>\n\n<p><strong>Spiaggia del Mare dei Cavalli <\/strong>&#8211; a 13.4 km del centro de Parabita<br\/>La Spiaggia del Mare dei Cavalli es una peque\u00f1a playa arenosa en Marina Di Mancaversa-Giannelli<\/p>\n\n<p><strong>Santa Caterina Beach<\/strong> &#8211; a 15.6 km del centro de Parabita<br\/>La playa de Santa Caterina es una playa peque\u00f1a pero encantadora en la ciudad de Nard\u00f2. La playa se caracteriza por una combinaci\u00f3n de arena y rocas <\/p>\n\n<p><strong>Lido Isola Beach<\/strong> &#8211; a 18.8 km del centro de Parabita<br\/>La playa es conocida por su belleza natural y ofrece un mar de aguas cristalinas.<\/p>\n\n<p><strong>Spiaggia di Torre San Giovanni <\/strong>&#8211; a 18.9 km del centro de Parabita<br\/>La Spiaggia di Torre San Giovanni es una playa popular, conocida por sus fant\u00e1sticas aguas claras y poco profundas<\/p>\n\n<p><strong>Bikini Beach<\/strong> &#8211; a 9.8 km del centro de Parabita<br\/>Bikini Beach es un reconocido complejo playero en la pintoresca ciudad de Gallipoli. Esta playa es famosa por su amplia franja de arena y el mar claro y cristalino que ofrece un escenario id\u00edlico <\/p>\n\n<p><strong>Lido Blue Bay Beach<\/strong> &#8211; a 10 km del centro de Parabita<br\/>La playa se distingue por sus aguas c\u00e1lidas y poco profundas, y la claridad de su mar. La presencia de olas contribuye a su encanto <\/p>\n\n<p><strong>Lido P\u00f4r do Sol<\/strong> &#8211; a 10 km del centro de Parabita<br\/>Lido P\u00f4r do Sol es una playa impresionante en Baia Verde<\/p>\n\n<p><strong>Lovers Beach<\/strong> &#8211; a 10.2 km del centro de Parabita<br\/>Lovers Beach es una playa pintoresca ubicada entre Gallipoli y Leuca<\/p>\n\n<p><strong>Spiaggia di Punta della Suina<\/strong> &#8211; a 11 km del centro de Parabita<br\/>Es considerada una de las playas m\u00e1s hermosas de la regi\u00f3n de Salento.<\/p>\n\n<p>y hay a\u00fan m\u00e1s hermosas playas y bah\u00edas<\/p>\n\n<p><\/p>\n","protected":false},"excerpt":{"rendered":"<p>Apulia ofrece una variedad tan grande de playas que hay para todos los gustos.<\/p>\n","protected":false},"author":1,"featured_media":0,"parent":0,"menu_order":0,"comment_status":"closed","ping_status":"closed","template":"template-wider-page.php","meta":{"om_disable_all_campaigns":false,"inline_featured_image":false,"_monsterinsights_skip_tracking":false,"_monsterinsights_sitenote_active":false,"_monsterinsights_sitenote_note":"","_monsterinsights_sitenote_category":0,"footnotes":""},"class_list":["post-5154","page","type-page","status-publish","hentry"],"aioseo_notices":[],"_links":{"self":[{"href":"https:\/\/www.ferienwohnung-italien-apulien-salento-parabita.de\/es\/wp-json\/wp\/v2\/pages\/5154","targetHints":{"allow":["GET"]}}],"collection":[{"href":"https:\/\/www.ferienwohnung-italien-apulien-salento-parabita.de\/es\/wp-json\/wp\/v2\/pages"}],"about":[{"href":"https:\/\/www.ferienwohnung-italien-apulien-salento-parabita.de\/es\/wp-json\/wp\/v2\/types\/page"}],"author":[{"embeddable":true,"href":"https:\/\/www.ferienwohnung-italien-apulien-salento-parabita.de\/es\/wp-json\/wp\/v2\/users\/1"}],"replies":[{"embeddable":true,"href":"https:\/\/www.ferienwohnung-italien-apulien-salento-parabita.de\/es\/wp-json\/wp\/v2\/comments?post=5154"}],"version-history":[{"count":14,"href":"https:\/\/www.ferienwohnung-italien-apulien-salento-parabita.de\/es\/wp-json\/wp\/v2\/pages\/5154\/revisions"}],"predecessor-version":[{"id":9510,"href":"https:\/\/www.ferienwohnung-italien-apulien-salento-parabita.de\/es\/wp-json\/wp\/v2\/pages\/5154\/revisions\/9510"}],"wp:attachment":[{"href":"https:\/\/www.ferienwohnung-italien-apulien-salento-parabita.de\/es\/wp-json\/wp\/v2\/media?parent=5154"}],"curies":[{"name":"wp","href":"https:\/\/api.w.org\/{rel}","templated":true}]}}