{"id":5163,"date":"2025-06-17T15:04:50","date_gmt":"2025-06-17T13:04:50","guid":{"rendered":"https:\/\/www.ferienwohnung-italien-apulien-salento-parabita.de\/nachbarstadte-von-parabita-de\/"},"modified":"2025-08-05T11:18:35","modified_gmt":"2025-08-05T09:18:35","slug":"nachbarstadte-von-parabita-de","status":"publish","type":"page","link":"https:\/\/www.ferienwohnung-italien-apulien-salento-parabita.de\/es\/nachbarstadte-von-parabita-de\/","title":{"rendered":"Puntos de inter\u00e9s en Parabita y sus ciudades vecinas"},"content":{"rendered":"\n<p>Ya sea en bicicleta, autob\u00fas, tren o coche, Parabita ofrece todas las posibilidades para realizar excursiones interesantes y vivir experiencias inolvidables.<\/p>\n\n<figure class=\"wp-block-gallery has-nested-images columns-default is-cropped wp-block-gallery-1 is-layout-flex wp-block-gallery-is-layout-flex\">\n<figure class=\"wp-block-image size-large\"><img loading=\"lazy\" decoding=\"async\" width=\"895\" height=\"892\" data-id=\"9491\" src=\"https:\/\/www.ferienwohnung-italien-apulien-salento-parabita.de\/wp-content\/uploads\/2025\/08\/Nachbarstaedten1.jpg\" alt=\"\" class=\"wp-image-9491\" srcset=\"https:\/\/www.ferienwohnung-italien-apulien-salento-parabita.de\/wp-content\/uploads\/2025\/08\/Nachbarstaedten1.jpg 895w, https:\/\/www.ferienwohnung-italien-apulien-salento-parabita.de\/wp-content\/uploads\/2025\/08\/Nachbarstaedten1-300x300.jpg 300w, https:\/\/www.ferienwohnung-italien-apulien-salento-parabita.de\/wp-content\/uploads\/2025\/08\/Nachbarstaedten1-150x150.jpg 150w, https:\/\/www.ferienwohnung-italien-apulien-salento-parabita.de\/wp-content\/uploads\/2025\/08\/Nachbarstaedten1-768x765.jpg 768w, https:\/\/www.ferienwohnung-italien-apulien-salento-parabita.de\/wp-content\/uploads\/2025\/08\/Nachbarstaedten1-892x889.jpg 892w\" sizes=\"auto, (max-width: 895px) 100vw, 895px\" \/><figcaption class=\"wp-element-caption\"> <\/figcaption><\/figure>\n\n\n\n<figure class=\"wp-block-image size-large\"><img loading=\"lazy\" decoding=\"async\" width=\"895\" height=\"892\" data-id=\"9485\" src=\"https:\/\/www.ferienwohnung-italien-apulien-salento-parabita.de\/wp-content\/uploads\/2025\/08\/Nachbarstaedten2.jpg\" alt=\"Ciudades vecinas de ensue&#xF1;o cerca de Parabita\" class=\"wp-image-9485\" srcset=\"https:\/\/www.ferienwohnung-italien-apulien-salento-parabita.de\/wp-content\/uploads\/2025\/08\/Nachbarstaedten2.jpg 895w, https:\/\/www.ferienwohnung-italien-apulien-salento-parabita.de\/wp-content\/uploads\/2025\/08\/Nachbarstaedten2-300x300.jpg 300w, https:\/\/www.ferienwohnung-italien-apulien-salento-parabita.de\/wp-content\/uploads\/2025\/08\/Nachbarstaedten2-150x150.jpg 150w, https:\/\/www.ferienwohnung-italien-apulien-salento-parabita.de\/wp-content\/uploads\/2025\/08\/Nachbarstaedten2-768x765.jpg 768w, https:\/\/www.ferienwohnung-italien-apulien-salento-parabita.de\/wp-content\/uploads\/2025\/08\/Nachbarstaedten2-892x889.jpg 892w\" sizes=\"auto, (max-width: 895px) 100vw, 895px\" \/><figcaption class=\"wp-element-caption\"> <\/figcaption><\/figure>\n<\/figure>\n\n<div class=\"wp-block-getwid-accordion has-icon-left\" data-active-element=\"0\">\n<div class=\"wp-block-getwid-accordion__header-wrapper\"><span class=\"wp-block-getwid-accordion__header\"><a href=\"#\"><span class=\"wp-block-getwid-accordion__header-title\"><strong><em>Ort Parabita<\/em><\/strong><\/span><span class=\"wp-block-getwid-accordion__icon is-active\"><i class=\"fas fa-plus\"><\/i><\/span><span class=\"wp-block-getwid-accordion__icon is-passive\"><i class=\"fas fa-minus\"><\/i><\/span><\/a><\/span><\/div><div class=\"wp-block-getwid-accordion__content-wrapper\"><div class=\"wp-block-getwid-accordion__content\">\n<p>Lejos del turismo de masas, Parabita se caracteriza por la cordialidad de sus gentes y sus delicias culinarias en numerosos locales. <br\/>Es sumamente recomendable realizar una visita a la Quadreria &#8216;E. Giannelli&#8217; en el Palazzo Ferrari, que alberga cuarenta y tres pinturas y diez esculturas, o al Museo del Vino, que exhibe una piedra de molino construida a finales del siglo XIX en el centro hist\u00f3rico de Parabita, as\u00ed como numerosos instrumentos y objetos antiguos que recrean el ciclo de producci\u00f3n vin\u00edcola. Posteriormente, podr\u00e1 admirar damajuanas, barriles, furaten, b\u00e1sculas y otros m\u00faltiples utensilios que resultan de utilidad en la elaboraci\u00f3n del vino.  <\/p>\n<\/div><\/div>\n<\/div>\n\n<div class=\"wp-block-getwid-accordion has-icon-left\" data-active-element=\"0\">\n<div class=\"wp-block-getwid-accordion__header-wrapper\"><span class=\"wp-block-getwid-accordion__header\"><a href=\"#\"><span class=\"wp-block-getwid-accordion__header-title\">Ort <strong><em>Matino ~ 2 km<\/em><\/strong> entfernt von Parabita<\/span><span class=\"wp-block-getwid-accordion__icon is-active\"><i class=\"fas fa-plus\"><\/i><\/span><span class=\"wp-block-getwid-accordion__icon is-passive\"><i class=\"fas fa-minus\"><\/i><\/span><\/a><\/span><\/div><div class=\"wp-block-getwid-accordion__content-wrapper\"><div class=\"wp-block-getwid-accordion__content\">\n<p>Esta peque\u00f1a ciudad hist\u00f3rica impresiona con edificios hist\u00f3ricos como la Iglesia de San Giorgio Martire, el Palazzo Marchesi del Tufo y la Iglesia de Santa Maria della Pieta<\/p>\n<\/div><\/div>\n\n\n\n<div class=\"wp-block-getwid-accordion__header-wrapper\"><span class=\"wp-block-getwid-accordion__header\"><a href=\"#\"><span class=\"wp-block-getwid-accordion__header-title\">Ort <strong><em>Collepasso ~ 4 km<\/em><\/strong> <strong><em>km<\/em><\/strong> entfernt von Parabita<\/span><span class=\"wp-block-getwid-accordion__icon is-active\"><i class=\"fas fa-plus\"><\/i><\/span><span class=\"wp-block-getwid-accordion__icon is-passive\"><i class=\"fas fa-minus\"><\/i><\/span><\/a><\/span><\/div><div class=\"wp-block-getwid-accordion__content-wrapper\"><div class=\"wp-block-getwid-accordion__content\">\n<p>Aunque sea una localidad peque\u00f1a, ofrece varias atracciones tur\u00edsticas como el Palazzo Baronale, la Chiesa della Nativita di Maria Vergine o la Torre dell Orologio<\/p>\n<\/div><\/div>\n\n\n\n<div class=\"wp-block-getwid-accordion__header-wrapper\"><span class=\"wp-block-getwid-accordion__header\"><a href=\"#\"><span class=\"wp-block-getwid-accordion__header-title\">Ort <strong><em>Casarano ~ 5 km<\/em><\/strong> <strong><em>km<\/em><\/strong> entfernt von Parabita<\/span><span class=\"wp-block-getwid-accordion__icon is-active\"><i class=\"fas fa-plus\"><\/i><\/span><span class=\"wp-block-getwid-accordion__icon is-passive\"><i class=\"fas fa-minus\"><\/i><\/span><\/a><\/span><\/div><div class=\"wp-block-getwid-accordion__content-wrapper\"><div class=\"wp-block-getwid-accordion__content\">\n<p>Casarano se caracteriza especialmente por su cultivo de vino y olivos, as\u00ed como por el Parco Astronomico San Lorenzo, un punto culminante absoluto para los entusiastas de las estrellas<\/p>\n<\/div><\/div>\n\n\n\n<div class=\"wp-block-getwid-accordion__header-wrapper\"><span class=\"wp-block-getwid-accordion__header\"><a href=\"#\"><span class=\"wp-block-getwid-accordion__header-title\">Ort <strong>Sannicola ~ 10 km<\/strong> <strong><em>km<\/em><\/strong> entfernt von Parabita<\/span><span class=\"wp-block-getwid-accordion__icon is-active\"><i class=\"fas fa-plus\"><\/i><\/span><span class=\"wp-block-getwid-accordion__icon is-passive\"><i class=\"fas fa-minus\"><\/i><\/span><\/a><\/span><\/div><div class=\"wp-block-getwid-accordion__content-wrapper\"><div class=\"wp-block-getwid-accordion__content\">\n<p>En el distrito de San Simone, el monasterio Monastero di Santa Teresa invita a permanecer y relajarse con su id\u00edlico jard\u00edn mon\u00e1stico. Todos est\u00e1n cordialmente invitados a participar en una misa. En Sannicola, se recomienda especialmente ascender a la L&#8217;Abbazia di San Mauro, donde uno es recompensado con una impresionante puesta de sol  <\/p>\n<\/div><\/div>\n\n\n\n<div class=\"wp-block-getwid-accordion__header-wrapper\"><span class=\"wp-block-getwid-accordion__header\"><a href=\"#\"><span class=\"wp-block-getwid-accordion__header-title\">Ort <strong>Galipoli ~ 11,8<\/strong> <strong><em>km<\/em><\/strong> entfernt von Parabita<\/span><span class=\"wp-block-getwid-accordion__icon is-active\"><i class=\"fas fa-plus\"><\/i><\/span><span class=\"wp-block-getwid-accordion__icon is-passive\"><i class=\"fas fa-minus\"><\/i><\/span><\/a><\/span><\/div><div class=\"wp-block-getwid-accordion__content-wrapper\"><div class=\"wp-block-getwid-accordion__content\">\n<p>Tambi\u00e9n conocida como la Perla del Salento, Galipoli es famosa por sus aguas cristalinas con hermosas playas y su centro hist\u00f3rico, que se encuentra en una isla conectada al continente por un puente. La ciudad es una mezcla perfecta de cultura, historia y belleza natural. Explore las antiguas fortalezas, rel\u00e1jese junto al agua o disfrute de la vibrante vida callejera. <\/p>\n<\/div><\/div>\n\n\n\n<div class=\"wp-block-getwid-accordion__header-wrapper\"><span class=\"wp-block-getwid-accordion__header\"><a href=\"#\"><span class=\"wp-block-getwid-accordion__header-title\">Ort <strong>Taviano ~ 10,8 km<\/strong> entfernt von Parabita<\/span><span class=\"wp-block-getwid-accordion__icon is-active\"><i class=\"fas fa-plus\"><\/i><\/span><span class=\"wp-block-getwid-accordion__icon is-passive\"><i class=\"fas fa-minus\"><\/i><\/span><\/a><\/span><\/div><div class=\"wp-block-getwid-accordion__content-wrapper\"><div class=\"wp-block-getwid-accordion__content\">\n<p>Peque\u00f1a ciudad muy acogedora con un centro hist\u00f3rico perfecto para pasear. Es muy recomendable visitar la Chiesa Dell Immacolata. El Castelforte, con su forma realmente impresionante, lamentablemente solo se puede admirar desde el exterior.  <\/p>\n<\/div><\/div>\n\n\n\n<div class=\"wp-block-getwid-accordion__header-wrapper\"><span class=\"wp-block-getwid-accordion__header\"><a href=\"#\"><span class=\"wp-block-getwid-accordion__header-title\">Ort <strong>Racale ~ 13,4 km <\/strong>entfernt von Parabita <\/span><span class=\"wp-block-getwid-accordion__icon is-active\"><i class=\"fas fa-plus\"><\/i><\/span><span class=\"wp-block-getwid-accordion__icon is-passive\"><i class=\"fas fa-minus\"><\/i><\/span><\/a><\/span><\/div><div class=\"wp-block-getwid-accordion__content-wrapper\"><div class=\"wp-block-getwid-accordion__content\">\n<p>En Racale se encuentran la Torre Costiera y la Chiesa Maria Maris Stella, con una vista impresionante del mar.<\/p>\n<\/div><\/div>\n\n\n\n<div class=\"wp-block-getwid-accordion__header-wrapper\"><span class=\"wp-block-getwid-accordion__header\"><a href=\"#\"><span class=\"wp-block-getwid-accordion__header-title\">Ort <strong>Ugento ~ 18,4 km<\/strong> entfernt von Parabita<\/span><span class=\"wp-block-getwid-accordion__icon is-active\"><i class=\"fas fa-plus\"><\/i><\/span><span class=\"wp-block-getwid-accordion__icon is-passive\"><i class=\"fas fa-minus\"><\/i><\/span><\/a><\/span><\/div><div class=\"wp-block-getwid-accordion__content-wrapper\"><div class=\"wp-block-getwid-accordion__content\">\n<p><br\/>Directamente en el Mediterr\u00e1neo, en la transici\u00f3n del Golfo de Tarento al Mar J\u00f3nico, se encuentra este hermoso lugar con interesantes lugares de inter\u00e9s: Cripta del Crocifisso, Chiesa di Santa Maria di Costantinopoli, Museo di Archeologia, Collezione Adolfo Colosso<\/p>\n<\/div><\/div>\n<\/div>\n\n<div class=\"wp-block-columns is-layout-flex wp-container-core-columns-is-layout-9d6595d7 wp-block-columns-is-layout-flex\">\n<div class=\"wp-block-column is-layout-flow wp-block-column-is-layout-flow\" style=\"flex-basis:100%\"><\/div>\n<\/div>\n\n<p><\/p>\n","protected":false},"excerpt":{"rendered":"<p>Parabita es el punto de partida ideal para explorar el hermoso Salento.<\/p>\n","protected":false},"author":1,"featured_media":0,"parent":0,"menu_order":0,"comment_status":"closed","ping_status":"closed","template":"template-wider-page.php","meta":{"om_disable_all_campaigns":false,"inline_featured_image":false,"_monsterinsights_skip_tracking":false,"_monsterinsights_sitenote_active":false,"_monsterinsights_sitenote_note":"","_monsterinsights_sitenote_category":0,"footnotes":""},"class_list":["post-5163","page","type-page","status-publish","hentry"],"aioseo_notices":[],"_links":{"self":[{"href":"https:\/\/www.ferienwohnung-italien-apulien-salento-parabita.de\/es\/wp-json\/wp\/v2\/pages\/5163","targetHints":{"allow":["GET"]}}],"collection":[{"href":"https:\/\/www.ferienwohnung-italien-apulien-salento-parabita.de\/es\/wp-json\/wp\/v2\/pages"}],"about":[{"href":"https:\/\/www.ferienwohnung-italien-apulien-salento-parabita.de\/es\/wp-json\/wp\/v2\/types\/page"}],"author":[{"embeddable":true,"href":"https:\/\/www.ferienwohnung-italien-apulien-salento-parabita.de\/es\/wp-json\/wp\/v2\/users\/1"}],"replies":[{"embeddable":true,"href":"https:\/\/www.ferienwohnung-italien-apulien-salento-parabita.de\/es\/wp-json\/wp\/v2\/comments?post=5163"}],"version-history":[{"count":10,"href":"https:\/\/www.ferienwohnung-italien-apulien-salento-parabita.de\/es\/wp-json\/wp\/v2\/pages\/5163\/revisions"}],"predecessor-version":[{"id":9713,"href":"https:\/\/www.ferienwohnung-italien-apulien-salento-parabita.de\/es\/wp-json\/wp\/v2\/pages\/5163\/revisions\/9713"}],"wp:attachment":[{"href":"https:\/\/www.ferienwohnung-italien-apulien-salento-parabita.de\/es\/wp-json\/wp\/v2\/media?parent=5163"}],"curies":[{"name":"wp","href":"https:\/\/api.w.org\/{rel}","templated":true}]}}