{"id":5766,"date":"2025-06-15T18:20:23","date_gmt":"2025-06-15T16:20:23","guid":{"rendered":"https:\/\/www.ferienwohnung-italien-apulien-salento-parabita.de\/declaracion-de-privacidad\/"},"modified":"2025-08-03T16:28:23","modified_gmt":"2025-08-03T14:28:23","slug":"declaracion-de-privacidad","status":"publish","type":"page","link":"https:\/\/www.ferienwohnung-italien-apulien-salento-parabita.de\/es\/declaracion-de-privacidad\/","title":{"rendered":"Declaraci\u00f3n de Privacidad"},"content":{"rendered":"\n<p>Introducci\u00f3n e informaci\u00f3n general. Gracias por su inter\u00e9s en nuestro sitio web. La protecci\u00f3n de sus datos personales es fundamental para nosotros. A continuaci\u00f3n, encontrar\u00e1 informaci\u00f3n sobre c\u00f3mo gestionamos los datos recopilados al utilizar nuestro sitio web. Sus datos ser\u00e1n tratados de acuerdo con la normativa legal de protecci\u00f3n de datos.   <\/p>\n\n<p>Responsable en el sentido del RGPD<br\/>Empresa<br\/>Carola Hertwig<br\/>B\u00fcrgermeister J\u00e4gerstr. 4<br\/>D &#8211; 83527 Haag in Ob<br\/>\u2706 0049 &#8211; (0) 8072 &#8211; 372 612<br\/>Correo electr\u00f3nico: buchungsanfrage@ferienwohnung-italien-apulien-salento-parabita.de<\/p>\n\n<p>Datos de contacto del delegado de protecci\u00f3n de datos<br\/>Carola Hertwig<br\/>B\u00fcrgermeister J\u00e4gerstr. 4<br\/>D &#8211; 83527 Haag in Ob<br\/>\u2706 0049 &#8211; (0) 8072 &#8211; 372 612<br\/>Correo electr\u00f3nico: buchungsanfrage@ferienwohnung-italien-apulien-salento-parabita.de<\/p>\n\n<p>Definiciones<br\/>Nuestra pol\u00edtica de privacidad tiene como objetivo ser simple y comprensible para todos. En esta declaraci\u00f3n de protecci\u00f3n de datos, generalmente se utilizan los t\u00e9rminos oficiales del Reglamento General de Protecci\u00f3n de Datos (RGPD). Las definiciones oficiales se explican en el Art. 4 del RGPD.  <\/p>\n\n<p>Acceso y almacenamiento de informaci\u00f3n en dispositivos terminales<br\/>El uso de nuestro sitio web puede resultar en el acceso a informaci\u00f3n (por ejemplo, direcci\u00f3n IP) o el almacenamiento de informaci\u00f3n (por ejemplo, cookies) en sus dispositivos terminales. Este acceso o almacenamiento puede estar asociado con un procesamiento adicional de datos personales en el sentido del RGPD.<br\/>En los casos en que dicho acceso a la informaci\u00f3n o almacenamiento de informaci\u00f3n sea absolutamente necesario para la provisi\u00f3n t\u00e9cnicamente impecable de nuestros servicios, esto se realiza sobre la base del \u00a7 25 p\u00e1rr. 1 frase 1, p\u00e1rr. 2 n\u00ba 2 TTDSG.<br\/>En los casos en que dicho proceso sirve a otros prop\u00f3sitos (por ejemplo, el dise\u00f1o de nuestro sitio web seg\u00fan las necesidades), esto se realiza sobre la base del \u00a7 25 p\u00e1rr. 1 TTDSG solo con su consentimiento de acuerdo con el Art. 6 p\u00e1rr. 1 lit. a RGPD. El consentimiento puede ser revocado en cualquier momento para el futuro. Para el procesamiento de sus datos personales, se aplican las disposiciones del RGPD y la Ley Federal de Protecci\u00f3n de Datos (BDSG).        <br\/>Puede encontrar m\u00e1s informaci\u00f3n sobre el procesamiento de sus datos personales y las bases legales pertinentes en este contexto en las siguientes secciones sobre las actividades espec\u00edficas de procesamiento en nuestro sitio web.<\/p>\n\n<p>Alojamiento web<br\/>Este sitio web est\u00e1 alojado por un proveedor de servicios externo (host). El alojamiento de este sitio web se realiza en Alemania. Los datos personales recopilados en este sitio web se almacenan en los servidores del host. Esto puede incluir, en particular, direcciones IP, solicitudes de contacto, metadatos y datos de comunicaci\u00f3n, accesos al sitio web y otros datos generados a trav\u00e9s de un sitio web.<br\/>Recopilamos los datos enumerados para garantizar una conexi\u00f3n fluida del sitio web y una provisi\u00f3n t\u00e9cnicamente impecable de nuestros servicios. El procesamiento de estos datos es absolutamente necesario para poner el sitio web a su disposici\u00f3n. La base legal para el procesamiento de los datos es nuestro inter\u00e9s leg\u00edtimo en una presentaci\u00f3n correcta y funcionalidad de nuestro sitio web de acuerdo con el Art. 6 p\u00e1rr. 1 lit. f RGPD.<br\/>Hemos concluido un acuerdo de procesamiento de pedidos con el proveedor de acuerdo con los requisitos del Art. 28 RGPD, en el cual lo obligamos a proteger los datos de nuestros clientes y no transmitirlos a terceros.       <\/p>\n\n<p>Archivos de registro del servidor<br\/>Cuando accede a nuestro sitio web, es t\u00e9cnicamente necesario que se transmitan datos desde su navegador de Internet a nuestro servidor web. Los siguientes datos se registran durante una conexi\u00f3n activa para la comunicaci\u00f3n entre su navegador de Internet y nuestro servidor web:<br\/>\u2981 Fecha y hora de la solicitud<br\/>\u2981 Nombre del archivo solicitado<br\/>\u2981 P\u00e1gina desde la que se solicit\u00f3 el archivo<br\/>\u2981 Estado de acceso<br\/>\u2981 Navegador web utilizado y sistema operativo utilizado<br\/>\u2981 Direcci\u00f3n IP (completa) del ordenador solicitante<br\/>\u2981 Cantidad de datos transferidos<br\/>Recopilamos los datos enumerados para garantizar una conexi\u00f3n fluida del sitio web y una provisi\u00f3n t\u00e9cnicamente impecable de nuestros servicios. El procesamiento de estos datos es absolutamente necesario para poner el sitio web a su disposici\u00f3n. Los archivos de registro sirven para evaluar la seguridad y estabilidad del sistema, as\u00ed como para fines administrativos. La base legal para el procesamiento de los datos es nuestro inter\u00e9s leg\u00edtimo en la protecci\u00f3n y funcionalidad de nuestro sitio web de acuerdo con el Art. 6 p\u00e1rr. 1 lit. f RGPD.<br\/>Por razones de seguridad t\u00e9cnica, en particular para defenderse contra intentos de ataque a nuestro servidor web, almacenamos estos datos por un corto per\u00edodo de tiempo. Despu\u00e9s de un m\u00e1ximo de 30 d\u00edas, los datos se anonimizan acortando la direcci\u00f3n IP a nivel de dominio, de modo que ya no es posible establecer una referencia al usuario individual.<br\/>En forma an\u00f3nima, los datos tambi\u00e9n se procesan para fines estad\u00edsticos. En ning\u00fan momento se almacenan estos datos junto con otros datos personales del usuario, se comparan con otros conjuntos de datos o se transmiten a terceros.        <\/p>\n\n<p>Cookies<br\/>Nuestro sitio web utiliza los denominados \u201ccookies\u201d. Las cookies son peque\u00f1os archivos de texto que se almacenan en su dispositivo final, ya sea temporalmente durante la duraci\u00f3n de una sesi\u00f3n (cookies de sesi\u00f3n) o de forma permanente (cookies permanentes). Las cookies de sesi\u00f3n se eliminan autom\u00e1ticamente al finalizar su visita. Las cookies permanentes permanecen almacenadas en su dispositivo final hasta que las elimine usted mismo o se produzca una eliminaci\u00f3n autom\u00e1tica por parte de su navegador web.    <br\/>Las cookies tienen diversas funciones. Numerosas cookies son t\u00e9cnicamente necesarias, ya que ciertas funciones del sitio web no funcionar\u00edan sin ellas (por ejemplo, la funci\u00f3n del carrito de compras o la configuraci\u00f3n del idioma). Otras cookies sirven para evaluar el comportamiento del usuario o mostrar publicidad.   <br\/>El procesamiento de datos mediante el uso de cookies estrictamente necesarias se realiza sobre la base de un inter\u00e9s leg\u00edtimo de conformidad con el Art. 6, p\u00e1rrafo 1, lit. f del RGPD para la provisi\u00f3n t\u00e9cnicamente impecable de nuestros servicios. Para obtener detalles sobre los fines del procesamiento y los intereses leg\u00edtimos, consulte las explicaciones sobre el procesamiento de datos espec\u00edfico.<br\/>El procesamiento de datos personales mediante el uso de otras cookies se realiza sobre la base de un consentimiento de acuerdo con el Art. 6, p\u00e1rrafo 1, lit. a del RGPD. El consentimiento puede ser revocado en cualquier momento para el futuro. En la medida en que dichas cookies se utilicen con fines de an\u00e1lisis y optimizaci\u00f3n, le informaremos por separado en el marco de esta declaraci\u00f3n de protecci\u00f3n de datos y obtendremos su consentimiento de acuerdo con el Art. 6, p\u00e1rrafo 1, lit. a del RGPD.<br\/><br\/>Puede configurar su navegador para que<br\/>\u2981 sea informado sobre la configuraci\u00f3n de cookies,<br\/>\u2981 permita cookies solo en casos individuales,<br\/>\u2981 excluya la aceptaci\u00f3n de cookies para casos espec\u00edficos o en general,<br\/>\u2981 active la eliminaci\u00f3n autom\u00e1tica de cookies al cerrar el navegador.          <\/p>\n\n<p>La configuraci\u00f3n de cookies puede gestionarse en los siguientes enlaces para los respectivos navegadores:<br\/>Google Chrome<br\/>Mozilla Firefox<br\/>Edge (Microsoft)<br\/>Safari<br\/>Opera <\/p>\n\n<p>Adem\u00e1s, la mayor\u00eda de los navegadores ofrecen una llamada \u201cfunci\u00f3n de no seguimiento\u201d. Cuando esta funci\u00f3n est\u00e1 activada, el navegador respectivo informa a las redes publicitarias, sitios web y aplicaciones que usted no desea ser \u201crastreado\u201d con fines de publicidad basada en el comportamiento y similares.  <\/p>\n\n<p>Puede obtener informaci\u00f3n e instrucciones sobre c\u00f3mo editar esta funci\u00f3n, seg\u00fan el proveedor de su navegador, en los siguientes enlaces:<br\/>Google Chrome<br\/>Mozilla Firefox<br\/>Edge (Microsoft)<br\/>Safari<br\/>Opera <\/p>\n\n<p>Adicionalmente, puede evitar por defecto la carga de los llamados scripts. \u201cNoScript\u201d permite la ejecuci\u00f3n de JavaScripts, Java y otros plugins solo en dominios de confianza de su elecci\u00f3n. Puede obtener informaci\u00f3n e instrucciones sobre c\u00f3mo editar esta funci\u00f3n a trav\u00e9s del proveedor de su navegador.  <\/p>\n\n<p>Por favor, tenga en cuenta que la desactivaci\u00f3n de cookies puede limitar la funcionalidad de nuestro sitio web. <\/p>\n\n<p>Modificaci\u00f3n de la configuraci\u00f3n de cookies<\/p>\n\n<p>Puede revocar o modificar su configuraci\u00f3n de cookies en cualquier momento. Para ello, acceda nuevamente a la configuraci\u00f3n de cookies a trav\u00e9s de nuestra huella digital integrada. La encontrar\u00e1 siempre en la parte inferior izquierda del sitio web.\u00bb<br\/>o<br\/>Puede revocar o modificar su configuraci\u00f3n de cookies en cualquier momento. Para ello, acceda nuevamente a la configuraci\u00f3n de cookies a trav\u00e9s de este enlace\u200b\u200b\u200b\u200b (insertar hiperv\u00ednculo a la configuraci\u00f3n de cookies).   <\/p>\n\n<p>Enlaces externos<br\/>Las redes sociales (POR FAVOR ESPECIFICAR) est\u00e1n integradas en nuestro sitio web \u00fanicamente como enlaces a los servicios correspondientes. Despu\u00e9s de hacer clic en el enlace de texto\/imagen incorporado, ser\u00e1 redirigido a la p\u00e1gina del proveedor respectivo. Solo despu\u00e9s de la redirecci\u00f3n se transfiere la informaci\u00f3n del usuario al proveedor respectivo. Para obtener informaci\u00f3n sobre el manejo de sus datos personales al utilizar estos sitios web, consulte las respectivas pol\u00edticas de privacidad de los proveedores que utiliza.   <\/p>\n\n<p>Transferencia de datos y destinatarios<br\/>No se realiza ninguna transferencia de sus datos personales a terceros, excepto<br\/>\u2981 si lo hemos indicado expl\u00edcitamente en la descripci\u00f3n del procesamiento de datos respectivo,<br\/>\u2981 si ha otorgado su consentimiento expreso de acuerdo con el Art. 6, p\u00e1rrafo 1, frase 1, letra a del RGPD,<br\/>\u2981 si la transferencia es necesaria seg\u00fan el Art. 6, p\u00e1rrafo 1, frase 1, letra f del RGPD para el establecimiento, ejercicio o defensa de reclamaciones legales y no existe raz\u00f3n para suponer que usted tiene un inter\u00e9s leg\u00edtimo predominante en la no divulgaci\u00f3n de sus datos,<br\/>\u2981 en caso de que exista una obligaci\u00f3n legal para la transferencia seg\u00fan el Art. 6, p\u00e1rrafo 1, frase 1, letra c del RGPD y<br\/>\u2981 en la medida en que sea necesario seg\u00fan el Art. 6, p\u00e1rrafo 1, frase 1, letra b del RGPD para la ejecuci\u00f3n de relaciones contractuales con usted.<br\/>Adem\u00e1s, utilizamos proveedores de servicios externos para la gesti\u00f3n de nuestros servicios, que hemos seleccionado cuidadosamente, encargado por escrito y con los cuales hemos celebrado contratos de procesamiento de pedidos de acuerdo con el Art. 28 del RGPD cuando ha sido necesario. Estos est\u00e1n vinculados a nuestras instrucciones y son controlados regularmente por nosotros. Se trata, entre otros, de proveedores de servicios para alojamiento, env\u00edo de correos electr\u00f3nicos, as\u00ed como mantenimiento y cuidado de nuestros sistemas inform\u00e1ticos, etc. Los proveedores de servicios no transmitir\u00e1n estos datos a terceros.          <\/p>\n\n<p>Seguridad de los datos<br\/>De acuerdo con el Art. 32 del RGPD, tomamos medidas t\u00e9cnicas y organizativas apropiadas, teniendo en cuenta el estado de la t\u00e9cnica, los costos de implementaci\u00f3n y la naturaleza, el alcance, las circunstancias y los prop\u00f3sitos del procesamiento, as\u00ed como los diferentes grados de probabilidad y gravedad del riesgo para los derechos y libertades de las personas f\u00edsicas, para garantizar un nivel de protecci\u00f3n adecuado al riesgo. Este sitio web utiliza, por razones de seguridad y para proteger la transmisi\u00f3n de contenidos confidenciales, un cifrado SSL. <\/p>\n\n<p>Duraci\u00f3n del almacenamiento de datos personales<br\/>La duraci\u00f3n del almacenamiento de datos personales se determina por los per\u00edodos de retenci\u00f3n legales pertinentes (por ejemplo, del derecho comercial y fiscal). Despu\u00e9s de la expiraci\u00f3n del plazo respectivo, los datos correspondientes se eliminan de forma rutinaria. Si los datos son necesarios para el cumplimiento o la iniciaci\u00f3n del contrato, o si existe un inter\u00e9s leg\u00edtimo de nuestra parte en continuar el almacenamiento, los datos se eliminar\u00e1n cuando ya no sean necesarios para estos fines o si usted ha ejercido su derecho de revocaci\u00f3n u oposici\u00f3n.  <\/p>\n\n<p>Sus derechos<br\/>A continuaci\u00f3n, encontrar\u00e1 informaci\u00f3n sobre qu\u00e9 derechos le otorga la ley de protecci\u00f3n de datos aplicable frente al responsable con respecto al procesamiento de sus datos personales:<br\/>El derecho, de acuerdo con el Art. 15 del RGPD, a solicitar informaci\u00f3n sobre sus datos personales procesados por nosotros. En particular, puede solicitar informaci\u00f3n sobre los fines del procesamiento, la categor\u00eda de los datos personales, las categor\u00edas de destinatarios a quienes se han revelado o se revelar\u00e1n sus datos, el per\u00edodo de almacenamiento previsto, la existencia de un derecho de rectificaci\u00f3n, eliminaci\u00f3n, restricci\u00f3n del procesamiento u oposici\u00f3n, la existencia de un derecho a presentar una queja, el origen de sus datos, si no fueron recopilados por nosotros, as\u00ed como sobre la existencia de una toma de decisiones automatizada, incluida la elaboraci\u00f3n de perfiles y, en su caso, informaci\u00f3n significativa sobre sus detalles. <br\/>El derecho, de acuerdo con el Art. 16 del RGPD, a solicitar inmediatamente la rectificaci\u00f3n de datos personales incorrectos o la complementaci\u00f3n de sus datos personales almacenados por nosotros.<br\/>El derecho, de acuerdo con el Art. 17 del RGPD, a solicitar la eliminaci\u00f3n de sus datos personales almacenados por nosotros, siempre que el procesamiento no sea necesario para ejercer el derecho a la libertad de expresi\u00f3n e informaci\u00f3n, para cumplir una obligaci\u00f3n legal, por razones de inter\u00e9s p\u00fablico o para el establecimiento, ejercicio o defensa de reclamaciones legales.<br\/>El derecho, de acuerdo con el Art. 18 del RGPD, a solicitar la restricci\u00f3n del procesamiento de sus datos personales, en la medida en que usted impugne la exactitud de los datos, el procesamiento sea ilegal pero usted se niegue a su eliminaci\u00f3n y ya no necesitemos los datos, pero usted los necesite para el establecimiento, ejercicio o defensa de reclamaciones legales o usted haya presentado una objeci\u00f3n contra el procesamiento de acuerdo con el Art. 21 del RGPD.<br\/>El derecho, de acuerdo con el Art. 20 del RGPD, a recibir sus datos personales que nos ha proporcionado en un formato estructurado, com\u00fan y legible por m\u00e1quina o a solicitar la transferencia a otro responsable.<br\/>El derecho a presentar una queja ante una autoridad supervisora de conformidad con el Art. 77 del RGPD. Por regla general, puede dirigirse a la autoridad supervisora del estado federal de nuestra sede mencionada anteriormente o, si procede, a la de su lugar de residencia habitual o lugar de trabajo.<br\/>El derecho a revocar los consentimientos otorgados de conformidad con el Art. 7, p\u00e1rrafo 3 del RGPD: Usted tiene el derecho de revocar en cualquier momento, con efecto para el futuro, un consentimiento otorgado para el procesamiento de datos. En caso de revocaci\u00f3n, eliminaremos inmediatamente los datos afectados, a menos que se pueda justificar un procesamiento adicional en una base legal para el procesamiento sin consentimiento. La revocaci\u00f3n del consentimiento no afecta la legalidad del procesamiento realizado sobre la base del consentimiento hasta el momento de la revocaci\u00f3n.    <\/p>\n\n<p>Derecho de objeci\u00f3n<br\/>Si procesamos sus datos personales sobre la base de intereses leg\u00edtimos de conformidad con el Art. 6, p\u00e1rrafo 1, frase 1, letra f del RGPD, tiene derecho, de acuerdo con el Art. 21 del RGPD, a oponerse al procesamiento de sus datos personales, siempre que existan motivos derivados de su situaci\u00f3n particular. En la medida en que la objeci\u00f3n se dirija contra el procesamiento de datos personales con fines de publicidad directa, usted tiene un derecho general de objeci\u00f3n sin la necesidad de indicar una situaci\u00f3n particular.<br\/>Si desea ejercer su derecho de revocaci\u00f3n u objeci\u00f3n, es suficiente enviar un correo electr\u00f3nico a<br\/>buchungsanfrage@ferienwohnung-italien-apulien-salento-parabita.de   <\/p>\n\n<p>Obligaciones legales<br\/>La provisi\u00f3n de datos personales para la decisi\u00f3n sobre la conclusi\u00f3n de un contrato, el cumplimiento del contrato o para la implementaci\u00f3n de medidas precontractuales es voluntaria. Sin embargo, solo podemos tomar la decisi\u00f3n en el marco de las medidas contractuales si usted proporciona los datos personales necesarios para la conclusi\u00f3n del contrato, el cumplimiento del contrato o las medidas precontractuales. <\/p>\n\n<p>Toma de decisiones automatizada<br\/>No se lleva a cabo ninguna toma de decisiones automatizada ni elaboraci\u00f3n de perfiles seg\u00fan el Art. 22 del RGPD.<\/p>\n\n<p>Reserva de modificaciones<br\/>Nos reservamos el derecho de adaptar o actualizar esta declaraci\u00f3n de protecci\u00f3n de datos seg\u00fan sea necesario, observando las disposiciones de protecci\u00f3n de datos aplicables. De esta manera, podemos adaptarla a los requisitos legales actuales y tener en cuenta los cambios en nuestros servicios, por ejemplo, al introducir nuevos servicios. La versi\u00f3n m\u00e1s reciente se aplica a su visita.  <\/p>\n\n<p>Fecha de esta declaraci\u00f3n de protecci\u00f3n de datos: 17.06.2025<\/p>\n","protected":false},"excerpt":{"rendered":"<p>Introducci\u00f3n e informaci\u00f3n general. Gracias por su inter\u00e9s en nuestro sitio web. La protecci\u00f3n de sus datos personales es fundamental para nosotros. A continuaci\u00f3n, encontrar\u00e1 informaci\u00f3n sobre c\u00f3mo gestionamos los datos recopilados al utilizar nuestro sitio web. Sus datos ser\u00e1n tratados de acuerdo con la normativa legal de protecci\u00f3n de datos. Responsable en el sentido [&hellip;]<\/p>\n","protected":false},"author":1,"featured_media":0,"parent":0,"menu_order":0,"comment_status":"closed","ping_status":"closed","template":"template-wider-page.php","meta":{"om_disable_all_campaigns":false,"inline_featured_image":false,"_monsterinsights_skip_tracking":false,"_monsterinsights_sitenote_active":false,"_monsterinsights_sitenote_note":"","_monsterinsights_sitenote_category":0,"footnotes":""},"class_list":["post-5766","page","type-page","status-publish","hentry"],"aioseo_notices":[],"_links":{"self":[{"href":"https:\/\/www.ferienwohnung-italien-apulien-salento-parabita.de\/es\/wp-json\/wp\/v2\/pages\/5766","targetHints":{"allow":["GET"]}}],"collection":[{"href":"https:\/\/www.ferienwohnung-italien-apulien-salento-parabita.de\/es\/wp-json\/wp\/v2\/pages"}],"about":[{"href":"https:\/\/www.ferienwohnung-italien-apulien-salento-parabita.de\/es\/wp-json\/wp\/v2\/types\/page"}],"author":[{"embeddable":true,"href":"https:\/\/www.ferienwohnung-italien-apulien-salento-parabita.de\/es\/wp-json\/wp\/v2\/users\/1"}],"replies":[{"embeddable":true,"href":"https:\/\/www.ferienwohnung-italien-apulien-salento-parabita.de\/es\/wp-json\/wp\/v2\/comments?post=5766"}],"version-history":[{"count":2,"href":"https:\/\/www.ferienwohnung-italien-apulien-salento-parabita.de\/es\/wp-json\/wp\/v2\/pages\/5766\/revisions"}],"predecessor-version":[{"id":6164,"href":"https:\/\/www.ferienwohnung-italien-apulien-salento-parabita.de\/es\/wp-json\/wp\/v2\/pages\/5766\/revisions\/6164"}],"wp:attachment":[{"href":"https:\/\/www.ferienwohnung-italien-apulien-salento-parabita.de\/es\/wp-json\/wp\/v2\/media?parent=5766"}],"curies":[{"name":"wp","href":"https:\/\/api.w.org\/{rel}","templated":true}]}}