{"id":5788,"date":"2025-06-15T18:20:23","date_gmt":"2025-06-15T16:20:23","guid":{"rendered":"https:\/\/www.ferienwohnung-italien-apulien-salento-parabita.de\/aviso-legal\/"},"modified":"2025-08-14T16:33:37","modified_gmt":"2025-08-14T14:33:37","slug":"aviso-legal","status":"publish","type":"page","link":"https:\/\/www.ferienwohnung-italien-apulien-salento-parabita.de\/es\/aviso-legal\/","title":{"rendered":"Aviso legal"},"content":{"rendered":"\n<p>Asunto: Apartamento vacacional en Italia:<\/p>\n\n<p><strong>Appartamento vacance Carola Parabita<\/strong><\/p>\n\n<p>Carola Hertwig<br\/>B\u00fcrgermeister J\u00e4gerstr. 4<br\/>D &#8211; 83527 Haag in Ob<\/p>\n\n<p>\u2706 0049 &#8211; (0) 151 &#8211; 158 03106<br\/>\u2706 0049 &#8211; (0) 8072 &#8211; 372 612<\/p>\n\n<p>Correo electr\u00f3nico: buchungsanfrage@ferienwohnung-italien-apulien-salento-parabita.de<br\/>Web: https:\/\/www.ferienwohnung-italien-apulien-salento-parabita.de<br\/>Web: https:\/\/www.appartomento-vacanze-carola-parabita.com<br\/>Web: https:\/\/www.ferienwohnung-italien-apulien-salento.it<\/p>\n\n<p>N\u00famero de identificaci\u00f3n fiscal: DE252788909<\/p>\n\n<p>Aviso sobre los procedimientos de resoluci\u00f3n de litigios en materia de consumo conforme al art\u00edculo 36 de la Ley de resoluci\u00f3n de litigios en materia de consumo (VSBG) y sobre la resoluci\u00f3n de litigios en l\u00ednea de conformidad con el art\u00edculo 14, apartado 1, del Reglamento sobre resoluci\u00f3n de litigios en l\u00ednea en materia de consumo (Reglamento (UE) n.\u00ba 524\/2013; denominado Reglamento ODR): <\/p>\n\n<p>La Comisi\u00f3n Europea proporciona una plataforma de resoluci\u00f3n de litigios en l\u00ednea (OS) a la que se puede acceder en http:\/\/ec.europa.eu\/consumers\/odr\/. No estamos dispuestos ni obligados a participar en procedimientos de resoluci\u00f3n de litigios ante un organismo de resoluci\u00f3n de litigios en materia de consumo. <\/p>\n","protected":false},"excerpt":{"rendered":"<p>Asunto: Apartamento vacacional en Italia: Appartamento vacance Carola Parabita Carola HertwigB\u00fcrgermeister J\u00e4gerstr. 4D &#8211; 83527 Haag in Ob \u2706 0049 &#8211; (0) 151 &#8211; 158 03106\u2706 0049 &#8211; (0) 8072 &#8211; 372 612 Correo electr\u00f3nico: buchungsanfrage@ferienwohnung-italien-apulien-salento-parabita.deWeb: https:\/\/www.ferienwohnung-italien-apulien-salento-parabita.deWeb: https:\/\/www.appartomento-vacanze-carola-parabita.comWeb: https:\/\/www.ferienwohnung-italien-apulien-salento.it N\u00famero de identificaci\u00f3n fiscal: DE252788909 Aviso sobre los procedimientos de resoluci\u00f3n de litigios en materia de [&hellip;]<\/p>\n","protected":false},"author":1,"featured_media":0,"parent":0,"menu_order":0,"comment_status":"closed","ping_status":"closed","template":"template-wider-page.php","meta":{"om_disable_all_campaigns":false,"inline_featured_image":false,"_monsterinsights_skip_tracking":false,"_monsterinsights_sitenote_active":false,"_monsterinsights_sitenote_note":"","_monsterinsights_sitenote_category":0,"footnotes":""},"class_list":["post-5788","page","type-page","status-publish","hentry"],"aioseo_notices":[],"_links":{"self":[{"href":"https:\/\/www.ferienwohnung-italien-apulien-salento-parabita.de\/es\/wp-json\/wp\/v2\/pages\/5788","targetHints":{"allow":["GET"]}}],"collection":[{"href":"https:\/\/www.ferienwohnung-italien-apulien-salento-parabita.de\/es\/wp-json\/wp\/v2\/pages"}],"about":[{"href":"https:\/\/www.ferienwohnung-italien-apulien-salento-parabita.de\/es\/wp-json\/wp\/v2\/types\/page"}],"author":[{"embeddable":true,"href":"https:\/\/www.ferienwohnung-italien-apulien-salento-parabita.de\/es\/wp-json\/wp\/v2\/users\/1"}],"replies":[{"embeddable":true,"href":"https:\/\/www.ferienwohnung-italien-apulien-salento-parabita.de\/es\/wp-json\/wp\/v2\/comments?post=5788"}],"version-history":[{"count":7,"href":"https:\/\/www.ferienwohnung-italien-apulien-salento-parabita.de\/es\/wp-json\/wp\/v2\/pages\/5788\/revisions"}],"predecessor-version":[{"id":10545,"href":"https:\/\/www.ferienwohnung-italien-apulien-salento-parabita.de\/es\/wp-json\/wp\/v2\/pages\/5788\/revisions\/10545"}],"wp:attachment":[{"href":"https:\/\/www.ferienwohnung-italien-apulien-salento-parabita.de\/es\/wp-json\/wp\/v2\/media?parent=5788"}],"curies":[{"name":"wp","href":"https:\/\/api.w.org\/{rel}","templated":true}]}}