{"id":5079,"date":"2025-06-16T15:19:31","date_gmt":"2025-06-16T13:19:31","guid":{"rendered":"https:\/\/www.ferienwohnung-italien-apulien-salento-parabita.de\/information-zu-immobilien\/"},"modified":"2025-08-03T16:40:35","modified_gmt":"2025-08-03T14:40:35","slug":"information-zu-immobilien","status":"publish","type":"page","link":"https:\/\/www.ferienwohnung-italien-apulien-salento-parabita.de\/fr\/information-zu-immobilien\/","title":{"rendered":"Informations sur les biens immobiliers"},"content":{"rendered":"\n<div class=\"wp-block-getwid-image-box is-style-rounded has-image-right has-text-left has-mobile-layout-column has-mobile-alignment-default\"><div class=\"wp-block-getwid-image-box__image-container is-position-middle\"><div class=\"wp-block-getwid-image-box__image-wrapper\"><img loading=\"lazy\" decoding=\"async\" width=\"1641\" height=\"2560\" src=\"https:\/\/www.ferienwohnung-italien-apulien-salento-parabita.de\/wp-content\/uploads\/2025\/06\/Imobilien.jpg\" alt=\"\" class=\"wp-block-getwid-image-box__image wp-image-6197\" srcset=\"https:\/\/www.ferienwohnung-italien-apulien-salento-parabita.de\/wp-content\/uploads\/2025\/06\/Imobilien.jpg 1641w, https:\/\/www.ferienwohnung-italien-apulien-salento-parabita.de\/wp-content\/uploads\/2025\/06\/Imobilien-192x300.jpg 192w, https:\/\/www.ferienwohnung-italien-apulien-salento-parabita.de\/wp-content\/uploads\/2025\/06\/Imobilien-656x1024.jpg 656w, https:\/\/www.ferienwohnung-italien-apulien-salento-parabita.de\/wp-content\/uploads\/2025\/06\/Imobilien-768x1198.jpg 768w, https:\/\/www.ferienwohnung-italien-apulien-salento-parabita.de\/wp-content\/uploads\/2025\/06\/Imobilien-985x1536.jpg 985w, https:\/\/www.ferienwohnung-italien-apulien-salento-parabita.de\/wp-content\/uploads\/2025\/06\/Imobilien-1313x2048.jpg 1313w, https:\/\/www.ferienwohnung-italien-apulien-salento-parabita.de\/wp-content\/uploads\/2025\/06\/Imobilien-892x1392.jpg 892w, https:\/\/www.ferienwohnung-italien-apulien-salento-parabita.de\/wp-content\/uploads\/2025\/06\/Imobilien-1350x2106.jpg 1350w\" sizes=\"auto, (max-width: 1641px) 100vw, 1641px\" \/><\/div><\/div><div class=\"wp-block-getwid-image-box__content\">\n<h3 class=\"wp-block-heading has-text-align-left\">Votre propri\u00e9t\u00e9 de r\u00eave dans les Pouilles, en Italie<\/h3>\n\n\n\n<p><\/p>\n\n\n\n<p>Vous souhaitez acqu\u00e9rir un appartement de vacances dans la r\u00e9gion de Lecce, Galipoli et ses environs, dans le Salento en Italie <\/p>\n\n\n\n<p class=\"has-text-align-left\">ou un appartement, une maison de ville, une maison individuelle, une maison de campagne\/ferme, une villa, alors nous serons heureux de vous aider.<\/p>\n\n\n\n<p><strong>Nous sommes heureux de partager avec vous notre exp\u00e9rience\u2026<\/strong><\/p>\n\n\n\n<p>De la recherche de l&rsquo;objet appropri\u00e9 qui correspond \u00e0 vos besoins ou \u00e0 vos projets, \u00e0 la planification de l&rsquo;estimation r\u00e9elle et v\u00e9ritable des co\u00fbts de r\u00e9novation\/assainissement et \u00e0 la demande d&rsquo;offres aupr\u00e8s des entreprises et des partenaires fiables !! sur place, jusqu&rsquo;au contr\u00f4le et \u00e0 la mise en \u0153uvre contemporaine de votre projet et \u00e0 la planification de la conception,  <\/p>\n\n\n\n<p>Ainsi que l&rsquo;am\u00e9nagement de votre propri\u00e9t\u00e9 avec tous les meubles, les lampes et l&rsquo;\u00e9quipement associ\u00e9 et la planification des co\u00fbts jusqu&rsquo;aux artisans et la planification des affaires juridiques sur place.<\/p>\n\n\n\n<p>Et si n\u00e9cessaire, la commercialisation de votre propri\u00e9t\u00e9 en tant que B&amp;B ou similaire sur le web et sur les plateformes.<\/p>\n\n\n\n<p><strong>Ainsi que la programmation et la conception de votre site web \/ page d&rsquo;accueil et \u00e9galement l&rsquo;h\u00e9bergement web, sur demande sur nos propres serveurs en Allemagne<\/strong><\/p>\n\n\n\n<p>Notre conseil : il existe de nombreux chemins vers votre objectif &#8211; profitez de notre exp\u00e9rience<\/p>\n\n\n\n<p>Nous sommes l\u00e0 pour vous &#8211; demandez-nous ce que nous pouvons faire pour vous&#8230;<\/p>\n\n\n\n<p><\/p>\n<\/div><\/div>\n\n<p><\/p>\n","protected":false},"excerpt":{"rendered":"","protected":false},"author":1,"featured_media":0,"parent":0,"menu_order":0,"comment_status":"closed","ping_status":"closed","template":"template-wider-page.php","meta":{"om_disable_all_campaigns":false,"inline_featured_image":false,"_monsterinsights_skip_tracking":false,"_monsterinsights_sitenote_active":false,"_monsterinsights_sitenote_note":"","_monsterinsights_sitenote_category":0,"footnotes":""},"class_list":["post-5079","page","type-page","status-publish","hentry"],"aioseo_notices":[],"_links":{"self":[{"href":"https:\/\/www.ferienwohnung-italien-apulien-salento-parabita.de\/fr\/wp-json\/wp\/v2\/pages\/5079","targetHints":{"allow":["GET"]}}],"collection":[{"href":"https:\/\/www.ferienwohnung-italien-apulien-salento-parabita.de\/fr\/wp-json\/wp\/v2\/pages"}],"about":[{"href":"https:\/\/www.ferienwohnung-italien-apulien-salento-parabita.de\/fr\/wp-json\/wp\/v2\/types\/page"}],"author":[{"embeddable":true,"href":"https:\/\/www.ferienwohnung-italien-apulien-salento-parabita.de\/fr\/wp-json\/wp\/v2\/users\/1"}],"replies":[{"embeddable":true,"href":"https:\/\/www.ferienwohnung-italien-apulien-salento-parabita.de\/fr\/wp-json\/wp\/v2\/comments?post=5079"}],"version-history":[{"count":9,"href":"https:\/\/www.ferienwohnung-italien-apulien-salento-parabita.de\/fr\/wp-json\/wp\/v2\/pages\/5079\/revisions"}],"predecessor-version":[{"id":9540,"href":"https:\/\/www.ferienwohnung-italien-apulien-salento-parabita.de\/fr\/wp-json\/wp\/v2\/pages\/5079\/revisions\/9540"}],"wp:attachment":[{"href":"https:\/\/www.ferienwohnung-italien-apulien-salento-parabita.de\/fr\/wp-json\/wp\/v2\/media?parent=5079"}],"curies":[{"name":"wp","href":"https:\/\/api.w.org\/{rel}","templated":true}]}}