{"id":5125,"date":"2025-06-16T15:17:56","date_gmt":"2025-06-16T13:17:56","guid":{"rendered":"https:\/\/www.ferienwohnung-italien-apulien-salento-parabita.de\/gastronomie\/"},"modified":"2025-08-03T16:38:41","modified_gmt":"2025-08-03T14:38:41","slug":"gastronomie","status":"publish","type":"page","link":"https:\/\/www.ferienwohnung-italien-apulien-salento-parabita.de\/fr\/gastronomie\/","title":{"rendered":"Gastronomie \u00e0 Parabita et dans ses environs"},"content":{"rendered":"\n<p>Vous trouverez ici un petit extrait de la diversit\u00e9 de la merveilleuse cuisine culinaire du Salento, et de la vari\u00e9t\u00e9 des \u00e9tablissements \u00e0 Parabita<\/p>\n\n<figure class=\"wp-block-image alignwide size-large\"><img decoding=\"async\" src=\"https:\/\/www.ferienwohnung-italien-apulien-salento-parabita.de\/wp-content\/uploads\/2025\/06\/1I-Essen-1024x269.jpg\" alt=\"\" class=\"wp-image-4696\"\/><\/figure>\n\n<div class=\"wp-block-group is-layout-grid wp-container-core-group-is-layout-9649a0d9 wp-block-group-is-layout-grid\">\n<p class=\"wp-container-content-69bc4bdf\"><strong>Lievita 72<\/strong><br\/>Pizzeria<br\/>Corso Roma, 62, 73014, Gallipoli Italie<br\/><a href=\"https:\/\/www.lievita72.it\/\" target=\"_blank\" rel=\"noopener\" title=\"\">https:\/\/www.lievita72.it\/<\/a><br\/>+39 347 226 5994  <\/p>\n\n\n\n<p class=\"wp-container-content-83148919\"><\/p>\n\n\n\n<p class=\"wp-container-content-e29552f7\">Heures d&rsquo;ouverture<br\/>Dimanche 12:00 &#8211; 14:30 \/ 19:00 &#8211; 0:00<br\/>Lundi 19:00 &#8211; 0:00<br\/>Mardi 19:00 &#8211; 0:00<br\/>Mercredi 19:00 &#8211; 0:00<br\/>Jeudi 19:00 &#8211; 0:00<br\/>Vendredi 19:00 &#8211; 0:00<br\/>Samedi 12:00 &#8211; 14:30 \/ 19:00 &#8211; 0:00<\/p>\n<\/div>\n\n<div class=\"wp-block-group is-layout-grid wp-container-core-group-is-layout-9649a0d9 wp-block-group-is-layout-grid\">\n<p class=\"wp-container-content-69bc4bdf\"><strong>Nishiki Sushi Restaurant<\/strong><br\/>Piazza Cesare Terranova 1, 73052, Parabita Italie<br\/><a href=\"https:\/\/www.nishikirestaurant.it\/\" target=\"_blank\" rel=\"noopener\" title=\"\">https:\/\/www.nishikirestaurant.it\/<\/a> +39 333 943 2398<\/p>\n\n\n\n<p class=\"wp-container-content-69bc4bdf\"><\/p>\n\n\n\n<p class=\"wp-container-content-e29552f7\">Heures d&rsquo;ouverture<br\/>Dimanche 19:45 &#8211; 23:45<br\/>Lundi 19:45 &#8211; 23:45<br\/>Mardi 19:45 &#8211; 23:45<br\/>Mercredi Ferm\u00e9<br\/>Jeudi 19:45 &#8211; 23:45<br\/>Vendredi 19:45 &#8211; 23:45<br\/>Samedi 19:45 &#8211; 23:45<\/p>\n<\/div>\n\n<div class=\"wp-block-group is-layout-grid wp-container-core-group-is-layout-9649a0d9 wp-block-group-is-layout-grid\">\n<p class=\"wp-container-content-69bc4bdf\"><strong>Antiche Tradizioni<\/strong><br\/>Restaurant m\u00e9diterran\u00e9en<br\/>Via Vittorio Emanuele Iii N 17, Parabita Italie<br\/><a href=\"https:\/\/www.facebook.com\/antichetradi\/\" target=\"_blank\" rel=\"noopener\" title=\"\">https:\/\/www.facebook.com\/antichetradi\/<\/a><br\/>+39 345 471 1652<\/p>\n\n\n\n<p class=\"wp-container-content-69bc4bdf\"><\/p>\n\n\n\n<p class=\"wp-container-content-e29552f7\">Heures d&rsquo;ouverture<br\/>Dimanche <br\/>Lundi <br\/>Mardi <br\/>Mercredi <br\/>Jeudi <br\/>Vendredi <br\/>Samedi  <\/p>\n<\/div>\n\n<div class=\"wp-block-group is-layout-grid wp-container-core-group-is-layout-9649a0d9 wp-block-group-is-layout-grid\">\n<p class=\"wp-container-content-69bc4bdf\"><strong>Li Rrusti<\/strong><br\/>Restaurant m\u00e9diterran\u00e9en<br\/>Via Principe Umberto, 47 Via principe umberto N 47, 73100 Parabita<br\/><a href=\"https:\/\/www.facebook.com\/LiRusti\/#\" target=\"_blank\" rel=\"noopener\" title=\"\">https:\/\/www.facebook.com\/LiRusti\/#<\/a><br\/>+39 0833 594281<\/p>\n\n\n\n<p class=\"wp-container-content-69bc4bdf\"><\/p>\n\n\n\n<p class=\"wp-container-content-e29552f7\">Heures d&rsquo;ouverture<br\/>Dimanche <br\/>Lundi <br\/>Mardi <br\/>Mercredi <br\/>Jeudi <br\/>Vendredi <br\/>Samedi  <\/p>\n<\/div>\n\n<div class=\"wp-block-group is-layout-grid wp-container-core-group-is-layout-9649a0d9 wp-block-group-is-layout-grid\">\n<p class=\"wp-container-content-69bc4bdf\"><strong>Il Contenitore<\/strong><br\/>Restaurant &amp; Bistrot<br\/>Via Dottor Gaetano Cataldi, 5, 73052, Parabita<br\/>+39 338 840 2263<br\/><a href=\"https:\/\/www.facebook.com\/ilcontenitoredipassione\/\" target=\"_blank\" rel=\"noopener\" title=\"\">https:\/\/www.facebook.com\/ilcontenitoredipassione\/<\/a><\/p>\n\n\n\n<p class=\"wp-container-content-69bc4bdf\"><\/p>\n\n\n\n<p class=\"has-text-align-left wp-container-content-e29552f7\">Heures d&rsquo;ouverture<br\/>Dimanche 12:00 &#8211; 15:30<br\/>Lundi 19:30 &#8211; 23:30<br\/>Mardi Ferm\u00e9<br\/>Mercredi 19:30 &#8211; 23:30<br\/>Jeudi 19:30 &#8211; 23:30<br\/>Vendredi 19:30 &#8211; 23:30<br\/>Samedi 19:30 &#8211; 23:30<\/p>\n<\/div>\n\n<div class=\"wp-block-group is-layout-grid wp-container-core-group-is-layout-9649a0d9 wp-block-group-is-layout-grid\">\n<p class=\"wp-container-content-69bc4bdf\"><strong>Osteria Lo Sturno<\/strong><br\/>Piazza Immacolata, 2, 73052, Parabita<br\/>+39 0833 593477<br\/><a href=\"https:\/\/www.facebook.com\/people\/Osteria-Lo-Sturno\/100054427722572\/#\" target=\"_blank\" rel=\"noopener\" title=\"\">https:\/\/www.facebook.com\/people\/Osteria-Lo-Sturno\/100054427722572\/#<\/a><\/p>\n\n\n\n<p class=\"wp-container-content-69bc4bdf\"><\/p>\n\n\n\n<p class=\"wp-container-content-e29552f7\">Heures d&rsquo;ouverture<br\/>Dimanche 19:30 &#8211; 0:00<br\/>Lundi Ferm\u00e9<br\/>Mardi 19:30 &#8211; 0:00<br\/>Mercredi 19:30 &#8211; 0:00<br\/>Jeudi 19:30 &#8211; 0:00<br\/>Vendredi 19:30 &#8211; 0:00<br\/>Samedi 19:30 &#8211; 0:00<\/p>\n<\/div>\n\n<div class=\"wp-block-group is-layout-grid wp-container-core-group-is-layout-9649a0d9 wp-block-group-is-layout-grid\">\n<p class=\"wp-container-content-69bc4bdf\"><strong>Tenuta Yala Ristorant<\/strong><br\/>Contrada Yala Tenuta Yala Residenza, 73052, Parabita Italie<br\/>+39 348 252 4875<\/p>\n\n\n\n<p class=\"wp-container-content-69bc4bdf\"><\/p>\n\n\n\n<p class=\"has-text-align-left wp-container-content-e29552f7\">Heures d&rsquo;ouverture<br\/>Dimanche <br\/>Lundi <br\/>Mardi <br\/>Mercredi <br\/>Jeudi <br\/>Vendredi <br\/>Samedi  <\/p>\n<\/div>\n\n<div class=\"wp-block-group is-layout-grid wp-container-core-group-is-layout-9649a0d9 wp-block-group-is-layout-grid\">\n<p class=\"wp-container-content-69bc4bdf\"><strong>L&rsquo;Artigiano della pizza<\/strong><br\/>Via John Fitzgerald Kennedy 1 Nei pressi del campo sportivo, 73052, Parabita Italie<br\/>+39 347 255 8428<\/p>\n\n\n\n<p class=\"wp-container-content-69bc4bdf\"><\/p>\n\n\n\n<p class=\"wp-container-content-e29552f7\">Heures d&rsquo;ouverture<br\/>Dimanche 18:00 &#8211; 0:00<br\/>Lundi Ferm\u00e9<br\/>Mardi 18:00 &#8211; 0:00<br\/>Mercredi 18:00 &#8211; 0:00<br\/>Jeudi 18:00 &#8211; 0:00<br\/>Vendredi 18:00 &#8211; 0:00<br\/>Samedi 18:00 &#8211; 0:00<\/p>\n<\/div>\n\n<div class=\"wp-block-group is-layout-grid wp-container-core-group-is-layout-9649a0d9 wp-block-group-is-layout-grid\">\n<p class=\"wp-container-content-69bc4bdf\"><strong>Le Veneri &#8211; Ristorante <\/strong>Pizzeria<strong><br\/><\/strong>Via Coltura 70 piazza Basilica Santuario Maria SS. Della Coltura, 73052, Parabita Italie<br\/>+39 0833 593218 <\/p>\n\n\n\n<p class=\"wp-container-content-69bc4bdf\"><\/p>\n\n\n\n<p class=\"wp-container-content-e29552f7\">Heures d&rsquo;ouverture<br\/>Dimanche 12:30 &#8211; 14:00 \/ 19:00 &#8211; 23:30<br\/>Lundi 12:30 &#8211; 14:00 \/ 19:00 &#8211; 23:30<br\/>Mardi 19:00 &#8211; 23:30 \/<br\/>Mercredi 12:30 &#8211; 14:00 \/ 19:00 &#8211; 23:30<br\/>Jeudi 12:30 &#8211; 14:00 \/ 19:00 &#8211; 23:30<br\/>Vendredi 12:30 &#8211; 14:00 \/ 19:00 &#8211; 23:30<br\/>Samedi 12:30 &#8211; 14:00 \/ 19:00 &#8211; 23:30<\/p>\n<\/div>\n\n<div class=\"wp-block-group is-layout-grid wp-container-core-group-is-layout-9649a0d9 wp-block-group-is-layout-grid\">\n<p class=\"wp-container-content-69bc4bdf\"><strong>In een oogopslag Pizzeria<\/strong><br\/>Via Lucia La Greca 1, 73052, Parabita Italie<br\/><\/p>\n\n\n\n<p class=\"wp-container-content-69bc4bdf\"><\/p>\n\n\n\n<p class=\"has-text-align-left wp-container-content-e29552f7\">Heures d&rsquo;ouverture<br\/>Dimanche <br\/>Lundi <br\/>Mardi <br\/>Mercredi <br\/>Jeudi <br\/>Vendredi <br\/>Samedi  <\/p>\n<\/div>\n\n<div class=\"wp-block-group is-layout-grid wp-container-core-group-is-layout-9649a0d9 wp-block-group-is-layout-grid\">\n<p class=\"wp-container-content-69bc4bdf\"><strong>Heffort Sport Village<\/strong><br\/>Strada Provinciale 361 Km 16,630, 73052, Parabita Italie<br\/>+39 334 528 1140<\/p>\n\n\n\n<p class=\"wp-container-content-69bc4bdf\"><\/p>\n\n\n\n<p class=\"wp-container-content-e29552f7\">Heures d&rsquo;ouverture<br\/>Dimanche 14:00 &#8211; 23:30<br\/>Lundi 8:00 &#8211; 23:30<br\/>Mardi 8:00 &#8211; 13:00 \/ 14:00 &#8211; 23:30<br\/>Mercredi 8:00 &#8211; 13:00 \/ 14:00 &#8211; 23:30<br\/>Jeudi 8:00 &#8211; 13:00 \/ 14:00 &#8211; 23:30<br\/>Vendredi 8:00 &#8211; 13:00 \/ 14:00 &#8211; 23:30<br\/>Samedi 8:00 &#8211; 13:00 \/ 14:00 &#8211; 23:30<\/p>\n<\/div>\n\n<div class=\"wp-block-group is-layout-grid wp-container-core-group-is-layout-9649a0d9 wp-block-group-is-layout-grid\">\n<p class=\"wp-container-content-69bc4bdf\"><strong>Agriturismo Cutura Agri Resor<\/strong>t<br\/>Italien, Poissons et fruits de mer Via Provinciale Gallipoli, 73052, Parabita Italie<br\/>+39 328 238 7397<\/p>\n\n\n\n<p class=\"wp-container-content-69bc4bdf\"><\/p>\n\n\n\n<p class=\"wp-container-content-e29552f7\">Heures d&rsquo;ouverture<br\/>Dimanche 12:00 &#8211; 15:00<br\/>Lundi Ferm\u00e9<br\/>Mardi 19:30 &#8211; 23:00<br\/>Mercredi 19:30 &#8211; 23:00<br\/>Jeudi 19:30 &#8211; 23:00<br\/>Vendredi 19:30 &#8211; 23:00<br\/>Samedi 19:30 &#8211; 23:00<\/p>\n<\/div>\n\n<div class=\"wp-block-group is-layout-grid wp-container-core-group-is-layout-9649a0d9 wp-block-group-is-layout-grid\">\n<p class=\"wp-container-content-69bc4bdf\"><strong>La Madre<\/strong><br\/>Italien, Vin<br\/>Piazza Umberto I, 73052, Parabita Italie<br\/>+39 347 826 3773<\/p>\n\n\n\n<p class=\"wp-container-content-69bc4bdf\"><\/p>\n\n\n\n<p class=\"wp-container-content-e29552f7\">Heures d&rsquo;ouverture<br\/>Dimanche 18:00 &#8211; 0:00<br\/>Lundi Ferm\u00e9<br\/>Mardi 18:00 &#8211; 0:00<br\/>Mercredi 18:00 &#8211; 0:00<br\/>Jeudi 18:00 &#8211; 0:00<br\/>Vendredi 18:00 &#8211; 0:00<br\/>Samedi 18:00 &#8211; 0:00<\/p>\n\n\n\n<p class=\"wp-container-content-69bc4bdf\"><strong>L&rsquo;Antico Palazzo<\/strong><br\/>Via Vittorio Emanuele III 15, 73052, Parabita Italie<br\/>+39 0833 509865<\/p>\n\n\n\n<p class=\"wp-container-content-69bc4bdf\"><\/p>\n\n\n\n<p class=\"wp-container-content-e29552f7\">Heures d&rsquo;ouverture<br\/>Dimanche <br\/>Lundi <br\/>Mardi <br\/>Mercredi <br\/>Jeudi <br\/>Vendredi <br\/>Samedi  <\/p>\n<\/div>\n\n<div class=\"wp-block-group is-layout-grid wp-container-core-group-is-layout-9649a0d9 wp-block-group-is-layout-grid\">\n<p class=\"wp-container-content-69bc4bdf\"><strong>Mav\u00e8 <\/strong>Petit-d\u00e9jeuner, Brunch<br\/>Via Impero, 73052, Parabita Italie<br\/>+39 339 736 7175<br\/><a href=\"https:\/\/www.facebook.com\/maveparabita\/\" target=\"_blank\" rel=\"noopener\" title=\"\">https:\/\/www.facebook.com\/maveparabita\/<\/a><\/p>\n\n\n\n<p class=\"wp-container-content-69bc4bdf\"><\/p>\n\n\n\n<p class=\"wp-container-content-e29552f7\">Heures d&rsquo;ouverture<br\/>Dimanche <br\/>Lundi <br\/>Mardi <br\/>Mercredi <br\/>Jeudi <br\/>Vendredi <br\/>Samedi  <\/p>\n\n\n\n<p class=\"wp-container-content-69bc4bdf\"><strong>Pizzeria Pit Stop<\/strong><br\/>Pizzeria<br\/>Via Provinciale Matino, 73052, Parabita Italie<\/p>\n\n\n\n<p class=\"wp-container-content-69bc4bdf\"><\/p>\n\n\n\n<p class=\"wp-container-content-e29552f7\">Heures d&rsquo;ouverture<br\/>Dimanche <br\/>Lundi <br\/>Mardi <br\/>Mercredi <br\/>Jeudi <br\/>Vendredi <br\/>Samedi  <\/p>\n<\/div>\n\n<p>D&rsquo;autres adresses d&rsquo;\u00e9tablissements de Parabita et des environs suivront&#8230;&#8230;&#8230;&#8230;.<\/p>\n\n<p><\/p>\n","protected":false},"excerpt":{"rendered":"<p>Pizzeria \u2013 Restaurant \u2013 Bistro \u2013 Restaurant m\u00e9diterran\u00e9en \u2013 Poissons et fruits de mer<\/p>\n","protected":false},"author":1,"featured_media":0,"parent":0,"menu_order":0,"comment_status":"closed","ping_status":"closed","template":"template-wider-page.php","meta":{"om_disable_all_campaigns":false,"inline_featured_image":false,"_monsterinsights_skip_tracking":false,"_monsterinsights_sitenote_active":false,"_monsterinsights_sitenote_note":"","_monsterinsights_sitenote_category":0,"footnotes":""},"class_list":["post-5125","page","type-page","status-publish","hentry"],"aioseo_notices":[],"_links":{"self":[{"href":"https:\/\/www.ferienwohnung-italien-apulien-salento-parabita.de\/fr\/wp-json\/wp\/v2\/pages\/5125","targetHints":{"allow":["GET"]}}],"collection":[{"href":"https:\/\/www.ferienwohnung-italien-apulien-salento-parabita.de\/fr\/wp-json\/wp\/v2\/pages"}],"about":[{"href":"https:\/\/www.ferienwohnung-italien-apulien-salento-parabita.de\/fr\/wp-json\/wp\/v2\/types\/page"}],"author":[{"embeddable":true,"href":"https:\/\/www.ferienwohnung-italien-apulien-salento-parabita.de\/fr\/wp-json\/wp\/v2\/users\/1"}],"replies":[{"embeddable":true,"href":"https:\/\/www.ferienwohnung-italien-apulien-salento-parabita.de\/fr\/wp-json\/wp\/v2\/comments?post=5125"}],"version-history":[{"count":5,"href":"https:\/\/www.ferienwohnung-italien-apulien-salento-parabita.de\/fr\/wp-json\/wp\/v2\/pages\/5125\/revisions"}],"predecessor-version":[{"id":7753,"href":"https:\/\/www.ferienwohnung-italien-apulien-salento-parabita.de\/fr\/wp-json\/wp\/v2\/pages\/5125\/revisions\/7753"}],"wp:attachment":[{"href":"https:\/\/www.ferienwohnung-italien-apulien-salento-parabita.de\/fr\/wp-json\/wp\/v2\/media?parent=5125"}],"curies":[{"name":"wp","href":"https:\/\/api.w.org\/{rel}","templated":true}]}}