{"id":5152,"date":"2025-06-17T14:31:43","date_gmt":"2025-06-17T12:31:43","guid":{"rendered":"https:\/\/www.ferienwohnung-italien-apulien-salento-parabita.de\/top-strande-bei-parabita-de\/"},"modified":"2025-08-03T16:30:52","modified_gmt":"2025-08-03T14:30:52","slug":"top-strande-bei-parabita-de","status":"publish","type":"page","link":"https:\/\/www.ferienwohnung-italien-apulien-salento-parabita.de\/fr\/top-strande-bei-parabita-de\/","title":{"rendered":"Meilleures plages pr\u00e8s de Parabita"},"content":{"rendered":"\n<p>Que vous soyez \u00e0 la recherche d&rsquo;une plage tranquille, d&rsquo;une plage de sable familiale ou d&rsquo;une plage avec des activit\u00e9s nautiques, vous trouverez votre bonheur dans les Pouilles. Quiconque est venu ici revient toujours dans les Pouilles.<\/p>\n\n<div class=\"wp-block-columns is-layout-flex wp-container-core-columns-is-layout-9d6595d7 wp-block-columns-is-layout-flex\">\n<div class=\"wp-block-column is-layout-flow wp-block-column-is-layout-flow\" style=\"flex-basis:100%\">\n<div id=\"Str\u00e4nde-Parabita\" class=\"wp-block-getwid-section has-inner-blocks-gap-undefined is-style-rounded is-style-default has-inner-blocks-gap-medium getwid-margin-bottom-large getwid-section-content-full-width\"><div class=\"wp-block-getwid-section__wrapper getwid-justify-content-flex-start\" style=\"min-height:600px\"><div class=\"wp-block-getwid-section__divider is-top-divider\"><svg style=\"height:6px\" x=\"0px\" y=\"0px\" viewbox=\"0 0 996 4\" preserveaspectratio=\"xMidYMax slice\" class=\"wp-block-getwid-section__divider-svg wp-block-getwid-section__divider-svg-negative\"><path fill=\"white\" class=\"wp-block-getwid-section__divider-svg-fill\" d=\"M990,1c-2.8,0-3.2,2-6,2c-2.8,0-3.2-2-6-2c-2.8,0-3.2,2-6,2c-2.8,0-3.2-2-6-2c-2.8,0-3.2,2-6,2c-2.8,0-3.2-2-6-2c-2.8,0-3.2,2-6,2c-2.8,0-3.2-2-6-2c-2.8,0-3.2,2-6,2c-2.8,0-3.2-2-6-2c-2.8,0-3.2,2-6,2c-2.8,0-3.2-2-6-2c-2.8,0-3.2,2-6,2c-2.8,0-3.2-2-6-2c-2.8,0-3.2,2-6,2c-2.8,0-3.2-2-6-2c-2.8,0-3.2,2-6,2c-2.8,0-3.2-2-6-2c-2.8,0-3.2,2-6,2c-2.8,0-3.2-2-6-2c-2.8,0-3.2,2-6,2c-2.8,0-3.2-2-6-2c-2.8,0-3.2,2-6,2c-2.8,0-3.2-2-6-2c-2.8,0-3.2,2-6,2c-2.8,0-3.2-2-6-2c-2.8,0-3.2,2-6,2c-2.8,0-3.2-2-6-2c-2.8,0-3.2,2-6,2c-2.8,0-3.2-2-6-2c-2.8,0-3.2,2-6,2c-2.8,0-3.2-2-6-2c-2.8,0-3.2,2-6,2c-2.8,0-3.2-2-6-2c-2.8,0-3.2,2-6,2c-2.8,0-3.2-2-6-2c-2.8,0-3.2,2-6,2c-2.8,0-3.2-2-6-2c-2.8,0-3.2,2-6,2c-2.8,0-3.2-2-6-2c-2.8,0-3.2,2-6,2c-2.8,0-3.2-2-6-2c-2.8,0-3.2,2-6,2c-2.8,0-3.2-2-6-2c-2.8,0-3.2,2-6,2c-2.8,0-3.2-2-6-2c-2.8,0-3.2,2-6,2c-2.8,0-3.2-2-6-2c-2.8,0-3.2,2-6,2c-2.8,0-3.2-2-6-2c-2.8,0-3.2,2-6,2c-2.8,0-3.2-2-6-2c-2.8,0-3.2,2-6,2c-2.8,0-3.2-2-6-2c-2.8,0-3.2,2-6,2c-2.8,0-3.2-2-6-2c-2.8,0-3.2,2-6,2c-2.8,0-3.2-2-6-2c-2.8,0-3.2,2-6,2c-2.8,0-3.2-2-6-2c-2.8,0-3.2,2-6,2c-2.8,0-3.2-2-6-2c-2.8,0-3.2,2-6,2c-2.8,0-3.2-2-6-2c-2.8,0-3.2,2-6,2c-2.8,0-3.2-2-6-2c-2.8,0-3.2,2-6,2c-2.8,0-3.2-2-6-2c-2.8,0-3.2,2-6,2c-2.8,0-3.2-2-6-2c-2.8,0-3.2,2-6,2c-2.8,0-3.2-2-6-2c-2.8,0-3.2,2-6,2c-2.8,0-3.2-2-6-2c-2.8,0-3.2,2-6,2c-2.8,0-3.2-2-6-2c-2.8,0-3.2,2-6,2c-2.8,0-3.2-2-6-2c-2.8,0-3.2,2-6,2c-2.8,0-3.2-2-6-2c-2.8,0-3.2,2-6,2c-2.8,0-3.2-2-6-2c-2.8,0-3.2,2-6,2c-2.8,0-3.2-2-6-2c-2.8,0-3.2,2-6,2c-2.8,0-3.2-2-6-2c-2.8,0-3.2,2-6,2c-2.8,0-3.2-2-6-2c-2.8,0-3.2,2-6,2c-2.8,0-3.2-2-6-2c-2.8,0-3.2,2-6,2c-2.8,0-3.2-2-6-2c-2.8,0-3.2,2-6,2c-2.8,0-3.2-2-6-2c-2.8,0-3.2,2-6,2c-2.8,0-3.2-2-6-2c-2.8,0-3.2,2-6,2c-2.8,0-3.2-2-6-2c-2.8,0-3.2,2-6,2c-2.8,0-3.2-2-6-2c-2.8,0-3.2,2-6,2c-2.8,0-3.2-2-6-2c-2.8,0-3.2,2-6,2c-2.8,0-3.2-2-6-2c-2.8,0-3.2,2-6,2c-2.8,0-3.2-2-6-2c-2.8,0-3.2,2-6,2c-2.8,0-3.2-2-6-2c-2.8,0-3.2,2-6,2c-2.8,0-3.2-2-6-2c-2.8,0-3.2,2-6,2c-2.8,0-3.2-2-6-2c-2.8,0-3.2,2-6,2c-2.8,0-3.2-2-6-2c-2.8,0-3.2,2-6,2c-2.8,0-3.2-2-6-2c-2.8,0-3.2,2-6,2c-2.8,0-3.2-2-6-2c-2.8,0-3.2,2-6,2c-2.8,0-3.2-2-6-2c-2.8,0-3.2,2-6,2c-2.8,0-3.2-2-6-2c-2.8,0-3.2,2-6,2c-2.8,0-3.2-2-6-2c-2.8,0-3.2,2-6,2c-2.8,0-3.2-2-6-2c-2.8,0-3.2,2-6,2c-2.8,0-3.2-2-6-2c-2.8,0-3.2,2-6,2c-2.8,0-3.2-2-6-2c-2.8,0-3.2,2-6,2c-2.8,0-3.2-2-6-2c-2.8,0-3.2,2-6,2c-2.8,0-3.2-2-6-2c-2.8,0-3.2,2-6,2c-2.8,0-3.2-2-6-2c-2.8,0-3.2,2-6,2c-2.8,0-3.2-2-6-2c-2.8,0-3.2,2-6,2c-2.8,0-3.2-2-6-2c-2.8,0-3.2,2-6,2c-2.8,0-3.2-2-6-2c-2.8,0-3.2,2-6,2c-2.8,0-3.2-2-6-2c-2.8,0-3.2,2-6,2c-2.8,0-3.2-2-6-2c-2.8,0-3.2,2-6,2c-2.8,0-3.2-2-6-2c-2.8,0-3.2,2-6,2c-2.8,0-3.2-2-6-2c-2.8,0-3.2,2-6,2c-2.8,0-3.2-2-6-2c-2.8,0-3.2,2-6,2c-2.8,0-3.2-2-6-2c-2.8,0-3.2,2-6,2c-2.8,0-3.2-2-6-2c-2.8,0-3.2,2-6,2c-2.8,0-3.2-2-6-2c-2.8,0-3.2,2-6,2c-2.8,0-3.2-2-6-2c-2.8,0-3.2,2-6,2c-2.8,0-3.2-2-6-2c-2.8,0-3.2,2-6,2C9.2,3,8.8,1,6,1C3.2,1,2.8,3,0,3v1h996V3C993.2,3,992.8,1,990,1z\"><\/path><\/svg><\/div><div class=\"wp-block-getwid-section__divider is-bottom-divider\"><svg style=\"height:6px\" x=\"0px\" y=\"0px\" viewbox=\"0 0 996 4\" preserveaspectratio=\"xMidYMax slice\" class=\"wp-block-getwid-section__divider-svg wp-block-getwid-section__divider-svg-negative\"><path fill=\"#ffffff\" class=\"wp-block-getwid-section__divider-svg-fill\" d=\"M990,1c-2.8,0-3.2,2-6,2c-2.8,0-3.2-2-6-2c-2.8,0-3.2,2-6,2c-2.8,0-3.2-2-6-2c-2.8,0-3.2,2-6,2c-2.8,0-3.2-2-6-2c-2.8,0-3.2,2-6,2c-2.8,0-3.2-2-6-2c-2.8,0-3.2,2-6,2c-2.8,0-3.2-2-6-2c-2.8,0-3.2,2-6,2c-2.8,0-3.2-2-6-2c-2.8,0-3.2,2-6,2c-2.8,0-3.2-2-6-2c-2.8,0-3.2,2-6,2c-2.8,0-3.2-2-6-2c-2.8,0-3.2,2-6,2c-2.8,0-3.2-2-6-2c-2.8,0-3.2,2-6,2c-2.8,0-3.2-2-6-2c-2.8,0-3.2,2-6,2c-2.8,0-3.2-2-6-2c-2.8,0-3.2,2-6,2c-2.8,0-3.2-2-6-2c-2.8,0-3.2,2-6,2c-2.8,0-3.2-2-6-2c-2.8,0-3.2,2-6,2c-2.8,0-3.2-2-6-2c-2.8,0-3.2,2-6,2c-2.8,0-3.2-2-6-2c-2.8,0-3.2,2-6,2c-2.8,0-3.2-2-6-2c-2.8,0-3.2,2-6,2c-2.8,0-3.2-2-6-2c-2.8,0-3.2,2-6,2c-2.8,0-3.2-2-6-2c-2.8,0-3.2,2-6,2c-2.8,0-3.2-2-6-2c-2.8,0-3.2,2-6,2c-2.8,0-3.2-2-6-2c-2.8,0-3.2,2-6,2c-2.8,0-3.2-2-6-2c-2.8,0-3.2,2-6,2c-2.8,0-3.2-2-6-2c-2.8,0-3.2,2-6,2c-2.8,0-3.2-2-6-2c-2.8,0-3.2,2-6,2c-2.8,0-3.2-2-6-2c-2.8,0-3.2,2-6,2c-2.8,0-3.2-2-6-2c-2.8,0-3.2,2-6,2c-2.8,0-3.2-2-6-2c-2.8,0-3.2,2-6,2c-2.8,0-3.2-2-6-2c-2.8,0-3.2,2-6,2c-2.8,0-3.2-2-6-2c-2.8,0-3.2,2-6,2c-2.8,0-3.2-2-6-2c-2.8,0-3.2,2-6,2c-2.8,0-3.2-2-6-2c-2.8,0-3.2,2-6,2c-2.8,0-3.2-2-6-2c-2.8,0-3.2,2-6,2c-2.8,0-3.2-2-6-2c-2.8,0-3.2,2-6,2c-2.8,0-3.2-2-6-2c-2.8,0-3.2,2-6,2c-2.8,0-3.2-2-6-2c-2.8,0-3.2,2-6,2c-2.8,0-3.2-2-6-2c-2.8,0-3.2,2-6,2c-2.8,0-3.2-2-6-2c-2.8,0-3.2,2-6,2c-2.8,0-3.2-2-6-2c-2.8,0-3.2,2-6,2c-2.8,0-3.2-2-6-2c-2.8,0-3.2,2-6,2c-2.8,0-3.2-2-6-2c-2.8,0-3.2,2-6,2c-2.8,0-3.2-2-6-2c-2.8,0-3.2,2-6,2c-2.8,0-3.2-2-6-2c-2.8,0-3.2,2-6,2c-2.8,0-3.2-2-6-2c-2.8,0-3.2,2-6,2c-2.8,0-3.2-2-6-2c-2.8,0-3.2,2-6,2c-2.8,0-3.2-2-6-2c-2.8,0-3.2,2-6,2c-2.8,0-3.2-2-6-2c-2.8,0-3.2,2-6,2c-2.8,0-3.2-2-6-2c-2.8,0-3.2,2-6,2c-2.8,0-3.2-2-6-2c-2.8,0-3.2,2-6,2c-2.8,0-3.2-2-6-2c-2.8,0-3.2,2-6,2c-2.8,0-3.2-2-6-2c-2.8,0-3.2,2-6,2c-2.8,0-3.2-2-6-2c-2.8,0-3.2,2-6,2c-2.8,0-3.2-2-6-2c-2.8,0-3.2,2-6,2c-2.8,0-3.2-2-6-2c-2.8,0-3.2,2-6,2c-2.8,0-3.2-2-6-2c-2.8,0-3.2,2-6,2c-2.8,0-3.2-2-6-2c-2.8,0-3.2,2-6,2c-2.8,0-3.2-2-6-2c-2.8,0-3.2,2-6,2c-2.8,0-3.2-2-6-2c-2.8,0-3.2,2-6,2c-2.8,0-3.2-2-6-2c-2.8,0-3.2,2-6,2c-2.8,0-3.2-2-6-2c-2.8,0-3.2,2-6,2c-2.8,0-3.2-2-6-2c-2.8,0-3.2,2-6,2c-2.8,0-3.2-2-6-2c-2.8,0-3.2,2-6,2c-2.8,0-3.2-2-6-2c-2.8,0-3.2,2-6,2c-2.8,0-3.2-2-6-2c-2.8,0-3.2,2-6,2c-2.8,0-3.2-2-6-2c-2.8,0-3.2,2-6,2c-2.8,0-3.2-2-6-2c-2.8,0-3.2,2-6,2c-2.8,0-3.2-2-6-2c-2.8,0-3.2,2-6,2c-2.8,0-3.2-2-6-2c-2.8,0-3.2,2-6,2c-2.8,0-3.2-2-6-2c-2.8,0-3.2,2-6,2c-2.8,0-3.2-2-6-2c-2.8,0-3.2,2-6,2c-2.8,0-3.2-2-6-2c-2.8,0-3.2,2-6,2c-2.8,0-3.2-2-6-2c-2.8,0-3.2,2-6,2c-2.8,0-3.2-2-6-2c-2.8,0-3.2,2-6,2c-2.8,0-3.2-2-6-2c-2.8,0-3.2,2-6,2c-2.8,0-3.2-2-6-2c-2.8,0-3.2,2-6,2c-2.8,0-3.2-2-6-2c-2.8,0-3.2,2-6,2c-2.8,0-3.2-2-6-2c-2.8,0-3.2,2-6,2c-2.8,0-3.2-2-6-2c-2.8,0-3.2,2-6,2c-2.8,0-3.2-2-6-2c-2.8,0-3.2,2-6,2c-2.8,0-3.2-2-6-2c-2.8,0-3.2,2-6,2c-2.8,0-3.2-2-6-2c-2.8,0-3.2,2-6,2c-2.8,0-3.2-2-6-2c-2.8,0-3.2,2-6,2c-2.8,0-3.2-2-6-2c-2.8,0-3.2,2-6,2C9.2,3,8.8,1,6,1C3.2,1,2.8,3,0,3v1h996V3C993.2,3,992.8,1,990,1z\"><\/path><\/svg><\/div><div class=\"wp-block-getwid-section__inner-wrapper\"><div class=\"wp-block-getwid-section__background-holder\"><div class=\"wp-block-getwid-section__background has-background has-white-background-color\" style=\"background-image:url('https:\/\/www.ferienwohnung-italien-apulien-salento-parabita.de\/wp-content\/uploads\/2025\/08\/Top-Straende-bei-Parabita-1.jpg');background-position:top center;background-repeat:no-repeat;background-attachment:fixed;background-size:auto\"><div class=\"wp-block-getwid-section__background-image-wrapper\"><img decoding=\"async\" class=\"wp-block-getwid-section__background-image\" src=\"https:\/\/www.ferienwohnung-italien-apulien-salento-parabita.de\/wp-content\/uploads\/2025\/08\/Top-Straende-bei-Parabita-1.jpg\" alt=\"Meilleures plages pr\u00e8s de Parabita\"><\/div><\/div><div class=\"wp-block-getwid-section__foreground\" style=\"opacity:0.75;background-color:#fec9ff;background-image:linear-gradient(155deg,rgba(255,237,154) 0%,rgba(149,230,255) 100%);mix-blend-mode:darken\"><\/div><\/div><div class=\"wp-block-getwid-section__content\"><div class=\"wp-block-getwid-section__inner-content\"><\/div><\/div><\/div><\/div><\/div>\n<\/div>\n<\/div>\n\n<iframe style=\"width: 100%; border: none; height: 215px; background-color: transparent;\" src=\"https:\/\/www.wetter.de\/widget\/3tage\/srhgue1x\/false\/\"><\/iframe><br\/><a href=\"https:\/\/www.wetter.de\" rel=\"nofollow\" target=\"_blank\"><\/a>\n\n<div class=\"wp-block-group is-nowrap is-layout-flex wp-container-core-group-is-layout-ad2f72ca wp-block-group-is-layout-flex\">\n<p><strong>Spiaggia di Baia Verde<\/strong> &#8211; \u00e0 9,9 km du centre de Parabita<br\/>La Spiaggia di Baia Verde est une plage pittoresque situ\u00e9e pr\u00e8s de Gallipoli dans la r\u00e9gion du Salento en Italie, \u00e0 environ 3 km du centre-ville<\/p>\n<\/div>\n\n<p><strong>Spiaggia della Purit\u00e0<\/strong> &#8211; \u00e0 13,2 km du centre de Parabita<\/p>\n\n<p>La Spiaggia della Purit\u00e0, \u00e9galement connue sous le nom de Plage de la Puret\u00e9, est situ\u00e9e dans la ville c\u00f4ti\u00e8re de Gallipoli dans la r\u00e9gion du Salento dans les Pouilles. Cette plage publique est r\u00e9put\u00e9e pour son atmosph\u00e8re paisible et sa beaut\u00e9 immacul\u00e9e <\/p>\n\n<p><strong>Conchiglie Alto Lido <\/strong>&#8211;<strong> <\/strong>\u00c0 14,9 km du centre de Parabita<br\/>Cet endroit est aussi appel\u00e9 les petites Cara\u00efbes en raison de sa plage de sable blanc et de son eau verte cristalline. Et bien s\u00fbr, les bars de plage pour se rafra\u00eechir de temps en temps ne doivent pas manquer. <\/p>\n\n<p><strong>Spiaggia di Porto Selvaggio<\/strong> &#8211; \u00e0 16,9 km du centre de Parabita<br\/>La Spiaggia di Porto Selvaggio est une magnifique plage situ\u00e9e dans une baie entour\u00e9e par la nature. La plage est r\u00e9put\u00e9e pour son eau merveilleuse et ses formations rocheuses \u00e0 couper le souffle <\/p>\n\n<p><strong>Fixed Point Beach<\/strong> &#8211; \u00e0 11,4 km du centre de Parabita<br\/>Fixed Point Beach est une destination pris\u00e9e, connue pour son eau claire et fra\u00eeche et son sable exceptionnel. La plage est entour\u00e9e d&rsquo;arbres <\/p>\n\n<p><strong>Lido Sol D \u00ab oro \u00bb<\/strong> &#8211; \u00e0 11,6 km du centre de Parabita<br\/>Lido Sol Doro est une plage r\u00e9put\u00e9e pour sa beaut\u00e9 naturelle et ses commodit\u00e9s pratiques<\/p>\n\n<p><strong>Spiaggia del Mare dei Cavalli <\/strong>&#8211; \u00e0 13,4 km du centre de Parabita<br\/>La Spiaggia del Mare dei Cavalli est une petite plage de sable situ\u00e9e \u00e0 Marina Di Mancaversa-Giannelli<\/p>\n\n<p><strong>Santa Caterina Beach<\/strong> &#8211; \u00e0 15,6 km du centre de Parabita<br\/>La plage de Santa Caterina est une petite plage charmante situ\u00e9e dans la ville de Nard\u00f2. La plage se caract\u00e9rise par un m\u00e9lange de sable et de rochers <\/p>\n\n<p><strong>Lido Isola Beach<\/strong> &#8211; \u00e0 18,8 km du centre de Parabita<br\/>La plage est r\u00e9put\u00e9e pour sa beaut\u00e9 naturelle et offre une mer cristalline.<\/p>\n\n<p><strong>Spiaggia di Torre San Giovanni <\/strong>&#8211; \u00e0 18,9 km du centre de Parabita<br\/>La Spiaggia di Torre San Giovanni est une plage populaire, r\u00e9put\u00e9e pour ses eaux fantastiquement claires et peu profondes<\/p>\n\n<p><strong>Bikini Beach<\/strong> &#8211; \u00e0 9,8 km du centre de Parabita<br\/>La Bikini Beach est une station baln\u00e9aire renomm\u00e9e dans la pittoresque ville de Gallipoli. Cette plage est connue pour sa large bande de sable et sa mer claire et cristalline, offrant un cadre de r\u00eave <\/p>\n\n<p><strong>Lido Blue Bay Beach<\/strong> &#8211; \u00e0 10 km du centre de Parabita<br\/>La plage se distingue par ses eaux chaudes et peu profondes et la clart\u00e9 de sa mer. La pr\u00e9sence de vagues contribue \u00e0 son charme <\/p>\n\n<p><strong>Lido P\u00f4r do Sol<\/strong> &#8211; \u00e0 10 km du centre de Parabita<br\/>Lido P\u00f4r do Sol est une plage \u00e0 couper le souffle situ\u00e9e \u00e0 Baia Verde<\/p>\n\n<p><strong>Lovers Beach<\/strong> &#8211; \u00e0 10,2 km du centre de Parabita<br\/>La Lovers Beach est une plage pittoresque situ\u00e9e entre Gallipoli et Leuca<\/p>\n\n<p><strong>Spiaggia di Punta della Suina<\/strong> &#8211; \u00e0 11 km du centre de Parabita<br\/>Elle est consid\u00e9r\u00e9e comme l&rsquo;une des plus belles plages de la r\u00e9gion du Salento.<\/p>\n\n<p>et il y a encore d&rsquo;autres belles plages et baies<\/p>\n\n<p><\/p>\n","protected":false},"excerpt":{"rendered":"<p>Les Pouilles offrent une telle vari\u00e9t\u00e9 de plages qu&rsquo;il y en a pour tous les go\u00fbts.<\/p>\n","protected":false},"author":1,"featured_media":0,"parent":0,"menu_order":0,"comment_status":"closed","ping_status":"closed","template":"template-wider-page.php","meta":{"om_disable_all_campaigns":false,"inline_featured_image":false,"_monsterinsights_skip_tracking":false,"_monsterinsights_sitenote_active":false,"_monsterinsights_sitenote_note":"","_monsterinsights_sitenote_category":0,"footnotes":""},"class_list":["post-5152","page","type-page","status-publish","hentry"],"aioseo_notices":[],"_links":{"self":[{"href":"https:\/\/www.ferienwohnung-italien-apulien-salento-parabita.de\/fr\/wp-json\/wp\/v2\/pages\/5152","targetHints":{"allow":["GET"]}}],"collection":[{"href":"https:\/\/www.ferienwohnung-italien-apulien-salento-parabita.de\/fr\/wp-json\/wp\/v2\/pages"}],"about":[{"href":"https:\/\/www.ferienwohnung-italien-apulien-salento-parabita.de\/fr\/wp-json\/wp\/v2\/types\/page"}],"author":[{"embeddable":true,"href":"https:\/\/www.ferienwohnung-italien-apulien-salento-parabita.de\/fr\/wp-json\/wp\/v2\/users\/1"}],"replies":[{"embeddable":true,"href":"https:\/\/www.ferienwohnung-italien-apulien-salento-parabita.de\/fr\/wp-json\/wp\/v2\/comments?post=5152"}],"version-history":[{"count":14,"href":"https:\/\/www.ferienwohnung-italien-apulien-salento-parabita.de\/fr\/wp-json\/wp\/v2\/pages\/5152\/revisions"}],"predecessor-version":[{"id":9508,"href":"https:\/\/www.ferienwohnung-italien-apulien-salento-parabita.de\/fr\/wp-json\/wp\/v2\/pages\/5152\/revisions\/9508"}],"wp:attachment":[{"href":"https:\/\/www.ferienwohnung-italien-apulien-salento-parabita.de\/fr\/wp-json\/wp\/v2\/media?parent=5152"}],"curies":[{"name":"wp","href":"https:\/\/api.w.org\/{rel}","templated":true}]}}