{"id":5161,"date":"2025-06-17T15:04:50","date_gmt":"2025-06-17T13:04:50","guid":{"rendered":"https:\/\/www.ferienwohnung-italien-apulien-salento-parabita.de\/nachbarstadte-von-parabita-de\/"},"modified":"2025-08-05T11:17:56","modified_gmt":"2025-08-05T09:17:56","slug":"nachbarstadte-von-parabita-de","status":"publish","type":"page","link":"https:\/\/www.ferienwohnung-italien-apulien-salento-parabita.de\/fr\/nachbarstadte-von-parabita-de\/","title":{"rendered":"Points d&rsquo;int\u00e9r\u00eat de Parabita et de ses villes avoisinantes"},"content":{"rendered":"\n<p>Que ce soit \u00e0 v\u00e9lo, en bus, en train ou en voiture, Parabita offre toutes les possibilit\u00e9s pour des excursions int\u00e9ressantes et des exp\u00e9riences inoubliables.<\/p>\n\n<figure class=\"wp-block-gallery has-nested-images columns-default is-cropped wp-block-gallery-1 is-layout-flex wp-block-gallery-is-layout-flex\">\n<figure class=\"wp-block-image size-large\"><img loading=\"lazy\" decoding=\"async\" width=\"895\" height=\"892\" data-id=\"9491\" src=\"https:\/\/www.ferienwohnung-italien-apulien-salento-parabita.de\/wp-content\/uploads\/2025\/08\/Nachbarstaedten1.jpg\" alt=\"\" class=\"wp-image-9491\" srcset=\"https:\/\/www.ferienwohnung-italien-apulien-salento-parabita.de\/wp-content\/uploads\/2025\/08\/Nachbarstaedten1.jpg 895w, https:\/\/www.ferienwohnung-italien-apulien-salento-parabita.de\/wp-content\/uploads\/2025\/08\/Nachbarstaedten1-300x300.jpg 300w, https:\/\/www.ferienwohnung-italien-apulien-salento-parabita.de\/wp-content\/uploads\/2025\/08\/Nachbarstaedten1-150x150.jpg 150w, https:\/\/www.ferienwohnung-italien-apulien-salento-parabita.de\/wp-content\/uploads\/2025\/08\/Nachbarstaedten1-768x765.jpg 768w, https:\/\/www.ferienwohnung-italien-apulien-salento-parabita.de\/wp-content\/uploads\/2025\/08\/Nachbarstaedten1-892x889.jpg 892w\" sizes=\"auto, (max-width: 895px) 100vw, 895px\" \/><figcaption class=\"wp-element-caption\"> <\/figcaption><\/figure>\n\n\n\n<figure class=\"wp-block-image size-large\"><img loading=\"lazy\" decoding=\"async\" width=\"895\" height=\"892\" data-id=\"9485\" src=\"https:\/\/www.ferienwohnung-italien-apulien-salento-parabita.de\/wp-content\/uploads\/2025\/08\/Nachbarstaedten2.jpg\" alt=\"Villes voisines de r&#xEA;ve pr&#xE8;s de Parabita\" class=\"wp-image-9485\" srcset=\"https:\/\/www.ferienwohnung-italien-apulien-salento-parabita.de\/wp-content\/uploads\/2025\/08\/Nachbarstaedten2.jpg 895w, https:\/\/www.ferienwohnung-italien-apulien-salento-parabita.de\/wp-content\/uploads\/2025\/08\/Nachbarstaedten2-300x300.jpg 300w, https:\/\/www.ferienwohnung-italien-apulien-salento-parabita.de\/wp-content\/uploads\/2025\/08\/Nachbarstaedten2-150x150.jpg 150w, https:\/\/www.ferienwohnung-italien-apulien-salento-parabita.de\/wp-content\/uploads\/2025\/08\/Nachbarstaedten2-768x765.jpg 768w, https:\/\/www.ferienwohnung-italien-apulien-salento-parabita.de\/wp-content\/uploads\/2025\/08\/Nachbarstaedten2-892x889.jpg 892w\" sizes=\"auto, (max-width: 895px) 100vw, 895px\" \/><figcaption class=\"wp-element-caption\"> <\/figcaption><\/figure>\n<\/figure>\n\n<div class=\"wp-block-getwid-accordion has-icon-left\" data-active-element=\"0\">\n<div class=\"wp-block-getwid-accordion__header-wrapper\"><span class=\"wp-block-getwid-accordion__header\"><a href=\"#\"><span class=\"wp-block-getwid-accordion__header-title\"><strong><em>Ort Parabita<\/em><\/strong><\/span><span class=\"wp-block-getwid-accordion__icon is-active\"><i class=\"fas fa-plus\"><\/i><\/span><span class=\"wp-block-getwid-accordion__icon is-passive\"><i class=\"fas fa-minus\"><\/i><\/span><\/a><\/span><\/div><div class=\"wp-block-getwid-accordion__content-wrapper\"><div class=\"wp-block-getwid-accordion__content\">\n<p>Loin du tourisme de masse, Parabita se distingue par la chaleur de ses habitants et ses plaisirs culinaires dans de nombreux \u00e9tablissements. <br\/>Une visite \u00e0 la Quadreria \u00ab E. Giannelli \u00bb au Palazzo Ferrari, avec ses quarante-trois tableaux et dix sculptures, ou au Mus\u00e9e du Vin, avec sa meule construite vers la fin du dix-neuvi\u00e8me si\u00e8cle dans le centre historique de Parabita, ainsi que de nombreux instruments et objets anciens recr\u00e9ant le cycle de la production vinicole, est absolument recommand\u00e9e. Par la suite, vous pourrez admirer des dames-jeannes, des tonneaux, des furaten, des bascules et divers autres outils essentiels \u00e0 la vinification.  <\/p>\n<\/div><\/div>\n<\/div>\n\n<div class=\"wp-block-getwid-accordion has-icon-left\" data-active-element=\"0\">\n<div class=\"wp-block-getwid-accordion__header-wrapper\"><span class=\"wp-block-getwid-accordion__header\"><a href=\"#\"><span class=\"wp-block-getwid-accordion__header-title\">Ort <strong><em>Matino ~ 2 km<\/em><\/strong> entfernt von Parabita<\/span><span class=\"wp-block-getwid-accordion__icon is-active\"><i class=\"fas fa-plus\"><\/i><\/span><span class=\"wp-block-getwid-accordion__icon is-passive\"><i class=\"fas fa-minus\"><\/i><\/span><\/a><\/span><\/div><div class=\"wp-block-getwid-accordion__content-wrapper\"><div class=\"wp-block-getwid-accordion__content\">\n<p>Cette petite ville historique impressionne par ses \u00e9difices historiques tels que l&rsquo;\u00e9glise San Giorgio Martire, le palais Marchesi del Tufo et l&rsquo;\u00e9glise Santa Maria della Pieta<\/p>\n<\/div><\/div>\n\n\n\n<div class=\"wp-block-getwid-accordion__header-wrapper\"><span class=\"wp-block-getwid-accordion__header\"><a href=\"#\"><span class=\"wp-block-getwid-accordion__header-title\">Ort <strong><em>Collepasso ~ 4 km<\/em><\/strong> <strong><em>km<\/em><\/strong> entfernt von Parabita<\/span><span class=\"wp-block-getwid-accordion__icon is-active\"><i class=\"fas fa-plus\"><\/i><\/span><span class=\"wp-block-getwid-accordion__icon is-passive\"><i class=\"fas fa-minus\"><\/i><\/span><\/a><\/span><\/div><div class=\"wp-block-getwid-accordion__content-wrapper\"><div class=\"wp-block-getwid-accordion__content\">\n<p>Bien qu&rsquo;il s&rsquo;agisse d&rsquo;une petite localit\u00e9, elle offre n\u00e9anmoins plusieurs sites d&rsquo;int\u00e9r\u00eat tels que le Palazzo Baronale, l&rsquo;\u00e9glise de la Nativit\u00e9 de la Vierge Marie ou la Torre dell&rsquo;Orologio<\/p>\n<\/div><\/div>\n\n\n\n<div class=\"wp-block-getwid-accordion__header-wrapper\"><span class=\"wp-block-getwid-accordion__header\"><a href=\"#\"><span class=\"wp-block-getwid-accordion__header-title\">Ort <strong><em>Casarano ~ 5 km<\/em><\/strong> <strong><em>km<\/em><\/strong> entfernt von Parabita<\/span><span class=\"wp-block-getwid-accordion__icon is-active\"><i class=\"fas fa-plus\"><\/i><\/span><span class=\"wp-block-getwid-accordion__icon is-passive\"><i class=\"fas fa-minus\"><\/i><\/span><\/a><\/span><\/div><div class=\"wp-block-getwid-accordion__content-wrapper\"><div class=\"wp-block-getwid-accordion__content\">\n<p>Casarano se distingue particuli\u00e8rement par sa viticulture et son ol\u00e9iculture ainsi que par le Parco Astronomico San Lorenzo, un attrait absolu pour les passionn\u00e9s d&rsquo;astronomie<\/p>\n<\/div><\/div>\n\n\n\n<div class=\"wp-block-getwid-accordion__header-wrapper\"><span class=\"wp-block-getwid-accordion__header\"><a href=\"#\"><span class=\"wp-block-getwid-accordion__header-title\">Ort <strong>Sannicola ~ 10 km<\/strong> <strong><em>km<\/em><\/strong> entfernt von Parabita<\/span><span class=\"wp-block-getwid-accordion__icon is-active\"><i class=\"fas fa-plus\"><\/i><\/span><span class=\"wp-block-getwid-accordion__icon is-passive\"><i class=\"fas fa-minus\"><\/i><\/span><\/a><\/span><\/div><div class=\"wp-block-getwid-accordion__content-wrapper\"><div class=\"wp-block-getwid-accordion__content\">\n<p>Dans le quartier de San Simone, le monast\u00e8re de Santa Teresa avec son jardin idyllique invite \u00e0 la d\u00e9tente et \u00e0 la contemplation. Chacun est cordialement invit\u00e9 \u00e0 participer \u00e0 une messe. Il est particuli\u00e8rement recommand\u00e9 \u00e0 Sannicola de gravir l&rsquo;Abbaye de San Mauro, o\u00f9 l&rsquo;on est r\u00e9compens\u00e9 par un coucher de soleil \u00e0 couper le souffle  <\/p>\n<\/div><\/div>\n\n\n\n<div class=\"wp-block-getwid-accordion__header-wrapper\"><span class=\"wp-block-getwid-accordion__header\"><a href=\"#\"><span class=\"wp-block-getwid-accordion__header-title\">Ort <strong>Galipoli ~ 11,8<\/strong> <strong><em>km<\/em><\/strong> entfernt von Parabita<\/span><span class=\"wp-block-getwid-accordion__icon is-active\"><i class=\"fas fa-plus\"><\/i><\/span><span class=\"wp-block-getwid-accordion__icon is-passive\"><i class=\"fas fa-minus\"><\/i><\/span><\/a><\/span><\/div><div class=\"wp-block-getwid-accordion__content-wrapper\"><div class=\"wp-block-getwid-accordion__content\">\n<p>\u00c9galement appel\u00e9e la Perle du Salento, Galipoli est r\u00e9put\u00e9e pour ses eaux cristallines aux plages magnifiques et son centre historique situ\u00e9 sur une \u00eele reli\u00e9e au continent par un pont. La ville est un m\u00e9lange parfait de culture, d&rsquo;histoire et de beaut\u00e9 naturelle. Explorez les anciennes forteresses, d\u00e9tendez-vous au bord de l&rsquo;eau ou profitez de l&rsquo;animation des rues. <\/p>\n<\/div><\/div>\n\n\n\n<div class=\"wp-block-getwid-accordion__header-wrapper\"><span class=\"wp-block-getwid-accordion__header\"><a href=\"#\"><span class=\"wp-block-getwid-accordion__header-title\">Ort <strong>Taviano ~ 10,8 km<\/strong> entfernt von Parabita<\/span><span class=\"wp-block-getwid-accordion__icon is-active\"><i class=\"fas fa-plus\"><\/i><\/span><span class=\"wp-block-getwid-accordion__icon is-passive\"><i class=\"fas fa-minus\"><\/i><\/span><\/a><\/span><\/div><div class=\"wp-block-getwid-accordion__content-wrapper\"><div class=\"wp-block-getwid-accordion__content\">\n<p>Petite ville tr\u00e8s accueillante avec un centre historique parfait pour se promener. Nous vous recommandons vivement de visiter la Chiesa Dell Immacolata. Le Castelforte, avec son aspect vraiment impressionnant, ne peut malheureusement \u00eatre admir\u00e9 que de l&rsquo;ext\u00e9rieur.  <\/p>\n<\/div><\/div>\n\n\n\n<div class=\"wp-block-getwid-accordion__header-wrapper\"><span class=\"wp-block-getwid-accordion__header\"><a href=\"#\"><span class=\"wp-block-getwid-accordion__header-title\">Ort <strong>Racale ~ 13,4 km <\/strong>entfernt von Parabita <\/span><span class=\"wp-block-getwid-accordion__icon is-active\"><i class=\"fas fa-plus\"><\/i><\/span><span class=\"wp-block-getwid-accordion__icon is-passive\"><i class=\"fas fa-minus\"><\/i><\/span><\/a><\/span><\/div><div class=\"wp-block-getwid-accordion__content-wrapper\"><div class=\"wp-block-getwid-accordion__content\">\n<p>\u00c0 Rcale se trouvent la Torre Costiera ainsi que la Chiesa Maria Maris Stella, avec une vue imprenable sur la mer.<\/p>\n<\/div><\/div>\n\n\n\n<div class=\"wp-block-getwid-accordion__header-wrapper\"><span class=\"wp-block-getwid-accordion__header\"><a href=\"#\"><span class=\"wp-block-getwid-accordion__header-title\">Ort <strong>Ugento ~ 18,4 km<\/strong> entfernt von Parabita<\/span><span class=\"wp-block-getwid-accordion__icon is-active\"><i class=\"fas fa-plus\"><\/i><\/span><span class=\"wp-block-getwid-accordion__icon is-passive\"><i class=\"fas fa-minus\"><\/i><\/span><\/a><\/span><\/div><div class=\"wp-block-getwid-accordion__content-wrapper\"><div class=\"wp-block-getwid-accordion__content\">\n<p><br\/>Directement au bord de la M\u00e9diterran\u00e9e, \u00e0 la transition entre le golfe de Tarente et la mer Ionienne, se trouve ce bel endroit avec des sites int\u00e9ressants\u00a0: Cripta del Crocifisso, Chiesa di Santa Maria di Costantinopoli, Museo di Archeologia, Collezione Adolfo Colosso<\/p>\n<\/div><\/div>\n<\/div>\n\n<div class=\"wp-block-columns is-layout-flex wp-container-core-columns-is-layout-9d6595d7 wp-block-columns-is-layout-flex\">\n<div class=\"wp-block-column is-layout-flow wp-block-column-is-layout-flow\" style=\"flex-basis:100%\"><\/div>\n<\/div>\n\n<p><\/p>\n","protected":false},"excerpt":{"rendered":"<p>Parabita constitue le point de d\u00e9part id\u00e9al pour explorer la magnifique r\u00e9gion du Salento.<\/p>\n","protected":false},"author":1,"featured_media":0,"parent":0,"menu_order":0,"comment_status":"closed","ping_status":"closed","template":"template-wider-page.php","meta":{"om_disable_all_campaigns":false,"inline_featured_image":false,"_monsterinsights_skip_tracking":false,"_monsterinsights_sitenote_active":false,"_monsterinsights_sitenote_note":"","_monsterinsights_sitenote_category":0,"footnotes":""},"class_list":["post-5161","page","type-page","status-publish","hentry"],"aioseo_notices":[],"_links":{"self":[{"href":"https:\/\/www.ferienwohnung-italien-apulien-salento-parabita.de\/fr\/wp-json\/wp\/v2\/pages\/5161","targetHints":{"allow":["GET"]}}],"collection":[{"href":"https:\/\/www.ferienwohnung-italien-apulien-salento-parabita.de\/fr\/wp-json\/wp\/v2\/pages"}],"about":[{"href":"https:\/\/www.ferienwohnung-italien-apulien-salento-parabita.de\/fr\/wp-json\/wp\/v2\/types\/page"}],"author":[{"embeddable":true,"href":"https:\/\/www.ferienwohnung-italien-apulien-salento-parabita.de\/fr\/wp-json\/wp\/v2\/users\/1"}],"replies":[{"embeddable":true,"href":"https:\/\/www.ferienwohnung-italien-apulien-salento-parabita.de\/fr\/wp-json\/wp\/v2\/comments?post=5161"}],"version-history":[{"count":10,"href":"https:\/\/www.ferienwohnung-italien-apulien-salento-parabita.de\/fr\/wp-json\/wp\/v2\/pages\/5161\/revisions"}],"predecessor-version":[{"id":9709,"href":"https:\/\/www.ferienwohnung-italien-apulien-salento-parabita.de\/fr\/wp-json\/wp\/v2\/pages\/5161\/revisions\/9709"}],"wp:attachment":[{"href":"https:\/\/www.ferienwohnung-italien-apulien-salento-parabita.de\/fr\/wp-json\/wp\/v2\/media?parent=5161"}],"curies":[{"name":"wp","href":"https:\/\/api.w.org\/{rel}","templated":true}]}}