{"id":5778,"date":"2025-06-15T18:20:23","date_gmt":"2025-06-15T16:20:23","guid":{"rendered":"https:\/\/www.ferienwohnung-italien-apulien-salento-parabita.de\/mentions-legales\/"},"modified":"2025-08-14T16:34:12","modified_gmt":"2025-08-14T14:34:12","slug":"mentions-legales","status":"publish","type":"page","link":"https:\/\/www.ferienwohnung-italien-apulien-salento-parabita.de\/fr\/mentions-legales\/","title":{"rendered":"Mentions l\u00e9gales"},"content":{"rendered":"\n<p>Objet : Location de vacances en Italie :<\/p>\n\n<p><strong>Appartamento vacance Carola Parabita<\/strong><\/p>\n\n<p>Carola Hertwig<br\/>B\u00fcrgermeister J\u00e4gerstr. 4<br\/>D &#8211; 83527 Haag in Ob<\/p>\n\n<p>\u2706 0049 &#8211; (0) 151 &#8211; 158 03106<br\/>\u2706 0049 &#8211; (0) 8072 &#8211; 372 612<\/p>\n\n<p>E-mail\u00a0: buchungsanfrage@ferienwohnung-italien-apulien-salento-parabita.de<br\/>Web\u00a0: https:\/\/www.ferienwohnung-italien-apulien-salento-parabita.de<br\/>Web\u00a0: https:\/\/www.appartomento-vacanze-carola-parabita.com<br\/>Web\u00a0: https:\/\/www.ferienwohnung-italien-apulien-salento.it<\/p>\n\n<p>Num\u00e9ro d&rsquo;identification TVA : DE252788909<\/p>\n\n<p>Information concernant les proc\u00e9dures de r\u00e8glement extrajudiciaire des litiges de consommation conform\u00e9ment \u00e0 l&rsquo;article 36 de la loi sur le r\u00e8glement des litiges de consommation (VSBG) et le r\u00e8glement en ligne des litiges conform\u00e9ment \u00e0 l&rsquo;article 14, paragraphe 1, du r\u00e8glement relatif au r\u00e8glement en ligne des litiges de consommation (r\u00e8glement (UE) n\u00b0 524\/2013 ; dit r\u00e8glement RLL) : <\/p>\n\n<p>La Commission europ\u00e9enne met \u00e0 disposition une plateforme de r\u00e8glement en ligne des litiges (RLL) accessible \u00e0 l&rsquo;adresse http:\/\/ec.europa.eu\/consumers\/odr\/. Nous ne sommes ni dispos\u00e9s ni oblig\u00e9s de participer \u00e0 des proc\u00e9dures de r\u00e8glement des litiges devant un organisme de conciliation des consommateurs. <\/p>\n","protected":false},"excerpt":{"rendered":"<p>Objet : Location de vacances en Italie : Appartamento vacance Carola Parabita Carola HertwigB\u00fcrgermeister J\u00e4gerstr. 4D &#8211; 83527 Haag in Ob \u2706 0049 &#8211; (0) 151 &#8211; 158 03106\u2706 0049 &#8211; (0) 8072 &#8211; 372 612 E-mail\u00a0: buchungsanfrage@ferienwohnung-italien-apulien-salento-parabita.deWeb\u00a0: https:\/\/www.ferienwohnung-italien-apulien-salento-parabita.deWeb\u00a0: https:\/\/www.appartomento-vacanze-carola-parabita.comWeb\u00a0: https:\/\/www.ferienwohnung-italien-apulien-salento.it Num\u00e9ro d&rsquo;identification TVA : DE252788909 Information concernant les proc\u00e9dures de r\u00e8glement extrajudiciaire des litiges [&hellip;]<\/p>\n","protected":false},"author":1,"featured_media":0,"parent":0,"menu_order":0,"comment_status":"closed","ping_status":"closed","template":"template-wider-page.php","meta":{"om_disable_all_campaigns":false,"inline_featured_image":false,"_monsterinsights_skip_tracking":false,"_monsterinsights_sitenote_active":false,"_monsterinsights_sitenote_note":"","_monsterinsights_sitenote_category":0,"footnotes":""},"class_list":["post-5778","page","type-page","status-publish","hentry"],"aioseo_notices":[],"_links":{"self":[{"href":"https:\/\/www.ferienwohnung-italien-apulien-salento-parabita.de\/fr\/wp-json\/wp\/v2\/pages\/5778","targetHints":{"allow":["GET"]}}],"collection":[{"href":"https:\/\/www.ferienwohnung-italien-apulien-salento-parabita.de\/fr\/wp-json\/wp\/v2\/pages"}],"about":[{"href":"https:\/\/www.ferienwohnung-italien-apulien-salento-parabita.de\/fr\/wp-json\/wp\/v2\/types\/page"}],"author":[{"embeddable":true,"href":"https:\/\/www.ferienwohnung-italien-apulien-salento-parabita.de\/fr\/wp-json\/wp\/v2\/users\/1"}],"replies":[{"embeddable":true,"href":"https:\/\/www.ferienwohnung-italien-apulien-salento-parabita.de\/fr\/wp-json\/wp\/v2\/comments?post=5778"}],"version-history":[{"count":8,"href":"https:\/\/www.ferienwohnung-italien-apulien-salento-parabita.de\/fr\/wp-json\/wp\/v2\/pages\/5778\/revisions"}],"predecessor-version":[{"id":10547,"href":"https:\/\/www.ferienwohnung-italien-apulien-salento-parabita.de\/fr\/wp-json\/wp\/v2\/pages\/5778\/revisions\/10547"}],"wp:attachment":[{"href":"https:\/\/www.ferienwohnung-italien-apulien-salento-parabita.de\/fr\/wp-json\/wp\/v2\/media?parent=5778"}],"curies":[{"name":"wp","href":"https:\/\/api.w.org\/{rel}","templated":true}]}}