{"id":5821,"date":"2025-06-15T18:20:23","date_gmt":"2025-06-15T16:20:23","guid":{"rendered":"https:\/\/www.ferienwohnung-italien-apulien-salento-parabita.de\/politiche-di-riservatece\/"},"modified":"2025-08-03T16:28:21","modified_gmt":"2025-08-03T14:28:21","slug":"politiche-di-riservatece","status":"publish","type":"page","link":"https:\/\/www.ferienwohnung-italien-apulien-salento-parabita.de\/fr\/politiche-di-riservatece\/","title":{"rendered":"Politiche di riservatece"},"content":{"rendered":"\n<p>Introduction et informations g\u00e9n\u00e9rales.<br\/>Nous vous remercions de l&rsquo;int\u00e9r\u00eat que vous portez \u00e0 notre site web. La protection de vos donn\u00e9es personnelles rev\u00eat pour nous une importance capitale. Vous trouverez ci-apr\u00e8s des informations concernant le traitement des donn\u00e9es collect\u00e9es lors de votre utilisation de notre site web. Le traitement de vos donn\u00e9es s&rsquo;effectue conform\u00e9ment aux dispositions l\u00e9gales en mati\u00e8re de protection des donn\u00e9es.   <\/p>\n\n<p>Responsable au sens du RGPD<br\/>Entreprise<br\/>Carola Hertwig<br\/>B\u00fcrgermeister J\u00e4gerstr. 4<br\/>D &#8211; 83527 Haag in Ob<br\/>\u2706 0049 &#8211; (0) 8072 &#8211; 372 612<br\/>Courriel : buchungsanfrage@ferienwohnung-italien-apulien-salento-parabita.de<\/p>\n\n<p>Coordonn\u00e9es du d\u00e9l\u00e9gu\u00e9 \u00e0 la protection des donn\u00e9es<br\/>Carola Hertwig<br\/>B\u00fcrgermeister J\u00e4gerstr. 4<br\/>D &#8211; 83527 Haag in Ob<br\/>\u2706 0049 &#8211; (0) 8072 &#8211; 372 612<br\/>Courriel : buchungsanfrage@ferienwohnung-italien-apulien-salento-parabita.de<\/p>\n\n<p>D\u00e9finitions<br\/>Notre d\u00e9claration de protection des donn\u00e9es se veut simple et compr\u00e9hensible pour tous. Dans cette d\u00e9claration, nous utilisons g\u00e9n\u00e9ralement les termes officiels du R\u00e8glement G\u00e9n\u00e9ral sur la Protection des Donn\u00e9es (RGPD). Les d\u00e9finitions officielles sont expliqu\u00e9es dans l&rsquo;article 4 du RGPD.  <\/p>\n\n<p>Acc\u00e8s et stockage d&rsquo;informations sur les \u00e9quipements terminaux<br\/>L&rsquo;utilisation de notre site web peut impliquer l&rsquo;acc\u00e8s \u00e0 des informations (par exemple, l&rsquo;adresse IP) ou le stockage d&rsquo;informations (par exemple, les cookies) sur vos \u00e9quipements terminaux. Cet acc\u00e8s ou ce stockage peut \u00eatre associ\u00e9 \u00e0 un traitement ult\u00e9rieur de donn\u00e9es personnelles au sens du RGPD.<br\/>Dans les cas o\u00f9 un tel acc\u00e8s ou stockage d&rsquo;informations est absolument n\u00e9cessaire pour la fourniture techniquement sans erreur de nos services, cela se fait sur la base de l&rsquo;article 25, paragraphe 1, phrase 1, paragraphe 2, point 2 du TTDSG.<br\/>Dans les cas o\u00f9 une telle op\u00e9ration sert d&rsquo;autres fins (par exemple, la conception de notre site web en fonction des besoins), elle n&rsquo;est effectu\u00e9e sur la base de l&rsquo;article 25, paragraphe 1 du TTDSG qu&rsquo;avec votre consentement conform\u00e9ment \u00e0 l&rsquo;article 6, paragraphe 1, point a) du RGPD. Le consentement peut \u00eatre r\u00e9voqu\u00e9 \u00e0 tout moment pour l&rsquo;avenir. Le traitement de vos donn\u00e9es personnelles est soumis aux dispositions du RGPD et de la loi f\u00e9d\u00e9rale sur la protection des donn\u00e9es (BDSG).        <br\/>Vous trouverez de plus amples informations sur le traitement de vos donn\u00e9es personnelles et les bases juridiques pertinentes \u00e0 cet \u00e9gard dans les sections suivantes relatives aux activit\u00e9s de traitement sp\u00e9cifiques sur notre site web.<\/p>\n\n<p>H\u00e9bergement web<br\/>Ce site web est h\u00e9berg\u00e9 chez un prestataire de services externe (h\u00e9bergeur). L&rsquo;h\u00e9bergement de ce site web est effectu\u00e9 en Allemagne. Les donn\u00e9es personnelles collect\u00e9es sur ce site web sont stock\u00e9es sur les serveurs de l&rsquo;h\u00e9bergeur. Il peut s&rsquo;agir notamment d&rsquo;adresses IP, de demandes de contact, de m\u00e9tadonn\u00e9es et de donn\u00e9es de communication, d&rsquo;acc\u00e8s au site web et d&rsquo;autres donn\u00e9es g\u00e9n\u00e9r\u00e9es par un site web.<br\/>Nous collectons les donn\u00e9es \u00e9num\u00e9r\u00e9es afin de garantir une connexion fluide au site web et une fourniture techniquement sans erreur de nos services. Le traitement de ces donn\u00e9es est absolument n\u00e9cessaire pour vous mettre le site web \u00e0 disposition. La base juridique du traitement des donn\u00e9es est notre int\u00e9r\u00eat l\u00e9gitime \u00e0 une repr\u00e9sentation et un fonctionnement corrects de notre site web conform\u00e9ment \u00e0 l&rsquo;article 6, paragraphe 1, point f) du RGPD.<br\/>Nous avons conclu avec le fournisseur un contrat de traitement des donn\u00e9es conform\u00e9ment aux exigences de l&rsquo;article 28 du RGPD, dans lequel nous l&rsquo;obligeons \u00e0 prot\u00e9ger les donn\u00e9es de nos clients et \u00e0 ne pas les transmettre \u00e0 des tiers.       <\/p>\n\n<p>Fichiers journaux du serveur<br\/>Lorsque vous consultez notre site web, il est techniquement n\u00e9cessaire que des donn\u00e9es soient transmises \u00e0 notre serveur web par votre navigateur internet. Les donn\u00e9es suivantes sont enregistr\u00e9es pendant une connexion en cours pour la communication entre votre navigateur internet et notre serveur web :<br\/>\u2981 Date et heure de la demande<br\/>\u2981 Nom du fichier demand\u00e9<br\/>\u2981 Page \u00e0 partir de laquelle le fichier a \u00e9t\u00e9 demand\u00e9<br\/>\u2981 Statut d&rsquo;acc\u00e8s<br\/>\u2981 Navigateur web et syst\u00e8me d&rsquo;exploitation utilis\u00e9s<br\/>\u2981 Adresse IP (compl\u00e8te) de l&rsquo;ordinateur demandeur<br\/>\u2981 Volume de donn\u00e9es transf\u00e9r\u00e9es<br\/>Nous collectons les donn\u00e9es \u00e9num\u00e9r\u00e9es afin de garantir une connexion fluide au site web et une fourniture techniquement sans erreur de nos services. Le traitement de ces donn\u00e9es est absolument n\u00e9cessaire pour vous mettre le site web \u00e0 disposition. Les fichiers journaux servent \u00e0 l&rsquo;\u00e9valuation de la s\u00e9curit\u00e9 et de la stabilit\u00e9 du syst\u00e8me ainsi qu&rsquo;\u00e0 des fins administratives. La base juridique du traitement des donn\u00e9es est notre int\u00e9r\u00eat l\u00e9gitime \u00e0 la protection et au bon fonctionnement de notre site web conform\u00e9ment \u00e0 l&rsquo;article 6, paragraphe 1, point f) du RGPD.<br\/>Pour des raisons de s\u00e9curit\u00e9 technique, notamment pour nous d\u00e9fendre contre les tentatives d&rsquo;attaque de notre serveur web, ces donn\u00e9es sont stock\u00e9es par nos soins pendant une courte p\u00e9riode. Apr\u00e8s 30 jours au plus tard, les donn\u00e9es sont anonymis\u00e9es par raccourcissement de l&rsquo;adresse IP au niveau du domaine, de sorte qu&rsquo;il n&rsquo;est plus possible d&rsquo;\u00e9tablir un lien avec l&rsquo;utilisateur individuel.<br\/>Sous forme anonyme, les donn\u00e9es sont en outre \u00e9ventuellement trait\u00e9es \u00e0 des fins statistiques. Ces donn\u00e9es ne sont \u00e0 aucun moment stock\u00e9es avec d&rsquo;autres donn\u00e9es personnelles de l&rsquo;utilisateur, compar\u00e9es \u00e0 d&rsquo;autres ensembles de donn\u00e9es ou transmises \u00e0 des tiers.        <\/p>\n\n<p>Cookies<br\/>Notre site internet utilise ce que l&rsquo;on appelle des \u00ab cookies \u00bb. Les cookies sont de petits fichiers texte qui sont stock\u00e9s soit temporairement pour la dur\u00e9e d&rsquo;une session (cookies de session), soit de mani\u00e8re permanente (cookies permanents) sur votre appareil. Les cookies de session sont automatiquement supprim\u00e9s \u00e0 la fin de votre visite. Les cookies permanents restent stock\u00e9s sur votre appareil jusqu&rsquo;\u00e0 ce que vous les supprimiez vous-m\u00eame ou qu&rsquo;une suppression automatique soit effectu\u00e9e par votre navigateur web.    <br\/>Les cookies ont diverses fonctions. De nombreux cookies sont techniquement n\u00e9cessaires, car certaines fonctionnalit\u00e9s du site web ne fonctionneraient pas sans eux (par exemple, la fonction panier ou les param\u00e8tres de langue). D&rsquo;autres cookies servent \u00e0 \u00e9valuer le comportement des utilisateurs ou \u00e0 afficher de la publicit\u00e9.   <br\/>Le traitement des donn\u00e9es par l&rsquo;utilisation de cookies absolument n\u00e9cessaires est effectu\u00e9 sur la base d&rsquo;un int\u00e9r\u00eat l\u00e9gitime conform\u00e9ment \u00e0 l&rsquo;article 6, paragraphe 1, point f) du RGPD, pour la fourniture techniquement irr\u00e9prochable de nos services. Veuillez vous r\u00e9f\u00e9rer aux explications concernant les traitements de donn\u00e9es sp\u00e9cifiques pour obtenir des d\u00e9tails sur les finalit\u00e9s du traitement et les int\u00e9r\u00eats l\u00e9gitimes.<br\/>Le traitement des donn\u00e9es personnelles par l&rsquo;utilisation d&rsquo;autres cookies est effectu\u00e9 sur la base d&rsquo;un consentement conform\u00e9ment \u00e0 l&rsquo;article 6, paragraphe 1, point a) du RGPD. Le consentement peut \u00eatre r\u00e9voqu\u00e9 \u00e0 tout moment pour l&rsquo;avenir. Dans la mesure o\u00f9 ces cookies sont utilis\u00e9s \u00e0 des fins d&rsquo;analyse et d&rsquo;optimisation, nous vous en informerons s\u00e9par\u00e9ment dans le cadre de cette d\u00e9claration de protection des donn\u00e9es et obtiendrons un consentement conform\u00e9ment \u00e0 l&rsquo;article 6, paragraphe 1, point a) du RGPD.<br\/><br\/>Vous pouvez configurer votre navigateur pour que vous<br\/>\u2981 soyez inform\u00e9 de l&rsquo;installation de cookies,<br\/>\u2981 n&rsquo;autorisiez les cookies que dans des cas individuels,<br\/>\u2981 excluiez l&rsquo;acceptation de cookies pour certains cas ou en g\u00e9n\u00e9ral,<br\/>\u2981 activiez la suppression automatique des cookies \u00e0 la fermeture du navigateur.          <\/p>\n\n<p>Les param\u00e8tres des cookies peuvent \u00eatre g\u00e9r\u00e9s via les liens suivants pour les navigateurs respectifs :<br\/>Google Chrome<br\/>Mozilla Firefox<br\/>Edge (Microsoft)<br\/>Safari<br\/>Opera <\/p>\n\n<p>La plupart des navigateurs offrent \u00e9galement une fonction dite \u00ab Do-Not-Track \u00bb. Lorsque cette fonction est activ\u00e9e, le navigateur respectif informe les r\u00e9seaux publicitaires, les sites web et les applications que vous ne souhaitez pas \u00eatre \u00ab suivi \u00bb \u00e0 des fins de publicit\u00e9 comportementale et autres.  <\/p>\n\n<p>Vous pouvez obtenir des informations et des instructions sur la fa\u00e7on de g\u00e9rer cette fonction, selon le fournisseur de votre navigateur, via les liens suivants :<br\/>Google Chrome<br\/>Mozilla Firefox<br\/>Edge (Microsoft)<br\/>Safari<br\/>Opera <\/p>\n\n<p>De plus, vous pouvez emp\u00eacher par d\u00e9faut le chargement de scripts. \u00ab NoScript \u00bb permet l&rsquo;ex\u00e9cution de JavaScripts, Java et autres plug-ins uniquement sur les domaines de confiance de votre choix. Vous pouvez obtenir des informations et des instructions sur la fa\u00e7on de g\u00e9rer cette fonction aupr\u00e8s du fournisseur de votre navigateur.  <\/p>\n\n<p>Veuillez noter que la d\u00e9sactivation des cookies peut limiter la fonctionnalit\u00e9 de notre site web. <\/p>\n\n<p>Modification des param\u00e8tres des cookies<\/p>\n\n<p>Vous pouvez r\u00e9voquer ou modifier vos param\u00e8tres de cookies \u00e0 tout moment. Pour ce faire, acc\u00e9dez \u00e0 nouveau aux param\u00e8tres des cookies via notre empreinte digitale int\u00e9gr\u00e9e. Vous la trouverez toujours en bas \u00e0 gauche du site web.\u00a0\u00bb<br\/>ou<br\/>Vous pouvez r\u00e9voquer ou modifier vos param\u00e8tres de cookies \u00e0 tout moment. Pour ce faire, acc\u00e9dez \u00e0 nouveau aux param\u00e8tres des cookies via ce lien\u200b\u200b\u200b\u200b (ins\u00e9rer un hyperlien vers les param\u00e8tres des cookies).   <\/p>\n\n<p>Liens externes<br\/>Les r\u00e9seaux sociaux (VEUILLEZ PR\u00c9CISER) sont int\u00e9gr\u00e9s sur notre site web uniquement sous forme de liens vers les services correspondants. Apr\u00e8s avoir cliqu\u00e9 sur le lien texte\/image int\u00e9gr\u00e9, vous serez redirig\u00e9 vers la page du fournisseur respectif. Ce n&rsquo;est qu&rsquo;apr\u00e8s la redirection que les informations de l&rsquo;utilisateur sont transmises au fournisseur respectif. Pour obtenir des informations sur le traitement de vos donn\u00e9es personnelles lors de l&rsquo;utilisation de ces sites web, veuillez vous r\u00e9f\u00e9rer aux politiques de confidentialit\u00e9 respectives des fournisseurs que vous utilisez.   <\/p>\n\n<p>Transfert de donn\u00e9es et destinataires<br\/>Vos donn\u00e9es personnelles ne sont pas transmises \u00e0 des tiers, sauf<br\/>\u2981 si nous l&rsquo;avons explicitement mentionn\u00e9 dans la description du traitement des donn\u00e9es concern\u00e9,<br\/>\u2981 si vous avez donn\u00e9 votre consentement explicite conform\u00e9ment \u00e0 l&rsquo;art. 6, al. 1, phrase 1, point a) du RGPD,<br\/>\u2981 si le transfert est n\u00e9cessaire, conform\u00e9ment \u00e0 l&rsquo;art. 6, al. 1, phrase 1, point f) du RGPD, pour faire valoir, exercer ou d\u00e9fendre des droits l\u00e9gaux et qu&rsquo;il n&rsquo;y a aucune raison de supposer que vous avez un int\u00e9r\u00eat l\u00e9gitime pr\u00e9pond\u00e9rant \u00e0 ne pas divulguer vos donn\u00e9es,<br\/>\u2981 dans le cas o\u00f9 il existe une obligation l\u00e9gale de transfert conform\u00e9ment \u00e0 l&rsquo;art. 6, al. 1, phrase 1, point c) du RGPD et<br\/>\u2981 dans la mesure o\u00f9 cela est n\u00e9cessaire pour l&rsquo;ex\u00e9cution des relations contractuelles avec vous conform\u00e9ment \u00e0 l&rsquo;art. 6, al. 1, phrase 1, point b) du RGPD.<br\/>En outre, nous utilisons des prestataires de services externes pour le traitement de nos services, que nous avons soigneusement s\u00e9lectionn\u00e9s, mandat\u00e9s par \u00e9crit et avec lesquels nous avons conclu, le cas \u00e9ch\u00e9ant, des contrats de sous-traitance conform\u00e9ment \u00e0 l&rsquo;art. 28 du RGPD. Ceux-ci sont li\u00e9s \u00e0 nos instructions et font l&rsquo;objet de contr\u00f4les r\u00e9guliers de notre part. Il s&rsquo;agit notamment de prestataires d&rsquo;h\u00e9bergement, d&rsquo;envoi d&rsquo;e-mails ainsi que de maintenance et d&rsquo;entretien de nos syst\u00e8mes informatiques, etc. Ces prestataires ne transmettront pas ces donn\u00e9es \u00e0 des tiers.          <\/p>\n\n<p>S\u00e9curit\u00e9 des donn\u00e9es<br\/>Nous prenons des mesures techniques et organisationnelles appropri\u00e9es, conform\u00e9ment \u00e0 l&rsquo;art. 32 du RGPD, en tenant compte de l&rsquo;\u00e9tat de la technique, des co\u00fbts de mise en \u0153uvre et de la nature, de la port\u00e9e, du contexte et des finalit\u00e9s du traitement, ainsi que des risques, dont le degr\u00e9 de probabilit\u00e9 et de gravit\u00e9 varie, pour les droits et libert\u00e9s des personnes physiques, afin de garantir un niveau de protection adapt\u00e9 au risque. Ce site web utilise un cryptage SSL pour des raisons de s\u00e9curit\u00e9 et pour prot\u00e9ger la transmission de contenus confidentiels. <\/p>\n\n<p>Dur\u00e9e de conservation des donn\u00e9es personnelles<br\/>La dur\u00e9e de conservation des donn\u00e9es personnelles est d\u00e9termin\u00e9e par les d\u00e9lais de conservation l\u00e9gaux applicables (par exemple, issus du droit commercial et fiscal). \u00c0 l&rsquo;expiration du d\u00e9lai respectif, les donn\u00e9es correspondantes sont syst\u00e9matiquement supprim\u00e9es. Si les donn\u00e9es sont n\u00e9cessaires \u00e0 l&rsquo;ex\u00e9cution ou \u00e0 l&rsquo;initiation d&rsquo;un contrat ou si nous avons un int\u00e9r\u00eat l\u00e9gitime \u00e0 les conserver, les donn\u00e9es seront supprim\u00e9es lorsqu&rsquo;elles ne seront plus n\u00e9cessaires \u00e0 ces fins ou si vous avez exerc\u00e9 votre droit de r\u00e9tractation ou d&rsquo;opposition.  <\/p>\n\n<p>Vos droits<br\/>Vous trouverez ci-dessous des informations sur les droits des personnes concern\u00e9es que la l\u00e9gislation applicable en mati\u00e8re de protection des donn\u00e9es vous accorde vis-\u00e0-vis du responsable du traitement concernant le traitement de vos donn\u00e9es personnelles :<br\/>Le droit de demander, conform\u00e9ment \u00e0 l&rsquo;art. 15 du RGPD, des informations sur vos donn\u00e9es personnelles trait\u00e9es par nous. En particulier, vous pouvez demander des informations sur les finalit\u00e9s du traitement, les cat\u00e9gories de donn\u00e9es personnelles, les cat\u00e9gories de destinataires auxquels vos donn\u00e9es ont \u00e9t\u00e9 ou seront divulgu\u00e9es, la dur\u00e9e de conservation pr\u00e9vue, l&rsquo;existence d&rsquo;un droit de rectification, d&rsquo;effacement, de limitation du traitement ou d&rsquo;opposition, l&rsquo;existence d&rsquo;un droit de recours, l&rsquo;origine de vos donn\u00e9es si elles n&rsquo;ont pas \u00e9t\u00e9 collect\u00e9es par nous, ainsi que l&rsquo;existence d&rsquo;une prise de d\u00e9cision automatis\u00e9e, y compris le profilage, et, le cas \u00e9ch\u00e9ant, des informations significatives sur les d\u00e9tails de celle-ci. <br\/>Le droit d&rsquo;exiger, conform\u00e9ment \u00e0 l&rsquo;art. 16 du RGPD, la rectification imm\u00e9diate des donn\u00e9es personnelles inexactes ou incompl\u00e8tes vous concernant stock\u00e9es chez nous.<br\/>Le droit de demander, conform\u00e9ment \u00e0 l&rsquo;art. 17 du RGPD, l&rsquo;effacement de vos donn\u00e9es personnelles stock\u00e9es chez nous, sauf si le traitement est n\u00e9cessaire \u00e0 l&rsquo;exercice du droit \u00e0 la libert\u00e9 d&rsquo;expression et d&rsquo;information, \u00e0 l&rsquo;ex\u00e9cution d&rsquo;une obligation l\u00e9gale, pour des raisons d&rsquo;int\u00e9r\u00eat public ou pour faire valoir, exercer ou d\u00e9fendre des droits en justice.<br\/>Le droit d&rsquo;exiger, conform\u00e9ment \u00e0 l&rsquo;art. 18 du RGPD, la limitation du traitement de vos donn\u00e9es personnelles, dans la mesure o\u00f9 vous contestez l&rsquo;exactitude des donn\u00e9es, que le traitement est illicite mais que vous refusez leur effacement et que nous n&rsquo;avons plus besoin des donn\u00e9es, mais que vous en avez besoin pour faire valoir, exercer ou d\u00e9fendre des droits en justice, ou que vous vous \u00eates oppos\u00e9 au traitement conform\u00e9ment \u00e0 l&rsquo;art. 21 du RGPD.<br\/>Le droit, conform\u00e9ment \u00e0 l&rsquo;art. 20 du RGPD, de recevoir vos donn\u00e9es personnelles que vous nous avez fournies dans un format structur\u00e9, courant et lisible par machine, ou d&rsquo;en demander la transmission \u00e0 un autre responsable du traitement.<br\/>Le droit de d\u00e9poser une plainte aupr\u00e8s d&rsquo;une autorit\u00e9 de contr\u00f4le conform\u00e9ment \u00e0 l&rsquo;article 77 du RGPD. En r\u00e8gle g\u00e9n\u00e9rale, vous pouvez vous adresser \u00e0 l&rsquo;autorit\u00e9 de contr\u00f4le du Land f\u00e9d\u00e9ral de notre si\u00e8ge mentionn\u00e9 ci-dessus ou, le cas \u00e9ch\u00e9ant, de votre lieu de r\u00e9sidence habituel ou de travail.<br\/>Le droit de r\u00e9voquer les consentements accord\u00e9s conform\u00e9ment \u00e0 l&rsquo;article 7, paragraphe 3 du RGPD : Vous avez le droit de r\u00e9voquer \u00e0 tout moment un consentement accord\u00e9 pour le traitement des donn\u00e9es avec effet pour l&rsquo;avenir. En cas de r\u00e9vocation, nous supprimerons imm\u00e9diatement les donn\u00e9es concern\u00e9es, \u00e0 moins qu&rsquo;un traitement ult\u00e9rieur ne puisse \u00eatre fond\u00e9 sur une base juridique pour un traitement sans consentement. La r\u00e9vocation du consentement n&rsquo;affecte pas la lic\u00e9it\u00e9 du traitement effectu\u00e9 sur la base du consentement jusqu&rsquo;\u00e0 la r\u00e9vocation.    <\/p>\n\n<p>Droit d&rsquo;opposition<br\/>Dans la mesure o\u00f9 vos donn\u00e9es personnelles sont trait\u00e9es par nos soins sur la base d&rsquo;int\u00e9r\u00eats l\u00e9gitimes conform\u00e9ment \u00e0 l&rsquo;article 6, paragraphe 1, phrase 1, point f) du RGPD, vous avez le droit, conform\u00e9ment \u00e0 l&rsquo;article 21 du RGPD, de vous opposer au traitement de vos donn\u00e9es personnelles pour des raisons tenant \u00e0 votre situation particuli\u00e8re. Dans la mesure o\u00f9 l&rsquo;opposition concerne le traitement de donn\u00e9es personnelles \u00e0 des fins de publicit\u00e9 directe, vous disposez d&rsquo;un droit d&rsquo;opposition g\u00e9n\u00e9ral sans qu&rsquo;il soit n\u00e9cessaire d&rsquo;invoquer une situation particuli\u00e8re.<br\/>Si vous souhaitez exercer votre droit de r\u00e9vocation ou d&rsquo;opposition, il suffit d&rsquo;envoyer un courriel \u00e0<br\/>buchungsanfrage@ferienwohnung-italien-apulien-salento-parabita.de   <\/p>\n\n<p>Obligations l\u00e9gales<br\/>La fourniture de donn\u00e9es personnelles pour la d\u00e9cision de conclure un contrat, l&rsquo;ex\u00e9cution du contrat ou la mise en \u0153uvre de mesures pr\u00e9contractuelles est volontaire. Toutefois, nous ne pouvons prendre la d\u00e9cision dans le cadre de mesures contractuelles que si vous fournissez les donn\u00e9es personnelles n\u00e9cessaires \u00e0 la conclusion du contrat, \u00e0 l&rsquo;ex\u00e9cution du contrat ou aux mesures pr\u00e9contractuelles. <\/p>\n\n<p>Prise de d\u00e9cision automatis\u00e9e<br\/>Aucune prise de d\u00e9cision automatis\u00e9e ni aucun profilage au sens de l&rsquo;article 22 du RGPD n&rsquo;a lieu.<\/p>\n\n<p>R\u00e9serve de modifications<br\/>Nous nous r\u00e9servons le droit d&rsquo;adapter ou de mettre \u00e0 jour la pr\u00e9sente d\u00e9claration de protection des donn\u00e9es si n\u00e9cessaire, dans le respect des dispositions applicables en mati\u00e8re de protection des donn\u00e9es. De cette mani\u00e8re, nous pouvons l&rsquo;adapter aux exigences l\u00e9gales actuelles et tenir compte des modifications apport\u00e9es \u00e0 nos prestations, par exemple lors de l&rsquo;introduction de nouveaux services. La version en vigueur au moment de votre visite s&rsquo;applique.  <\/p>\n\n<p>\u00c9tat de la pr\u00e9sente d\u00e9claration de protection des donn\u00e9es : 17.06.2025<\/p>\n","protected":false},"excerpt":{"rendered":"<p>Introduction et informations g\u00e9n\u00e9rales.Nous vous remercions de l&rsquo;int\u00e9r\u00eat que vous portez \u00e0 notre site web. La protection de vos donn\u00e9es personnelles rev\u00eat pour nous une importance capitale. Vous trouverez ci-apr\u00e8s des informations concernant le traitement des donn\u00e9es collect\u00e9es lors de votre utilisation de notre site web. Le traitement de vos donn\u00e9es s&rsquo;effectue conform\u00e9ment aux dispositions [&hellip;]<\/p>\n","protected":false},"author":1,"featured_media":0,"parent":0,"menu_order":0,"comment_status":"closed","ping_status":"closed","template":"template-wider-page.php","meta":{"om_disable_all_campaigns":false,"inline_featured_image":false,"_monsterinsights_skip_tracking":false,"_monsterinsights_sitenote_active":false,"_monsterinsights_sitenote_note":"","_monsterinsights_sitenote_category":0,"footnotes":""},"class_list":["post-5821","page","type-page","status-publish","hentry"],"aioseo_notices":[],"_links":{"self":[{"href":"https:\/\/www.ferienwohnung-italien-apulien-salento-parabita.de\/fr\/wp-json\/wp\/v2\/pages\/5821","targetHints":{"allow":["GET"]}}],"collection":[{"href":"https:\/\/www.ferienwohnung-italien-apulien-salento-parabita.de\/fr\/wp-json\/wp\/v2\/pages"}],"about":[{"href":"https:\/\/www.ferienwohnung-italien-apulien-salento-parabita.de\/fr\/wp-json\/wp\/v2\/types\/page"}],"author":[{"embeddable":true,"href":"https:\/\/www.ferienwohnung-italien-apulien-salento-parabita.de\/fr\/wp-json\/wp\/v2\/users\/1"}],"replies":[{"embeddable":true,"href":"https:\/\/www.ferienwohnung-italien-apulien-salento-parabita.de\/fr\/wp-json\/wp\/v2\/comments?post=5821"}],"version-history":[{"count":2,"href":"https:\/\/www.ferienwohnung-italien-apulien-salento-parabita.de\/fr\/wp-json\/wp\/v2\/pages\/5821\/revisions"}],"predecessor-version":[{"id":6162,"href":"https:\/\/www.ferienwohnung-italien-apulien-salento-parabita.de\/fr\/wp-json\/wp\/v2\/pages\/5821\/revisions\/6162"}],"wp:attachment":[{"href":"https:\/\/www.ferienwohnung-italien-apulien-salento-parabita.de\/fr\/wp-json\/wp\/v2\/media?parent=5821"}],"curies":[{"name":"wp","href":"https:\/\/api.w.org\/{rel}","templated":true}]}}