{"id":7171,"date":"2025-07-09T17:45:19","date_gmt":"2025-07-09T15:45:19","guid":{"rendered":"https:\/\/www.ferienwohnung-italien-apulien-salento-parabita.de\/le-blog-bientot-avec-nos-experiences-et-les-votres\/"},"modified":"2025-08-03T16:41:30","modified_gmt":"2025-08-03T14:41:30","slug":"le-blog-bientot-avec-nos-experiences-et-les-votres","status":"publish","type":"page","link":"https:\/\/www.ferienwohnung-italien-apulien-salento-parabita.de\/fr\/le-blog-bientot-avec-nos-experiences-et-les-votres\/","title":{"rendered":"le blog de r\u00e9novation"},"content":{"rendered":"\n<div class=\"wp-block-getwid-section alignfull getwid-margin-top-none getwid-section-content-custom-width\"><div class=\"wp-block-getwid-section__wrapper getwid-padding-left-none getwid-padding-right-none getwid-align-items-flex-start\" style=\"padding-top:30px;padding-bottom:20px\"><div class=\"wp-block-getwid-section__inner-wrapper\" style=\"max-width:892px\"><div class=\"wp-block-getwid-section__background-holder\"><div class=\"wp-block-getwid-section__background\"><\/div><div class=\"wp-block-getwid-section__foreground\"><\/div><\/div><div class=\"wp-block-getwid-section__content\"><div class=\"wp-block-getwid-section__inner-content\">\n<div class=\"wp-block-getwid-advanced-heading\" style=\"margin-bottom:10px\"><h4 class=\"wp-block-getwid-advanced-heading__content\" style=\"text-align:center\">nous sommes impatients de pr\u00e9senter bient\u00f4t nos exp\u00e9riences et les v\u00f4tres ici<\/h4><\/div>\n\n\n\n<p class=\"has-text-align-center\" style=\"font-size:14px\">Vous trouverez ici les principaux th\u00e8mes suivants<\/p>\n<\/div><\/div><\/div><\/div><\/div>\n\n<div class=\"wp-block-columns has-2-columns is-layout-flex wp-container-core-columns-is-layout-9d6595d7 wp-block-columns-is-layout-flex\">\n<div class=\"wp-block-column is-layout-flow wp-block-column-is-layout-flow\">\n<div class=\"wp-block-getwid-section is-style-with-shadow\"><div class=\"wp-block-getwid-section__wrapper getwid-padding-top-medium getwid-padding-bottom-medium getwid-padding-left-medium getwid-padding-right-medium\"><div class=\"wp-block-getwid-section__inner-wrapper\"><div class=\"wp-block-getwid-section__background-holder\"><div class=\"wp-block-getwid-section__background has-background has-white-background-color\"><\/div><div class=\"wp-block-getwid-section__foreground\"><\/div><\/div><div class=\"wp-block-getwid-section__content\"><div class=\"wp-block-getwid-section__inner-content\">\n<div class=\"wp-block-getwid-image-box has-image-left has-text-left has-mobile-layout-column has-mobile-alignment-center\"><div class=\"wp-block-getwid-image-box__image-container is-position-middle\"><div class=\"wp-block-getwid-image-box__image-wrapper\"><img loading=\"lazy\" decoding=\"async\" width=\"892\" height=\"892\" src=\"https:\/\/www.ferienwohnung-italien-apulien-salento-parabita.de\/wp-content\/uploads\/2025\/07\/Renovierung-Sanierung.jpg\" alt=\"Renovierung-Sanierung\" class=\"wp-block-getwid-image-box__image wp-image-7138\" srcset=\"https:\/\/www.ferienwohnung-italien-apulien-salento-parabita.de\/wp-content\/uploads\/2025\/07\/Renovierung-Sanierung.jpg 892w, https:\/\/www.ferienwohnung-italien-apulien-salento-parabita.de\/wp-content\/uploads\/2025\/07\/Renovierung-Sanierung-300x300.jpg 300w, https:\/\/www.ferienwohnung-italien-apulien-salento-parabita.de\/wp-content\/uploads\/2025\/07\/Renovierung-Sanierung-150x150.jpg 150w, https:\/\/www.ferienwohnung-italien-apulien-salento-parabita.de\/wp-content\/uploads\/2025\/07\/Renovierung-Sanierung-768x768.jpg 768w\" sizes=\"auto, (max-width: 892px) 100vw, 892px\" \/><\/div><\/div><div class=\"wp-block-getwid-image-box__content\">\n<div class=\"wp-block-getwid-advanced-heading\" style=\"margin-bottom:15px\"><h4 class=\"wp-block-getwid-advanced-heading__content\">R\u00e9novation \/ Assainissement<\/h4><\/div>\n\n\n\n<p style=\"font-size:14px\">Quels co\u00fbts et surprises faut-il pr\u00e9voir\u00a0?<\/p>\n\n\n\n<div class=\"wp-block-getwid-advanced-heading has-custom-font-size\" style=\"font-size:14px\"><h5 class=\"wp-block-getwid-advanced-heading__content has-text-color has-light-sea-green-color\"><a href=\"#\"><\/a><a href=\"#\">Bient\u00f4t plus..<\/a>.<\/h5><\/div>\n<\/div><\/div>\n<\/div><\/div><\/div><\/div><\/div>\n\n\n\n<div class=\"wp-block-getwid-section is-style-with-shadow\"><div class=\"wp-block-getwid-section__wrapper getwid-padding-top-medium getwid-padding-bottom-medium getwid-padding-left-medium getwid-padding-right-medium\"><div class=\"wp-block-getwid-section__inner-wrapper\"><div class=\"wp-block-getwid-section__background-holder\"><div class=\"wp-block-getwid-section__background has-background has-white-background-color\"><\/div><div class=\"wp-block-getwid-section__foreground\"><\/div><\/div><div class=\"wp-block-getwid-section__content\"><div class=\"wp-block-getwid-section__inner-content\">\n<div class=\"wp-block-getwid-image-box has-image-left has-text-left has-mobile-layout-column has-mobile-alignment-center\"><div class=\"wp-block-getwid-image-box__image-container is-position-middle\"><div class=\"wp-block-getwid-image-box__image-wrapper\"><img loading=\"lazy\" decoding=\"async\" width=\"892\" height=\"892\" src=\"https:\/\/www.ferienwohnung-italien-apulien-salento-parabita.de\/wp-content\/uploads\/2025\/07\/Einrichtungen.jpg\" alt=\"Einrichtungen\" class=\"wp-block-getwid-image-box__image wp-image-7133\" srcset=\"https:\/\/www.ferienwohnung-italien-apulien-salento-parabita.de\/wp-content\/uploads\/2025\/07\/Einrichtungen.jpg 892w, https:\/\/www.ferienwohnung-italien-apulien-salento-parabita.de\/wp-content\/uploads\/2025\/07\/Einrichtungen-300x300.jpg 300w, https:\/\/www.ferienwohnung-italien-apulien-salento-parabita.de\/wp-content\/uploads\/2025\/07\/Einrichtungen-150x150.jpg 150w, https:\/\/www.ferienwohnung-italien-apulien-salento-parabita.de\/wp-content\/uploads\/2025\/07\/Einrichtungen-768x768.jpg 768w\" sizes=\"auto, (max-width: 892px) 100vw, 892px\" \/><\/div><\/div><div class=\"wp-block-getwid-image-box__content\">\n<div class=\"wp-block-getwid-advanced-heading\" style=\"margin-bottom:15px\"><h4 class=\"wp-block-getwid-advanced-heading__content\">\u00c9quipements  <\/h4><\/div>\n\n\n\n<p style=\"font-size:14px\">O\u00f9 et \u00e0 quels prix trouver exactement les meubles, les lampes et les nombreuses petites choses qui vous conviennent.<\/p>\n\n\n\n<p style=\"font-size:14px\"><a href=\"#\">Bient\u00f4t plus..<\/a>.<\/p>\n<\/div><\/div>\n<\/div><\/div><\/div><\/div><\/div>\n<\/div>\n\n\n\n<div class=\"wp-block-column is-layout-flow wp-block-column-is-layout-flow\">\n<div class=\"wp-block-getwid-section is-style-with-shadow\"><div class=\"wp-block-getwid-section__wrapper getwid-padding-top-medium getwid-padding-bottom-medium getwid-padding-left-medium getwid-padding-right-medium\"><div class=\"wp-block-getwid-section__inner-wrapper\"><div class=\"wp-block-getwid-section__background-holder\"><div class=\"wp-block-getwid-section__background has-background has-white-background-color\"><\/div><div class=\"wp-block-getwid-section__foreground\"><\/div><\/div><div class=\"wp-block-getwid-section__content\"><div class=\"wp-block-getwid-section__inner-content\">\n<div class=\"wp-block-getwid-image-box has-image-left has-text-left has-mobile-layout-column has-mobile-alignment-center\"><div class=\"wp-block-getwid-image-box__image-container is-position-middle\"><div class=\"wp-block-getwid-image-box__image-wrapper\"><img decoding=\"async\" src=\"https:\/\/www.ferienwohnung-italien-apulien-salento-parabita.de\/wp-content\/uploads\/2019\/10\/Free-pizza-1.jpg\" alt=\"\" class=\"wp-block-getwid-image-box__image wp-image-1106\"\/><\/div><\/div><div class=\"wp-block-getwid-image-box__content\">\n<div class=\"wp-block-getwid-advanced-heading\" style=\"margin-bottom:15px\"><h4 class=\"wp-block-getwid-advanced-heading__content\">Vos exp\u00e9riences<\/h4><\/div>\n\n\n\n<p style=\"font-size:14px\">quelles exp\u00e9riences avez-vous v\u00e9cues et auxquelles auriez-vous aim\u00e9 renoncer&#8230;<\/p>\n\n\n\n<div class=\"wp-block-getwid-advanced-heading has-custom-font-size\" style=\"font-size:14px\"><h5 class=\"wp-block-getwid-advanced-heading__content has-text-color has-light-sea-green-color\"><a href=\"#\"><\/a><a href=\"#\">Bient\u00f4t plus..<\/a>.<\/h5><\/div>\n<\/div><\/div>\n<\/div><\/div><\/div><\/div><\/div>\n\n\n\n<div class=\"wp-block-getwid-section is-style-with-shadow\"><div class=\"wp-block-getwid-section__wrapper getwid-padding-top-medium getwid-padding-bottom-medium getwid-padding-left-medium getwid-padding-right-medium\"><div class=\"wp-block-getwid-section__inner-wrapper\"><div class=\"wp-block-getwid-section__background-holder\"><div class=\"wp-block-getwid-section__background has-background has-white-background-color\"><\/div><div class=\"wp-block-getwid-section__foreground\"><\/div><\/div><div class=\"wp-block-getwid-section__content\"><div class=\"wp-block-getwid-section__inner-content\">\n<div class=\"wp-block-getwid-image-box has-image-left has-text-left has-mobile-layout-column has-mobile-alignment-center\"><div class=\"wp-block-getwid-image-box__image-container is-position-middle\"><div class=\"wp-block-getwid-image-box__image-wrapper\"><img loading=\"lazy\" decoding=\"async\" width=\"892\" height=\"892\" src=\"https:\/\/www.ferienwohnung-italien-apulien-salento-parabita.de\/wp-content\/uploads\/2025\/07\/Handwerker-Zentrum.jpg\" alt=\"\" class=\"wp-block-getwid-image-box__image wp-image-7205\" srcset=\"https:\/\/www.ferienwohnung-italien-apulien-salento-parabita.de\/wp-content\/uploads\/2025\/07\/Handwerker-Zentrum.jpg 892w, https:\/\/www.ferienwohnung-italien-apulien-salento-parabita.de\/wp-content\/uploads\/2025\/07\/Handwerker-Zentrum-300x300.jpg 300w, https:\/\/www.ferienwohnung-italien-apulien-salento-parabita.de\/wp-content\/uploads\/2025\/07\/Handwerker-Zentrum-150x150.jpg 150w, https:\/\/www.ferienwohnung-italien-apulien-salento-parabita.de\/wp-content\/uploads\/2025\/07\/Handwerker-Zentrum-768x768.jpg 768w\" sizes=\"auto, (max-width: 892px) 100vw, 892px\" \/><\/div><\/div><div class=\"wp-block-getwid-image-box__content\">\n<div class=\"wp-block-getwid-advanced-heading\" style=\"margin-bottom:15px\"><h4 class=\"wp-block-getwid-advanced-heading__content\">Centre d&rsquo;artisans<\/h4><\/div>\n\n\n\n<p style=\"font-size:14px\">Quels artisans et prestataires de services sont recommand\u00e9s pour votre projet.<\/p>\n\n\n\n<div class=\"wp-block-getwid-advanced-heading has-custom-font-size\" style=\"font-size:14px\"><h5 class=\"wp-block-getwid-advanced-heading__content has-text-color has-light-sea-green-color\"><a href=\"#\">Bient\u00f4t plus..<\/a>.<\/h5><\/div>\n<\/div><\/div>\n<\/div><\/div><\/div><\/div><\/div>\n<\/div>\n<\/div>\n\n<p><\/p>\n","protected":false},"excerpt":{"rendered":"","protected":false},"author":1,"featured_media":0,"parent":0,"menu_order":0,"comment_status":"closed","ping_status":"closed","template":"template-wider-page.php","meta":{"om_disable_all_campaigns":false,"inline_featured_image":false,"_monsterinsights_skip_tracking":false,"_monsterinsights_sitenote_active":false,"_monsterinsights_sitenote_note":"","_monsterinsights_sitenote_category":0,"footnotes":""},"class_list":["post-7171","page","type-page","status-publish","hentry"],"aioseo_notices":[],"_links":{"self":[{"href":"https:\/\/www.ferienwohnung-italien-apulien-salento-parabita.de\/fr\/wp-json\/wp\/v2\/pages\/7171","targetHints":{"allow":["GET"]}}],"collection":[{"href":"https:\/\/www.ferienwohnung-italien-apulien-salento-parabita.de\/fr\/wp-json\/wp\/v2\/pages"}],"about":[{"href":"https:\/\/www.ferienwohnung-italien-apulien-salento-parabita.de\/fr\/wp-json\/wp\/v2\/types\/page"}],"author":[{"embeddable":true,"href":"https:\/\/www.ferienwohnung-italien-apulien-salento-parabita.de\/fr\/wp-json\/wp\/v2\/users\/1"}],"replies":[{"embeddable":true,"href":"https:\/\/www.ferienwohnung-italien-apulien-salento-parabita.de\/fr\/wp-json\/wp\/v2\/comments?post=7171"}],"version-history":[{"count":4,"href":"https:\/\/www.ferienwohnung-italien-apulien-salento-parabita.de\/fr\/wp-json\/wp\/v2\/pages\/7171\/revisions"}],"predecessor-version":[{"id":9548,"href":"https:\/\/www.ferienwohnung-italien-apulien-salento-parabita.de\/fr\/wp-json\/wp\/v2\/pages\/7171\/revisions\/9548"}],"wp:attachment":[{"href":"https:\/\/www.ferienwohnung-italien-apulien-salento-parabita.de\/fr\/wp-json\/wp\/v2\/media?parent=7171"}],"curies":[{"name":"wp","href":"https:\/\/api.w.org\/{rel}","templated":true}]}}