{"id":5153,"date":"2025-06-17T14:31:43","date_gmt":"2025-06-17T12:31:43","guid":{"rendered":"https:\/\/www.ferienwohnung-italien-apulien-salento-parabita.de\/top-strande-bei-parabita-de\/"},"modified":"2025-08-03T16:31:05","modified_gmt":"2025-08-03T14:31:05","slug":"top-strande-bei-parabita-de","status":"publish","type":"page","link":"https:\/\/www.ferienwohnung-italien-apulien-salento-parabita.de\/it\/top-strande-bei-parabita-de\/","title":{"rendered":"Le migliori spiagge vicino a Parabita"},"content":{"rendered":"\n<p>Che siate alla ricerca di una spiaggia tranquilla, di una spiaggia sabbiosa adatta alle famiglie o di una spiaggia con possibilit\u00e0 di praticare sport acquatici, in Puglia troverete quello che cercate. Chi ci \u00e8 stato, torna sempre in Puglia.<\/p>\n\n<div class=\"wp-block-columns is-layout-flex wp-container-core-columns-is-layout-9d6595d7 wp-block-columns-is-layout-flex\">\n<div class=\"wp-block-column is-layout-flow wp-block-column-is-layout-flow\" style=\"flex-basis:100%\">\n<div id=\"Str\u00e4nde-Parabita\" class=\"wp-block-getwid-section has-inner-blocks-gap-undefined is-style-rounded is-style-default has-inner-blocks-gap-medium getwid-margin-bottom-large getwid-section-content-full-width\"><div class=\"wp-block-getwid-section__wrapper getwid-justify-content-flex-start\" style=\"min-height:600px\"><div class=\"wp-block-getwid-section__divider is-top-divider\"><svg style=\"height:6px\" x=\"0px\" y=\"0px\" viewbox=\"0 0 996 4\" preserveaspectratio=\"xMidYMax slice\" class=\"wp-block-getwid-section__divider-svg wp-block-getwid-section__divider-svg-negative\"><path fill=\"white\" class=\"wp-block-getwid-section__divider-svg-fill\" d=\"M990,1c-2.8,0-3.2,2-6,2c-2.8,0-3.2-2-6-2c-2.8,0-3.2,2-6,2c-2.8,0-3.2-2-6-2c-2.8,0-3.2,2-6,2c-2.8,0-3.2-2-6-2c-2.8,0-3.2,2-6,2c-2.8,0-3.2-2-6-2c-2.8,0-3.2,2-6,2c-2.8,0-3.2-2-6-2c-2.8,0-3.2,2-6,2c-2.8,0-3.2-2-6-2c-2.8,0-3.2,2-6,2c-2.8,0-3.2-2-6-2c-2.8,0-3.2,2-6,2c-2.8,0-3.2-2-6-2c-2.8,0-3.2,2-6,2c-2.8,0-3.2-2-6-2c-2.8,0-3.2,2-6,2c-2.8,0-3.2-2-6-2c-2.8,0-3.2,2-6,2c-2.8,0-3.2-2-6-2c-2.8,0-3.2,2-6,2c-2.8,0-3.2-2-6-2c-2.8,0-3.2,2-6,2c-2.8,0-3.2-2-6-2c-2.8,0-3.2,2-6,2c-2.8,0-3.2-2-6-2c-2.8,0-3.2,2-6,2c-2.8,0-3.2-2-6-2c-2.8,0-3.2,2-6,2c-2.8,0-3.2-2-6-2c-2.8,0-3.2,2-6,2c-2.8,0-3.2-2-6-2c-2.8,0-3.2,2-6,2c-2.8,0-3.2-2-6-2c-2.8,0-3.2,2-6,2c-2.8,0-3.2-2-6-2c-2.8,0-3.2,2-6,2c-2.8,0-3.2-2-6-2c-2.8,0-3.2,2-6,2c-2.8,0-3.2-2-6-2c-2.8,0-3.2,2-6,2c-2.8,0-3.2-2-6-2c-2.8,0-3.2,2-6,2c-2.8,0-3.2-2-6-2c-2.8,0-3.2,2-6,2c-2.8,0-3.2-2-6-2c-2.8,0-3.2,2-6,2c-2.8,0-3.2-2-6-2c-2.8,0-3.2,2-6,2c-2.8,0-3.2-2-6-2c-2.8,0-3.2,2-6,2c-2.8,0-3.2-2-6-2c-2.8,0-3.2,2-6,2c-2.8,0-3.2-2-6-2c-2.8,0-3.2,2-6,2c-2.8,0-3.2-2-6-2c-2.8,0-3.2,2-6,2c-2.8,0-3.2-2-6-2c-2.8,0-3.2,2-6,2c-2.8,0-3.2-2-6-2c-2.8,0-3.2,2-6,2c-2.8,0-3.2-2-6-2c-2.8,0-3.2,2-6,2c-2.8,0-3.2-2-6-2c-2.8,0-3.2,2-6,2c-2.8,0-3.2-2-6-2c-2.8,0-3.2,2-6,2c-2.8,0-3.2-2-6-2c-2.8,0-3.2,2-6,2c-2.8,0-3.2-2-6-2c-2.8,0-3.2,2-6,2c-2.8,0-3.2-2-6-2c-2.8,0-3.2,2-6,2c-2.8,0-3.2-2-6-2c-2.8,0-3.2,2-6,2c-2.8,0-3.2-2-6-2c-2.8,0-3.2,2-6,2c-2.8,0-3.2-2-6-2c-2.8,0-3.2,2-6,2c-2.8,0-3.2-2-6-2c-2.8,0-3.2,2-6,2c-2.8,0-3.2-2-6-2c-2.8,0-3.2,2-6,2c-2.8,0-3.2-2-6-2c-2.8,0-3.2,2-6,2c-2.8,0-3.2-2-6-2c-2.8,0-3.2,2-6,2c-2.8,0-3.2-2-6-2c-2.8,0-3.2,2-6,2c-2.8,0-3.2-2-6-2c-2.8,0-3.2,2-6,2c-2.8,0-3.2-2-6-2c-2.8,0-3.2,2-6,2c-2.8,0-3.2-2-6-2c-2.8,0-3.2,2-6,2c-2.8,0-3.2-2-6-2c-2.8,0-3.2,2-6,2c-2.8,0-3.2-2-6-2c-2.8,0-3.2,2-6,2c-2.8,0-3.2-2-6-2c-2.8,0-3.2,2-6,2c-2.8,0-3.2-2-6-2c-2.8,0-3.2,2-6,2c-2.8,0-3.2-2-6-2c-2.8,0-3.2,2-6,2c-2.8,0-3.2-2-6-2c-2.8,0-3.2,2-6,2c-2.8,0-3.2-2-6-2c-2.8,0-3.2,2-6,2c-2.8,0-3.2-2-6-2c-2.8,0-3.2,2-6,2c-2.8,0-3.2-2-6-2c-2.8,0-3.2,2-6,2c-2.8,0-3.2-2-6-2c-2.8,0-3.2,2-6,2c-2.8,0-3.2-2-6-2c-2.8,0-3.2,2-6,2c-2.8,0-3.2-2-6-2c-2.8,0-3.2,2-6,2c-2.8,0-3.2-2-6-2c-2.8,0-3.2,2-6,2c-2.8,0-3.2-2-6-2c-2.8,0-3.2,2-6,2c-2.8,0-3.2-2-6-2c-2.8,0-3.2,2-6,2c-2.8,0-3.2-2-6-2c-2.8,0-3.2,2-6,2c-2.8,0-3.2-2-6-2c-2.8,0-3.2,2-6,2c-2.8,0-3.2-2-6-2c-2.8,0-3.2,2-6,2c-2.8,0-3.2-2-6-2c-2.8,0-3.2,2-6,2c-2.8,0-3.2-2-6-2c-2.8,0-3.2,2-6,2c-2.8,0-3.2-2-6-2c-2.8,0-3.2,2-6,2c-2.8,0-3.2-2-6-2c-2.8,0-3.2,2-6,2c-2.8,0-3.2-2-6-2c-2.8,0-3.2,2-6,2c-2.8,0-3.2-2-6-2c-2.8,0-3.2,2-6,2c-2.8,0-3.2-2-6-2c-2.8,0-3.2,2-6,2c-2.8,0-3.2-2-6-2c-2.8,0-3.2,2-6,2c-2.8,0-3.2-2-6-2c-2.8,0-3.2,2-6,2c-2.8,0-3.2-2-6-2c-2.8,0-3.2,2-6,2c-2.8,0-3.2-2-6-2c-2.8,0-3.2,2-6,2c-2.8,0-3.2-2-6-2c-2.8,0-3.2,2-6,2c-2.8,0-3.2-2-6-2c-2.8,0-3.2,2-6,2c-2.8,0-3.2-2-6-2c-2.8,0-3.2,2-6,2c-2.8,0-3.2-2-6-2c-2.8,0-3.2,2-6,2C9.2,3,8.8,1,6,1C3.2,1,2.8,3,0,3v1h996V3C993.2,3,992.8,1,990,1z\"><\/path><\/svg><\/div><div class=\"wp-block-getwid-section__divider is-bottom-divider\"><svg style=\"height:6px\" x=\"0px\" y=\"0px\" viewbox=\"0 0 996 4\" preserveaspectratio=\"xMidYMax slice\" class=\"wp-block-getwid-section__divider-svg wp-block-getwid-section__divider-svg-negative\"><path fill=\"#ffffff\" class=\"wp-block-getwid-section__divider-svg-fill\" d=\"M990,1c-2.8,0-3.2,2-6,2c-2.8,0-3.2-2-6-2c-2.8,0-3.2,2-6,2c-2.8,0-3.2-2-6-2c-2.8,0-3.2,2-6,2c-2.8,0-3.2-2-6-2c-2.8,0-3.2,2-6,2c-2.8,0-3.2-2-6-2c-2.8,0-3.2,2-6,2c-2.8,0-3.2-2-6-2c-2.8,0-3.2,2-6,2c-2.8,0-3.2-2-6-2c-2.8,0-3.2,2-6,2c-2.8,0-3.2-2-6-2c-2.8,0-3.2,2-6,2c-2.8,0-3.2-2-6-2c-2.8,0-3.2,2-6,2c-2.8,0-3.2-2-6-2c-2.8,0-3.2,2-6,2c-2.8,0-3.2-2-6-2c-2.8,0-3.2,2-6,2c-2.8,0-3.2-2-6-2c-2.8,0-3.2,2-6,2c-2.8,0-3.2-2-6-2c-2.8,0-3.2,2-6,2c-2.8,0-3.2-2-6-2c-2.8,0-3.2,2-6,2c-2.8,0-3.2-2-6-2c-2.8,0-3.2,2-6,2c-2.8,0-3.2-2-6-2c-2.8,0-3.2,2-6,2c-2.8,0-3.2-2-6-2c-2.8,0-3.2,2-6,2c-2.8,0-3.2-2-6-2c-2.8,0-3.2,2-6,2c-2.8,0-3.2-2-6-2c-2.8,0-3.2,2-6,2c-2.8,0-3.2-2-6-2c-2.8,0-3.2,2-6,2c-2.8,0-3.2-2-6-2c-2.8,0-3.2,2-6,2c-2.8,0-3.2-2-6-2c-2.8,0-3.2,2-6,2c-2.8,0-3.2-2-6-2c-2.8,0-3.2,2-6,2c-2.8,0-3.2-2-6-2c-2.8,0-3.2,2-6,2c-2.8,0-3.2-2-6-2c-2.8,0-3.2,2-6,2c-2.8,0-3.2-2-6-2c-2.8,0-3.2,2-6,2c-2.8,0-3.2-2-6-2c-2.8,0-3.2,2-6,2c-2.8,0-3.2-2-6-2c-2.8,0-3.2,2-6,2c-2.8,0-3.2-2-6-2c-2.8,0-3.2,2-6,2c-2.8,0-3.2-2-6-2c-2.8,0-3.2,2-6,2c-2.8,0-3.2-2-6-2c-2.8,0-3.2,2-6,2c-2.8,0-3.2-2-6-2c-2.8,0-3.2,2-6,2c-2.8,0-3.2-2-6-2c-2.8,0-3.2,2-6,2c-2.8,0-3.2-2-6-2c-2.8,0-3.2,2-6,2c-2.8,0-3.2-2-6-2c-2.8,0-3.2,2-6,2c-2.8,0-3.2-2-6-2c-2.8,0-3.2,2-6,2c-2.8,0-3.2-2-6-2c-2.8,0-3.2,2-6,2c-2.8,0-3.2-2-6-2c-2.8,0-3.2,2-6,2c-2.8,0-3.2-2-6-2c-2.8,0-3.2,2-6,2c-2.8,0-3.2-2-6-2c-2.8,0-3.2,2-6,2c-2.8,0-3.2-2-6-2c-2.8,0-3.2,2-6,2c-2.8,0-3.2-2-6-2c-2.8,0-3.2,2-6,2c-2.8,0-3.2-2-6-2c-2.8,0-3.2,2-6,2c-2.8,0-3.2-2-6-2c-2.8,0-3.2,2-6,2c-2.8,0-3.2-2-6-2c-2.8,0-3.2,2-6,2c-2.8,0-3.2-2-6-2c-2.8,0-3.2,2-6,2c-2.8,0-3.2-2-6-2c-2.8,0-3.2,2-6,2c-2.8,0-3.2-2-6-2c-2.8,0-3.2,2-6,2c-2.8,0-3.2-2-6-2c-2.8,0-3.2,2-6,2c-2.8,0-3.2-2-6-2c-2.8,0-3.2,2-6,2c-2.8,0-3.2-2-6-2c-2.8,0-3.2,2-6,2c-2.8,0-3.2-2-6-2c-2.8,0-3.2,2-6,2c-2.8,0-3.2-2-6-2c-2.8,0-3.2,2-6,2c-2.8,0-3.2-2-6-2c-2.8,0-3.2,2-6,2c-2.8,0-3.2-2-6-2c-2.8,0-3.2,2-6,2c-2.8,0-3.2-2-6-2c-2.8,0-3.2,2-6,2c-2.8,0-3.2-2-6-2c-2.8,0-3.2,2-6,2c-2.8,0-3.2-2-6-2c-2.8,0-3.2,2-6,2c-2.8,0-3.2-2-6-2c-2.8,0-3.2,2-6,2c-2.8,0-3.2-2-6-2c-2.8,0-3.2,2-6,2c-2.8,0-3.2-2-6-2c-2.8,0-3.2,2-6,2c-2.8,0-3.2-2-6-2c-2.8,0-3.2,2-6,2c-2.8,0-3.2-2-6-2c-2.8,0-3.2,2-6,2c-2.8,0-3.2-2-6-2c-2.8,0-3.2,2-6,2c-2.8,0-3.2-2-6-2c-2.8,0-3.2,2-6,2c-2.8,0-3.2-2-6-2c-2.8,0-3.2,2-6,2c-2.8,0-3.2-2-6-2c-2.8,0-3.2,2-6,2c-2.8,0-3.2-2-6-2c-2.8,0-3.2,2-6,2c-2.8,0-3.2-2-6-2c-2.8,0-3.2,2-6,2c-2.8,0-3.2-2-6-2c-2.8,0-3.2,2-6,2c-2.8,0-3.2-2-6-2c-2.8,0-3.2,2-6,2c-2.8,0-3.2-2-6-2c-2.8,0-3.2,2-6,2c-2.8,0-3.2-2-6-2c-2.8,0-3.2,2-6,2c-2.8,0-3.2-2-6-2c-2.8,0-3.2,2-6,2c-2.8,0-3.2-2-6-2c-2.8,0-3.2,2-6,2c-2.8,0-3.2-2-6-2c-2.8,0-3.2,2-6,2c-2.8,0-3.2-2-6-2c-2.8,0-3.2,2-6,2c-2.8,0-3.2-2-6-2c-2.8,0-3.2,2-6,2c-2.8,0-3.2-2-6-2c-2.8,0-3.2,2-6,2c-2.8,0-3.2-2-6-2c-2.8,0-3.2,2-6,2c-2.8,0-3.2-2-6-2c-2.8,0-3.2,2-6,2c-2.8,0-3.2-2-6-2c-2.8,0-3.2,2-6,2C9.2,3,8.8,1,6,1C3.2,1,2.8,3,0,3v1h996V3C993.2,3,992.8,1,990,1z\"><\/path><\/svg><\/div><div class=\"wp-block-getwid-section__inner-wrapper\"><div class=\"wp-block-getwid-section__background-holder\"><div class=\"wp-block-getwid-section__background has-background has-white-background-color\" style=\"background-image:url('https:\/\/www.ferienwohnung-italien-apulien-salento-parabita.de\/wp-content\/uploads\/2025\/08\/Top-Straende-bei-Parabita-1.jpg');background-position:top center;background-repeat:no-repeat;background-attachment:fixed;background-size:auto\"><div class=\"wp-block-getwid-section__background-image-wrapper\"><img decoding=\"async\" class=\"wp-block-getwid-section__background-image\" src=\"https:\/\/www.ferienwohnung-italien-apulien-salento-parabita.de\/wp-content\/uploads\/2025\/08\/Top-Straende-bei-Parabita-1.jpg\" alt=\"Le migliori spiagge vicino a Parabita\"><\/div><\/div><div class=\"wp-block-getwid-section__foreground\" style=\"opacity:0.75;background-color:#fec9ff;background-image:linear-gradient(155deg,rgba(255,237,154) 0%,rgba(149,230,255) 100%);mix-blend-mode:darken\"><\/div><\/div><div class=\"wp-block-getwid-section__content\"><div class=\"wp-block-getwid-section__inner-content\"><\/div><\/div><\/div><\/div><\/div>\n<\/div>\n<\/div>\n\n<iframe style=\"width: 100%; border: none; height: 215px; background-color: transparent;\" src=\"https:\/\/www.wetter.de\/widget\/3tage\/srhgue1x\/false\/\"><\/iframe><br\/><a href=\"https:\/\/www.wetter.de\" rel=\"nofollow\" target=\"_blank\"><\/a>\n\n<div class=\"wp-block-group is-nowrap is-layout-flex wp-container-core-group-is-layout-ad2f72ca wp-block-group-is-layout-flex\">\n<p><strong>Spiaggia di Baia Verde<\/strong> &#8211; a 9.9 km dal centro di Parabita<br\/>La Spiaggia di Baia Verde \u00e8 una pittoresca spiaggia vicino a Gallipoli nella regione del Salento in Italia, a circa 3 km dal centro citt\u00e0<\/p>\n<\/div>\n\n<p><strong>Spiaggia della Purit\u00e0<\/strong> &#8211; a 13.2 km dal centro di Parabita<\/p>\n\n<p>La Spiaggia della Purit\u00e0, conosciuta anche come Spiaggia della Purezza, si trova nella citt\u00e0 costiera di Gallipoli nella regione del Salento in Puglia. Questa spiaggia pubblica \u00e8 famosa per la sua atmosfera tranquilla e la bellezza incontaminata <\/p>\n\n<p><strong>Conchiglie Alto Lido<\/strong> &#8211;<strong> <\/strong>A 14,9 km dal centro di Parabita<br\/>Questo luogo \u00e8 anche chiamato la piccola Caraibi per la spiaggia di sabbia bianca con la sua acqua verde cristallina. E naturalmente, non possono mancare i bar sulla spiaggia per un rinfresco. <\/p>\n\n<p><strong>Spiaggia di Porto Selvaggio<\/strong> &#8211; a 16.9 km dal centro di Parabita<br\/>La Spiaggia di Porto Selvaggio \u00e8 una bellissima spiaggia situata in una baia circondata dalla natura. La spiaggia \u00e8 famosa per la sua acqua meravigliosa e le sue formazioni rocciose mozzafiato <\/p>\n\n<p><strong>Fixed Point Beach<\/strong> &#8211; a 11.4 km dal centro di Parabita<br\/>Fixed Point Beach \u00e8 una destinazione popolare, nota per la sua acqua limpida e fresca e la sua sabbia fantastica. La spiaggia \u00e8 circondata da alberi <\/p>\n\n<p><strong>Lido Sol D \u201coro\u201d<\/strong> &#8211; a 11.6 km dal centro di Parabita<br\/>Lido Sol Doro \u00e8 una spiaggia nota per la sua bellezza naturale e le comodit\u00e0 pratiche<\/p>\n\n<p><strong>Spiaggia del Mare dei Cavalli <\/strong>&#8211; a 13.4 km dal centro di Parabita<br\/>La Spiaggia del Mare dei Cavalli \u00e8 una piccola spiaggia sabbiosa a Marina Di Mancaversa-Giannelli<\/p>\n\n<p><strong>Santa Caterina Beach<\/strong> &#8211; a 15.6 km dal centro di Parabita<br\/>La spiaggia di Santa Caterina \u00e8 una piccola ma affascinante spiaggia nella citt\u00e0 di Nard\u00f2. La spiaggia si caratterizza per un mix di sabbia e rocce <\/p>\n\n<p><strong>Lido Isola Beach<\/strong> &#8211; a 18.8 km dal centro di Parabita<br\/>La spiaggia \u00e8 nota per la sua bellezza naturale e offre un mare cristallino.<\/p>\n\n<p><strong>Spiaggia di Torre San Giovanni <\/strong>&#8211; a 18.9 km dal centro di Parabita<br\/>La Spiaggia di Torre San Giovanni \u00e8 una popolare spiaggia, famosa per le sue fantastiche acque limpide e poco profonde<\/p>\n\n<p><strong>Bikini Beach<\/strong> &#8211; a 9.8 km dal centro di Parabita<br\/>Il Bikini Beach \u00e8 un rinomato resort balneare nella pittoresca citt\u00e0 di Gallipoli. Questa spiaggia \u00e8 famosa per la sua ampia striscia di sabbia e il mare limpido e cristallino che offre uno scenario da sogno <\/p>\n\n<p><strong>Lido Blue Bay Beach<\/strong> &#8211; a 10 km dal centro di Parabita<br\/>La spiaggia si distingue per le sue acque calde e poco profonde e per la limpidezza del suo mare. La presenza di onde contribuisce al suo fascino <\/p>\n\n<p><strong>Lido P\u00f4r do Sol<\/strong> &#8211; a 10 km dal centro di Parabita<br\/>Il Lido P\u00f4r do Sol \u00e8 una spiaggia mozzafiato a Baia Verde<\/p>\n\n<p><strong>Lovers Beach<\/strong> &#8211; a 10.2 km dal centro di Parabita<br\/>La Lovers Beach \u00e8 una pittoresca spiaggia situata tra Gallipoli e Leuca<\/p>\n\n<p><strong>Spiaggia di Punta della Suina<\/strong> &#8211; a 11 km dal centro di Parabita<br\/>\u00e8 considerata una delle pi\u00f9 belle spiagge della regione del Salento.<\/p>\n\n<p>e ci sono ancora altre belle spiagge e baie<\/p>\n\n<p><\/p>\n","protected":false},"excerpt":{"rendered":"<p>La Puglia offre una variet\u00e0 cos\u00ec ampia di spiagge da soddisfare ogni gusto.<\/p>\n","protected":false},"author":1,"featured_media":0,"parent":0,"menu_order":0,"comment_status":"closed","ping_status":"closed","template":"template-wider-page.php","meta":{"om_disable_all_campaigns":false,"inline_featured_image":false,"_monsterinsights_skip_tracking":false,"_monsterinsights_sitenote_active":false,"_monsterinsights_sitenote_note":"","_monsterinsights_sitenote_category":0,"footnotes":""},"class_list":["post-5153","page","type-page","status-publish","hentry"],"aioseo_notices":[],"_links":{"self":[{"href":"https:\/\/www.ferienwohnung-italien-apulien-salento-parabita.de\/it\/wp-json\/wp\/v2\/pages\/5153","targetHints":{"allow":["GET"]}}],"collection":[{"href":"https:\/\/www.ferienwohnung-italien-apulien-salento-parabita.de\/it\/wp-json\/wp\/v2\/pages"}],"about":[{"href":"https:\/\/www.ferienwohnung-italien-apulien-salento-parabita.de\/it\/wp-json\/wp\/v2\/types\/page"}],"author":[{"embeddable":true,"href":"https:\/\/www.ferienwohnung-italien-apulien-salento-parabita.de\/it\/wp-json\/wp\/v2\/users\/1"}],"replies":[{"embeddable":true,"href":"https:\/\/www.ferienwohnung-italien-apulien-salento-parabita.de\/it\/wp-json\/wp\/v2\/comments?post=5153"}],"version-history":[{"count":18,"href":"https:\/\/www.ferienwohnung-italien-apulien-salento-parabita.de\/it\/wp-json\/wp\/v2\/pages\/5153\/revisions"}],"predecessor-version":[{"id":9509,"href":"https:\/\/www.ferienwohnung-italien-apulien-salento-parabita.de\/it\/wp-json\/wp\/v2\/pages\/5153\/revisions\/9509"}],"wp:attachment":[{"href":"https:\/\/www.ferienwohnung-italien-apulien-salento-parabita.de\/it\/wp-json\/wp\/v2\/media?parent=5153"}],"curies":[{"name":"wp","href":"https:\/\/api.w.org\/{rel}","templated":true}]}}