{"id":5761,"date":"2025-06-15T18:20:23","date_gmt":"2025-06-15T16:20:23","guid":{"rendered":"https:\/\/www.ferienwohnung-italien-apulien-salento-parabita.de\/informativa-sulla-privacy\/"},"modified":"2025-08-03T16:28:22","modified_gmt":"2025-08-03T14:28:22","slug":"informativa-sulla-privacy","status":"publish","type":"page","link":"https:\/\/www.ferienwohnung-italien-apulien-salento-parabita.de\/it\/informativa-sulla-privacy\/","title":{"rendered":"Informativa sulla privacy"},"content":{"rendered":"\n<p>Introduzione e informazioni generali.<br\/>Grazie mille per l&#8217;interesse nel nostro sito web. La protezione dei tuoi dati personali ci sta davvero a cuore. Qui sotto troverai le info su come gestiamo i dati che raccogliamo quando usi il nostro sito. Trattiamo i tuoi dati seguendo le regole di legge sulla privacy.   <\/p>\n\n<p>Responsabile ai sensi del GDPR<br\/>Azienda<br\/>Carola Hertwig<br\/>B\u00fcrgermeister J\u00e4gerstr. 4<br\/>D &#8211; 83527 Haag in Ob<br\/>\u2706 0049 &#8211; (0) 8072 &#8211; 372 612<br\/>E-mail: buchungsanfrage@ferienwohnung-italien-apulien-salento-parabita.de<\/p>\n\n<p>Dati di contatto del responsabile della protezione dei dati<br\/>Carola Hertwig<br\/>B\u00fcrgermeister J\u00e4gerstr. 4<br\/>D &#8211; 83527 Haag in Ob<br\/>\u2706 0049 &#8211; (0) 8072 &#8211; 372 612<br\/>E-mail: buchungsanfrage@ferienwohnung-italien-apulien-salento-parabita.de<\/p>\n\n<p>Definizioni<br\/>La nostra informativa sulla privacy dovrebbe essere semplice e comprensibile per tutti. In questa informativa sulla privacy, vengono generalmente utilizzati i termini ufficiali del Regolamento Generale sulla Protezione dei Dati (GDPR). Le definizioni ufficiali dei termini sono spiegate nell&#8217;Art. 4 del GDPR.  <\/p>\n\n<p>Accesso e memorizzazione di informazioni nei dispositivi terminali<br\/>Utilizzando il nostro sito web, potrebbe verificarsi un accesso alle informazioni (ad esempio, indirizzo IP) o una memorizzazione di informazioni (ad esempio, cookie) nei tuoi dispositivi terminali. Questo accesso o memorizzazione pu\u00f2 essere associato a un ulteriore trattamento di dati personali ai sensi del GDPR.<br\/>Nei casi in cui tale accesso alle informazioni o tale memorizzazione di informazioni sia assolutamente necessario per la fornitura tecnicamente corretta dei nostri servizi, ci\u00f2 avviene sulla base del \u00a7 25 comma 1 frase 1, comma 2 n. 2 TTDSG.<br\/>Nei casi in cui tale procedura serve ad altri scopi (ad esempio, la progettazione del nostro sito web in base alle esigenze), ci\u00f2 avviene sulla base del \u00a7 25 comma 1 TTDSG solo con il tuo consenso ai sensi dell&#8217;Art. 6 comma 1 lettera a GDPR. Il consenso pu\u00f2 essere revocato in qualsiasi momento per il futuro. Per il trattamento dei tuoi dati personali si applicano le disposizioni del GDPR e della Legge Federale sulla Protezione dei Dati (BDSG).        <br\/>Ulteriori informazioni sul trattamento dei tuoi dati personali e le relative basi giuridiche possono essere trovate nelle sezioni seguenti relative alle specifiche attivit\u00e0 di trattamento sul nostro sito web.<\/p>\n\n<p>Web hosting<br\/>Questo sito web \u00e8 ospitato presso un fornitore di servizi esterno (host). L&#8217;hosting di questo sito web avviene in Germania. I dati personali raccolti su questo sito web sono archiviati sui server dell&#8217;host. Questi possono includere principalmente indirizzi IP, richieste di contatto, meta e dati di comunicazione, accessi al sito web e altri dati generati attraverso un sito web.<br\/>Raccogliamo i dati elencati per garantire una connessione fluida al sito web e una fornitura tecnicamente corretta dei nostri servizi. Il trattamento di questi dati \u00e8 assolutamente necessario per fornirti il sito web. La base giuridica per il trattamento dei dati \u00e8 il nostro legittimo interesse in una corretta presentazione e funzionalit\u00e0 del nostro sito web ai sensi dell&#8217;Art. 6 comma 1 lettera f GDPR.<br\/>Abbiamo stipulato un contratto di elaborazione degli ordini con il provider secondo i requisiti dell&#8217;Art. 28 GDPR, in cui lo obblighiamo a proteggere i dati dei nostri clienti e a non trasmetterli a terzi.       <\/p>\n\n<p>File di log del server<br\/>Quando accedi al nostro sito web, \u00e8 tecnicamente necessario che i dati vengano trasmessi dal tuo browser Internet al nostro server web. I seguenti dati vengono registrati durante una connessione attiva per la comunicazione tra il tuo browser Internet e il nostro server web:<br\/>\u2981 Data e ora della richiesta<br\/>\u2981 Nome del file richiesto<br\/>\u2981 Pagina da cui \u00e8 stato richiesto il file<br\/>\u2981 Stato di accesso<br\/>\u2981 Browser web e sistema operativo utilizzati<br\/>\u2981 Indirizzo IP completo del computer richiedente<br\/>\u2981 Quantit\u00e0 di dati trasmessi<br\/>Raccogliamo i dati elencati per garantire una connessione fluida al sito web e una fornitura tecnicamente corretta dei nostri servizi. Il trattamento di questi dati \u00e8 assolutamente necessario per fornirti il sito web. I file di log servono per valutare la sicurezza e la stabilit\u00e0 del sistema, nonch\u00e9 per scopi amministrativi. La base giuridica per il trattamento dei dati \u00e8 il nostro legittimo interesse nella protezione e funzionalit\u00e0 del nostro sito web ai sensi dell&#8217;Art. 6 comma 1 lettera f GDPR.<br\/>Per motivi di sicurezza tecnica, in particolare per difenderci da tentativi di attacco al nostro server web, questi dati vengono temporaneamente memorizzati da noi. Dopo un massimo di 30 giorni, i dati vengono resi anonimi accorciando l&#8217;indirizzo IP a livello di dominio, in modo che non sia pi\u00f9 possibile stabilire un riferimento al singolo utente.<br\/>In forma anonima, i dati possono essere inoltre elaborati per scopi statistici. In nessun momento questi dati vengono memorizzati insieme ad altri dati personali dell&#8217;utente, confrontati con altri set di dati o trasmessi a terzi.        <\/p>\n\n<p>Cookie<br\/>Il nostro sito web utilizza i cosiddetti \u201ccookie\u201d. I cookie sono piccoli file di testo che vengono memorizzati sul tuo dispositivo temporaneamente per la durata di una sessione (cookie di sessione) o in modo permanente (cookie permanenti). I cookie di sessione vengono eliminati automaticamente alla fine della tua visita. I cookie permanenti rimangono sul tuo dispositivo fino a quando non li elimini tu stesso o non avviene una cancellazione automatica tramite il tuo browser web.    <br\/>I cookie hanno diverse funzioni. Molti cookie sono tecnicamente necessari, poich\u00e9 alcune funzioni del sito web non funzionerebbero senza di essi (ad esempio, la funzione del carrello o le impostazioni della lingua). Altri cookie servono per valutare il comportamento dell&#8217;utente o per mostrare pubblicit\u00e0.   <br\/>Il trattamento dei dati attraverso l&#8217;uso di cookie strettamente necessari avviene sulla base di un interesse legittimo ai sensi dell&#8217;art. 6 par. 1 lett. f GDPR per la fornitura tecnicamente impeccabile dei nostri servizi. Per i dettagli sulle finalit\u00e0 del trattamento e gli interessi legittimi, consulta le spiegazioni sui trattamenti specifici dei dati.<br\/>Il trattamento dei dati personali attraverso l&#8217;uso di altri cookie avviene sulla base di un consenso ai sensi dell&#8217;art. 6 par. 1 lett. a GDPR. Il consenso pu\u00f2 essere revocato in qualsiasi momento per il futuro. Se tali cookie vengono utilizzati per scopi di analisi e ottimizzazione, ti informeremo separatamente nell&#8217;ambito di questa informativa sulla privacy e otterremo il consenso ai sensi dell&#8217;art. 6 par. 1 lett. a GDPR.<br\/> <br\/>Puoi configurare il tuo browser in modo da <br\/>\u2981 essere informato sull&#8217;impostazione dei cookie, <br\/>\u2981 consentire i cookie solo in singoli casi, <br\/>\u2981 escludere l&#8217;accettazione dei cookie per determinati casi o in generale, <br\/>\u2981 attivare la cancellazione automatica dei cookie alla chiusura del browser.          <\/p>\n\n<p>Le impostazioni dei cookie possono essere gestite ai seguenti link per i rispettivi browser: <br\/>Google Chrome <br\/>Mozilla Firefox <br\/>Edge (Microsoft) <br\/>Safari <br\/>Opera <\/p>\n\n<p>La maggior parte dei browser offre anche una cosiddetta \u201cfunzione Do-Not-Track\u201d. Quando questa funzione \u00e8 attivata, il rispettivo browser informa le reti pubblicitarie, i siti web e le applicazioni che non desideri essere \u201ctracciato\u201d per scopi pubblicitari comportamentali e simili.  <\/p>\n\n<p>Informazioni e istruzioni su come gestire questa funzione sono disponibili, a seconda del fornitore del tuo browser, ai seguenti link: <br\/>Google Chrome <br\/>Mozilla Firefox <br\/>Edge (Microsoft) <br\/>Safari <br\/>Opera <\/p>\n\n<p>Inoltre, puoi impedire il caricamento dei cosiddetti script per impostazione predefinita. \u201cNoScript\u201d permette l&#8217;esecuzione di JavaScript, Java e altri plugin solo per i domini di tua fiducia. Informazioni e istruzioni su come gestire questa funzione sono disponibili tramite il fornitore del tuo browser.  <\/p>\n\n<p>Ti preghiamo di notare che la disattivazione dei cookie potrebbe limitare la funzionalit\u00e0 del nostro sito web. <\/p>\n\n<p>Modifica delle impostazioni dei cookie<\/p>\n\n<p>Puoi revocare o modificare le tue impostazioni dei cookie in qualsiasi momento. Per farlo, richiama nuovamente le impostazioni dei cookie tramite la nostra impronta digitale integrata. La troverai sempre in basso a sinistra sul sito web.&#8221;<br\/>o <br\/>Puoi revocare o modificare le tue impostazioni dei cookie in qualsiasi momento. Per farlo, richiama nuovamente le impostazioni dei cookie tramite questo link\u200b\u200b\u200b\u200b (inserire collegamento ipertestuale alle impostazioni dei cookie).   <\/p>\n\n<p>Collegamenti esterni<br\/>I social network (SPECIFICARE) sono integrati nel nostro sito web solo come link ai rispettivi servizi. Dopo aver cliccato sul link di testo\/immagine incorporato, verrai reindirizzato alla pagina del rispettivo fornitore. Solo dopo il reindirizzamento, le informazioni dell&#8217;utente vengono trasmesse al rispettivo fornitore. Per informazioni sul trattamento dei tuoi dati personali quando utilizzi questi siti web, consulta le rispettive politiche sulla privacy dei fornitori che utilizzi.   <\/p>\n\n<p>Condivisione dei dati e destinatari<br\/>Non c&#8217;\u00e8 trasferimento dei tuoi dati personali a terzi, tranne<br\/>\u2981 se l&#8217;abbiamo esplicitamente indicato nella descrizione del rispettivo trattamento dei dati,<br\/>\u2981 se hai dato il tuo esplicito consenso ai sensi dell&#8217;art. 6 par. 1 frase 1 lett. a GDPR,<br\/>\u2981 se la divulgazione \u00e8 necessaria ai sensi dell&#8217;art. 6 par. 1 frase 1 lett. f GDPR per far valere, esercitare o difendere diritti legali e non c&#8217;\u00e8 motivo di ritenere che tu abbia un interesse predominante degno di protezione alla non divulgazione dei tuoi dati,<br\/>\u2981 nel caso in cui esista un obbligo legale di divulgazione ai sensi dell&#8217;art. 6 par. 1 frase 1 lett. c GDPR e<br\/>\u2981 nella misura in cui ci\u00f2 \u00e8 necessario ai sensi dell&#8217;art. 6 par. 1 frase 1 lett. b GDPR per l&#8217;esecuzione di rapporti contrattuali con te.<br\/>Inoltre, per la gestione dei nostri servizi utilizziamo fornitori esterni che abbiamo selezionato attentamente, incaricato per iscritto e con i quali abbiamo stipulato, se necessario, contratti di trattamento dei dati ai sensi dell&#8217;art. 28 GDPR. Questi sono vincolati alle nostre istruzioni e sono regolarmente controllati da noi. Si tratta, tra l&#8217;altro, di fornitori di servizi per l&#8217;hosting, l&#8217;invio di e-mail e la manutenzione dei nostri sistemi IT, ecc. I fornitori di servizi non trasmetteranno questi dati a terzi.          <\/p>\n\n<p>Sicurezza dei dati<br\/>Adottiamo misure tecniche e organizzative appropriate per garantire un livello di protezione adeguato al rischio, tenendo conto dello stato dell&#8217;arte, dei costi di implementazione e della natura, dell&#8217;ambito, del contesto e delle finalit\u00e0 del trattamento, nonch\u00e9 dei rischi di varia probabilit\u00e0 e gravit\u00e0 per i diritti e le libert\u00e0 delle persone fisiche, ai sensi dell&#8217;art. 32 GDPR. Questo sito web utilizza la crittografia SSL per motivi di sicurezza e per proteggere la trasmissione di contenuti confidenziali. <\/p>\n\n<p>Durata della conservazione dei dati personali<br\/>La durata della conservazione dei dati personali \u00e8 determinata dai periodi di conservazione legali pertinenti (ad esempio, dal diritto commerciale e fiscale). Dopo la scadenza del rispettivo periodo, i dati corrispondenti vengono cancellati di routine. Se i dati sono necessari per l&#8217;adempimento del contratto o l&#8217;avvio del contratto o se da parte nostra esiste un legittimo interesse alla loro ulteriore conservazione, i dati vengono cancellati quando non sono pi\u00f9 necessari per questi scopi o se hai esercitato il tuo diritto di revoca o di opposizione.  <\/p>\n\n<p>I tuoi diritti<br\/>Di seguito trovi informazioni sui diritti dell&#8217;interessato che la legge sulla protezione dei dati applicabile ti concede nei confronti del responsabile in relazione al trattamento dei tuoi dati personali:<br\/>Il diritto di richiedere informazioni sui tuoi dati personali trattati da noi ai sensi dell&#8217;art. 15 GDPR. In particolare, puoi richiedere informazioni sulle finalit\u00e0 del trattamento, le categorie di dati personali, le categorie di destinatari a cui i tuoi dati sono stati o saranno divulgati, il periodo di conservazione previsto, l&#8217;esistenza di un diritto di rettifica, cancellazione, limitazione del trattamento o opposizione, l&#8217;esistenza di un diritto di reclamo, l&#8217;origine dei tuoi dati se non raccolti da noi, nonch\u00e9 l&#8217;esistenza di un processo decisionale automatizzato, compresa la profilazione e, se del caso, informazioni significative sui suoi dettagli. <br\/>Il diritto di richiedere la rettifica immediata dei dati personali inesatti o il completamento dei tuoi dati personali memorizzati da noi ai sensi dell&#8217;art. 16 GDPR.<br\/>Il diritto di richiedere la cancellazione dei tuoi dati personali memorizzati da noi ai sensi dell&#8217;art. 17 GDPR, a meno che il trattamento non sia necessario per l&#8217;esercizio del diritto alla libert\u00e0 di espressione e di informazione, per l&#8217;adempimento di un obbligo legale, per motivi di interesse pubblico o per l&#8217;accertamento, l&#8217;esercizio o la difesa di diritti legali.<br\/>Il diritto di richiedere la limitazione del trattamento dei tuoi dati personali ai sensi dell&#8217;art. 18 GDPR, nella misura in cui contesti l&#8217;esattezza dei dati, il trattamento sia illecito ma tu rifiuti la loro cancellazione e noi non abbiamo pi\u00f9 bisogno dei dati, ma tu ne abbia bisogno per l&#8217;accertamento, l&#8217;esercizio o la difesa di diritti legali o tu abbia presentato un&#8217;opposizione al trattamento ai sensi dell&#8217;art. 21 GDPR.<br\/>Il diritto di ricevere i tuoi dati personali che ci hai fornito in un formato strutturato, di uso comune e leggibile da dispositivo automatico o di richiederne la trasmissione a un altro responsabile ai sensi dell&#8217;art. 20 GDPR.<br\/>Il diritto di presentare un reclamo a un&#8217;autorit\u00e0 di controllo ai sensi dell&#8217;art. 77 del GDPR. Di solito, puoi rivolgerti all&#8217;autorit\u00e0 di controllo del Land federale della nostra sede indicata sopra o, se del caso, del tuo luogo di residenza abituale o di lavoro.<br\/>Il diritto di revocare il consenso concesso ai sensi dell&#8217;art. 7, par. 3 del GDPR: Hai il diritto di revocare in qualsiasi momento il consenso una volta concesso al trattamento dei dati con effetto per il futuro. In caso di revoca, cancelleremo immediatamente i dati interessati, a meno che un ulteriore trattamento non possa essere basato su un fondamento giuridico per il trattamento senza consenso. La revoca del consenso non pregiudica la liceit\u00e0 del trattamento basata sul consenso prima della revoca.    <\/p>\n\n<p>Diritto di opposizione<br\/>Se i tuoi dati personali vengono trattati da noi sulla base di interessi legittimi ai sensi dell&#8217;art. 6, par. 1, frase 1, lett. f del GDPR, hai il diritto di opporti al trattamento dei tuoi dati personali ai sensi dell&#8217;art. 21 del GDPR, nella misura in cui ci\u00f2 avvenga per motivi derivanti dalla tua situazione particolare. Se l&#8217;opposizione \u00e8 diretta contro il trattamento di dati personali ai fini di marketing diretto, hai un diritto generale di opposizione senza la necessit\u00e0 di indicare una situazione particolare.<br\/>Se desideri esercitare il tuo diritto di revoca o di opposizione, \u00e8 sufficiente inviare un&#8217;e-mail a<br\/>buchungsanfrage@ferienwohnung-italien-apulien-salento-parabita.de   <\/p>\n\n<p>Obblighi legali<br\/>La fornitura di dati personali per la decisione di concludere un contratto, l&#8217;adempimento del contratto o l&#8217;attuazione di misure precontrattuali \u00e8 volontaria. Tuttavia, possiamo prendere la decisione nell&#8217;ambito delle misure contrattuali solo se fornisci i dati personali necessari per la conclusione del contratto, l&#8217;adempimento del contratto o le misure precontrattuali. <\/p>\n\n<p>Processo decisionale automatizzato<br\/>Non viene effettuato alcun processo decisionale automatizzato o profilazione ai sensi dell&#8217;art. 22 del GDPR.<\/p>\n\n<p>Riserva di modifiche<br\/>Ci riserviamo il diritto di adattare o aggiornare questa informativa sulla privacy, se necessario, in conformit\u00e0 con le normative sulla protezione dei dati applicabili. In questo modo, possiamo adattarla ai requisiti legali attuali e tenere conto delle modifiche ai nostri servizi, ad esempio quando introduciamo nuovi servizi. Per la tua visita si applica la versione pi\u00f9 recente.  <\/p>\n\n<p>Stato della presente informativa sulla privacy: 17.06.2025<\/p>\n","protected":false},"excerpt":{"rendered":"<p>Introduzione e informazioni generali.Grazie mille per l&#8217;interesse nel nostro sito web. La protezione dei tuoi dati personali ci sta davvero a cuore. Qui sotto troverai le info su come gestiamo i dati che raccogliamo quando usi il nostro sito. Trattiamo i tuoi dati seguendo le regole di legge sulla privacy. Responsabile ai sensi del GDPRAziendaCarola [&hellip;]<\/p>\n","protected":false},"author":1,"featured_media":0,"parent":0,"menu_order":0,"comment_status":"closed","ping_status":"closed","template":"template-wider-page.php","meta":{"om_disable_all_campaigns":false,"inline_featured_image":false,"_monsterinsights_skip_tracking":false,"_monsterinsights_sitenote_active":false,"_monsterinsights_sitenote_note":"","_monsterinsights_sitenote_category":0,"footnotes":""},"class_list":["post-5761","page","type-page","status-publish","hentry"],"aioseo_notices":[],"_links":{"self":[{"href":"https:\/\/www.ferienwohnung-italien-apulien-salento-parabita.de\/it\/wp-json\/wp\/v2\/pages\/5761","targetHints":{"allow":["GET"]}}],"collection":[{"href":"https:\/\/www.ferienwohnung-italien-apulien-salento-parabita.de\/it\/wp-json\/wp\/v2\/pages"}],"about":[{"href":"https:\/\/www.ferienwohnung-italien-apulien-salento-parabita.de\/it\/wp-json\/wp\/v2\/types\/page"}],"author":[{"embeddable":true,"href":"https:\/\/www.ferienwohnung-italien-apulien-salento-parabita.de\/it\/wp-json\/wp\/v2\/users\/1"}],"replies":[{"embeddable":true,"href":"https:\/\/www.ferienwohnung-italien-apulien-salento-parabita.de\/it\/wp-json\/wp\/v2\/comments?post=5761"}],"version-history":[{"count":2,"href":"https:\/\/www.ferienwohnung-italien-apulien-salento-parabita.de\/it\/wp-json\/wp\/v2\/pages\/5761\/revisions"}],"predecessor-version":[{"id":6163,"href":"https:\/\/www.ferienwohnung-italien-apulien-salento-parabita.de\/it\/wp-json\/wp\/v2\/pages\/5761\/revisions\/6163"}],"wp:attachment":[{"href":"https:\/\/www.ferienwohnung-italien-apulien-salento-parabita.de\/it\/wp-json\/wp\/v2\/media?parent=5761"}],"curies":[{"name":"wp","href":"https:\/\/api.w.org\/{rel}","templated":true}]}}